{"id":696,"date":"2017-08-09T16:47:22","date_gmt":"2017-08-09T16:47:22","guid":{"rendered":"http:\/\/www.bertrandsourdais.com\/en\/?page_id=696"},"modified":"2019-09-02T14:09:03","modified_gmt":"2019-09-02T14:09:03","slug":"bodegas-antidoto","status":"publish","type":"page","link":"https:\/\/www.bertrandsourdais.com\/en\/bodegas-antidoto\/","title":{"rendered":"Bodegas Ant\u00eddoto"},"content":{"rendered":"<p><div class=\"fusion-fullwidth fullwidth-box fusion-builder-row-1 fusion-parallax-none nonhundred-percent-fullwidth non-hundred-percent-height-scrolling\" style=\"background-color: rgba(255,255,255,0);background-image: url(&quot;https:\/\/www.bertrandsourdais.com\/wp-content\/uploads\/2017\/03\/SLIDER-ANTIDOTO.jpg&quot;);background-position: center center;background-repeat: no-repeat;padding-top:50px;padding-right:30px;padding-bottom:20px;padding-left:30px;margin-bottom: 0px;margin-top: 0px;border-width: 0px 0px 0px 0px;border-color:#eae9e9;border-style:solid;-webkit-background-size:cover;-moz-background-size:cover;-o-background-size:cover;background-size:cover;\" ><div class=\"fusion-builder-row fusion-row\"><div class=\"fusion-layout-column fusion_builder_column fusion-builder-column-0 fusion_builder_column_1_1 1_1 fusion-one-full fusion-column-first fusion-column-last\" style=\"margin-top:0px;margin-bottom:20px;\"><div class=\"fusion-column-wrapper fusion-flex-column-wrapper-legacy\" style=\"background-position:left top;background-repeat:no-repeat;-webkit-background-size:cover;-moz-background-size:cover;-o-background-size:cover;background-size:cover;padding: 0px 0px 0px 0px;\"><style type=\"text\/css\"><\/style><div class=\"fusion-title title fusion-title-1 fusion-sep-none fusion-title-text fusion-title-size-one titulo-seccion-negativo\" style=\"margin-top:0px;margin-right:0px;margin-bottom:10px;margin-left:0px;\"><h1 class=\"title-heading-left fusion-responsive-typography-calculated\" style=\"margin:0;--fontSize:34;line-height:1.4;\">Bodegas Ant\u00eddoto<\/h1><\/div><div class=\"fusion-clearfix\"><\/div><\/div><\/div><div class=\"fusion-layout-column fusion_builder_column fusion-builder-column-1 fusion_builder_column_1_2 1_2 fusion-one-half fusion-column-first\" style=\"width:50%;width:calc(50% - ( ( 4% ) * 0.5 ) );margin-right: 4%;margin-top:0px;margin-bottom:20px;\"><div class=\"fusion-column-wrapper fusion-flex-column-wrapper-legacy\" style=\"background-position:left top;background-repeat:no-repeat;-webkit-background-size:cover;-moz-background-size:cover;-o-background-size:cover;background-size:cover;padding: 0px 0px 0px 0px;\"><div class=\"fusion-text fusion-text-1\"><p style=\"color: #ffffff; text-align: justify;\">Located in San Esteban of Gormaz (Soria), at the centre of a nucleus of villages such as Soto de San Esteban, Mi\u00f1o de San Esteban, Matanza, Vill\u00e1lvaro and Alcubilla de Marqu\u00e9s, to the south of the Duero river Duero, on sandy land with abundant pebbles.<\/p>\n<p style=\"color: #ffffff; text-align: justify;\">Their wines of come from the old Tinto Fino (tempranillo) vineyards, all subject to viticulture managed ecologically.<\/p>\n<\/div><div class=\"fusion-clearfix\"><\/div><\/div><\/div><div class=\"fusion-layout-column fusion_builder_column fusion-builder-column-2 fusion_builder_column_1_2 1_2 fusion-one-half fusion-column-last\" style=\"width:50%;width:calc(50% - ( ( 4% ) * 0.5 ) );margin-top:0px;margin-bottom:20px;\"><div class=\"fusion-column-wrapper fusion-flex-column-wrapper-legacy\" style=\"background-position:left top;background-repeat:no-repeat;-webkit-background-size:cover;-moz-background-size:cover;-o-background-size:cover;background-size:cover;padding: 0px 0px 0px 0px;\"><div class=\"fusion-clearfix\"><\/div><\/div><\/div><\/div><\/div><div class=\"fusion-fullwidth fullwidth-box fusion-builder-row-2 nonhundred-percent-fullwidth non-hundred-percent-height-scrolling\" style=\"background-color: rgba(255,255,255,0);background-position: center center;background-repeat: no-repeat;padding-top:60px;padding-right:0px;padding-bottom:20px;padding-left:0px;margin-bottom: 40px;margin-top: 0px;border-width: 0px 0px 0px 0px;border-color:#eae9e9;border-style:solid;\" ><div class=\"fusion-builder-row fusion-row\"><div class=\"fusion-layout-column fusion_builder_column fusion-builder-column-3 fusion_builder_column_1_1 1_1 fusion-one-full fusion-column-first fusion-column-last\" style=\"margin-top:0px;margin-bottom:20px;\"><div class=\"fusion-column-wrapper fusion-flex-column-wrapper-legacy\" style=\"background-position:left top;background-repeat:no-repeat;-webkit-background-size:cover;-moz-background-size:cover;-o-background-size:cover;background-size:cover;padding: 0px 0px 0px 0px;\"><div class=\"fusion-image-carousel fusion-image-carousel-auto fusion-image-carousel-1 fusion-carousel-border\"><div class=\"fusion-carousel\" data-autoplay=\"yes\" data-columns=\"1\" data-itemmargin=\"13\" data-itemwidth=\"180\" data-touchscroll=\"no\" data-imagesize=\"auto\"><div class=\"fusion-carousel-positioner\"><ul class=\"fusion-carousel-holder\"><li class=\"fusion-carousel-item\"><div class=\"fusion-carousel-item-wrapper\"><div class=\"fusion-image-wrapper hover-type-none\"><img decoding=\"async\" width=\"1100\" height=\"733\" src=\"https:\/\/www.bertrandsourdais.com\/wp-content\/uploads\/2017\/06\/pase-antidoto-1.jpg\" class=\"attachment-full size-full\" alt=\"\" srcset=\"https:\/\/www.bertrandsourdais.com\/wp-content\/uploads\/2017\/06\/pase-antidoto-1-200x133.jpg 200w, https:\/\/www.bertrandsourdais.com\/wp-content\/uploads\/2017\/06\/pase-antidoto-1-300x200.jpg 300w, https:\/\/www.bertrandsourdais.com\/wp-content\/uploads\/2017\/06\/pase-antidoto-1-400x267.jpg 400w, https:\/\/www.bertrandsourdais.com\/wp-content\/uploads\/2017\/06\/pase-antidoto-1-600x400.jpg 600w, https:\/\/www.bertrandsourdais.com\/wp-content\/uploads\/2017\/06\/pase-antidoto-1-768x512.jpg 768w, https:\/\/www.bertrandsourdais.com\/wp-content\/uploads\/2017\/06\/pase-antidoto-1-800x533.jpg 800w, https:\/\/www.bertrandsourdais.com\/wp-content\/uploads\/2017\/06\/pase-antidoto-1-1024x682.jpg 1024w, https:\/\/www.bertrandsourdais.com\/wp-content\/uploads\/2017\/06\/pase-antidoto-1.jpg 1100w\" sizes=\"(max-width: 1100px) 100vw, 1100px\" \/><\/div><\/div><\/li><li class=\"fusion-carousel-item\"><div class=\"fusion-carousel-item-wrapper\"><div class=\"fusion-image-wrapper hover-type-none\"><img decoding=\"async\" width=\"1100\" height=\"733\" src=\"https:\/\/www.bertrandsourdais.com\/wp-content\/uploads\/2017\/03\/pase-antidoto-2.jpg\" class=\"attachment-full size-full\" alt=\"\" srcset=\"https:\/\/www.bertrandsourdais.com\/wp-content\/uploads\/2017\/03\/pase-antidoto-2-200x133.jpg 200w, https:\/\/www.bertrandsourdais.com\/wp-content\/uploads\/2017\/03\/pase-antidoto-2-300x200.jpg 300w, https:\/\/www.bertrandsourdais.com\/wp-content\/uploads\/2017\/03\/pase-antidoto-2-400x267.jpg 400w, https:\/\/www.bertrandsourdais.com\/wp-content\/uploads\/2017\/03\/pase-antidoto-2-600x400.jpg 600w, https:\/\/www.bertrandsourdais.com\/wp-content\/uploads\/2017\/03\/pase-antidoto-2-768x512.jpg 768w, https:\/\/www.bertrandsourdais.com\/wp-content\/uploads\/2017\/03\/pase-antidoto-2-800x533.jpg 800w, https:\/\/www.bertrandsourdais.com\/wp-content\/uploads\/2017\/03\/pase-antidoto-2-1024x682.jpg 1024w, https:\/\/www.bertrandsourdais.com\/wp-content\/uploads\/2017\/03\/pase-antidoto-2.jpg 1100w\" sizes=\"(max-width: 1100px) 100vw, 1100px\" \/><\/div><\/div><\/li><li class=\"fusion-carousel-item\"><div class=\"fusion-carousel-item-wrapper\"><div class=\"fusion-image-wrapper hover-type-none\"><img decoding=\"async\" width=\"1100\" height=\"733\" src=\"https:\/\/www.bertrandsourdais.com\/wp-content\/uploads\/2017\/06\/pase-antidoto-3.jpg\" class=\"attachment-full size-full\" alt=\"\" srcset=\"https:\/\/www.bertrandsourdais.com\/wp-content\/uploads\/2017\/06\/pase-antidoto-3-200x133.jpg 200w, https:\/\/www.bertrandsourdais.com\/wp-content\/uploads\/2017\/06\/pase-antidoto-3-300x200.jpg 300w, https:\/\/www.bertrandsourdais.com\/wp-content\/uploads\/2017\/06\/pase-antidoto-3-400x267.jpg 400w, https:\/\/www.bertrandsourdais.com\/wp-content\/uploads\/2017\/06\/pase-antidoto-3-600x400.jpg 600w, https:\/\/www.bertrandsourdais.com\/wp-content\/uploads\/2017\/06\/pase-antidoto-3-768x512.jpg 768w, https:\/\/www.bertrandsourdais.com\/wp-content\/uploads\/2017\/06\/pase-antidoto-3-800x533.jpg 800w, https:\/\/www.bertrandsourdais.com\/wp-content\/uploads\/2017\/06\/pase-antidoto-3-1024x682.jpg 1024w, https:\/\/www.bertrandsourdais.com\/wp-content\/uploads\/2017\/06\/pase-antidoto-3.jpg 1100w\" sizes=\"(max-width: 1100px) 100vw, 1100px\" \/><\/div><\/div><\/li><li class=\"fusion-carousel-item\"><div class=\"fusion-carousel-item-wrapper\"><div class=\"fusion-image-wrapper hover-type-none\"><img decoding=\"async\" width=\"1100\" height=\"733\" src=\"https:\/\/www.bertrandsourdais.com\/wp-content\/uploads\/2017\/06\/pase-antidoto-4.jpg\" class=\"attachment-full size-full\" alt=\"\" srcset=\"https:\/\/www.bertrandsourdais.com\/wp-content\/uploads\/2017\/06\/pase-antidoto-4-200x133.jpg 200w, https:\/\/www.bertrandsourdais.com\/wp-content\/uploads\/2017\/06\/pase-antidoto-4-300x200.jpg 300w, https:\/\/www.bertrandsourdais.com\/wp-content\/uploads\/2017\/06\/pase-antidoto-4-400x267.jpg 400w, https:\/\/www.bertrandsourdais.com\/wp-content\/uploads\/2017\/06\/pase-antidoto-4-600x400.jpg 600w, https:\/\/www.bertrandsourdais.com\/wp-content\/uploads\/2017\/06\/pase-antidoto-4-768x512.jpg 768w, https:\/\/www.bertrandsourdais.com\/wp-content\/uploads\/2017\/06\/pase-antidoto-4-800x533.jpg 800w, https:\/\/www.bertrandsourdais.com\/wp-content\/uploads\/2017\/06\/pase-antidoto-4-1024x682.jpg 1024w, https:\/\/www.bertrandsourdais.com\/wp-content\/uploads\/2017\/06\/pase-antidoto-4.jpg 1100w\" sizes=\"(max-width: 1100px) 100vw, 1100px\" \/><\/div><\/div><\/li><li class=\"fusion-carousel-item\"><div class=\"fusion-carousel-item-wrapper\"><div class=\"fusion-image-wrapper hover-type-none\"><img decoding=\"async\" width=\"1100\" height=\"733\" src=\"https:\/\/www.bertrandsourdais.com\/wp-content\/uploads\/2017\/03\/pase-antidoto-nueva-2019.jpg\" class=\"attachment-full size-full\" alt=\"\" srcset=\"https:\/\/www.bertrandsourdais.com\/wp-content\/uploads\/2017\/03\/pase-antidoto-nueva-2019-200x133.jpg 200w, https:\/\/www.bertrandsourdais.com\/wp-content\/uploads\/2017\/03\/pase-antidoto-nueva-2019-300x200.jpg 300w, https:\/\/www.bertrandsourdais.com\/wp-content\/uploads\/2017\/03\/pase-antidoto-nueva-2019-400x267.jpg 400w, https:\/\/www.bertrandsourdais.com\/wp-content\/uploads\/2017\/03\/pase-antidoto-nueva-2019-600x400.jpg 600w, https:\/\/www.bertrandsourdais.com\/wp-content\/uploads\/2017\/03\/pase-antidoto-nueva-2019-768x512.jpg 768w, https:\/\/www.bertrandsourdais.com\/wp-content\/uploads\/2017\/03\/pase-antidoto-nueva-2019-800x533.jpg 800w, https:\/\/www.bertrandsourdais.com\/wp-content\/uploads\/2017\/03\/pase-antidoto-nueva-2019-1024x682.jpg 1024w, https:\/\/www.bertrandsourdais.com\/wp-content\/uploads\/2017\/03\/pase-antidoto-nueva-2019.jpg 1100w\" sizes=\"(max-width: 1100px) 100vw, 1100px\" \/><\/div><\/div><\/li><\/ul><div class=\"fusion-carousel-nav\"><button class=\"fusion-nav-prev awb-icon-left\" aria-label=\"Previous\"><\/button><button class=\"fusion-nav-next awb-icon-right\" aria-label=\"Next\"><\/button><\/div><\/div><\/div><\/div><div class=\"fusion-clearfix\"><\/div><\/div><\/div><\/div><\/div><\/p>\n","protected":false},"excerpt":{"rendered":"","protected":false},"author":1,"featured_media":0,"parent":0,"menu_order":0,"comment_status":"closed","ping_status":"closed","template":"100-width.php","meta":{"footnotes":""},"class_list":["post-696","page","type-page","status-publish","hentry"],"_links":{"self":[{"href":"https:\/\/www.bertrandsourdais.com\/en\/wp-json\/wp\/v2\/pages\/696"}],"collection":[{"href":"https:\/\/www.bertrandsourdais.com\/en\/wp-json\/wp\/v2\/pages"}],"about":[{"href":"https:\/\/www.bertrandsourdais.com\/en\/wp-json\/wp\/v2\/types\/page"}],"author":[{"embeddable":true,"href":"https:\/\/www.bertrandsourdais.com\/en\/wp-json\/wp\/v2\/users\/1"}],"replies":[{"embeddable":true,"href":"https:\/\/www.bertrandsourdais.com\/en\/wp-json\/wp\/v2\/comments?post=696"}],"version-history":[{"count":2,"href":"https:\/\/www.bertrandsourdais.com\/en\/wp-json\/wp\/v2\/pages\/696\/revisions"}],"predecessor-version":[{"id":1090,"href":"https:\/\/www.bertrandsourdais.com\/en\/wp-json\/wp\/v2\/pages\/696\/revisions\/1090"}],"wp:attachment":[{"href":"https:\/\/www.bertrandsourdais.com\/en\/wp-json\/wp\/v2\/media?parent=696"}],"curies":[{"name":"wp","href":"https:\/\/api.w.org\/{rel}","templated":true}]}}