{"id":1316,"date":"2019-10-18T07:47:06","date_gmt":"2019-10-18T07:47:06","guid":{"rendered":"http:\/\/www.bertrandsourdais.com\/fr\/?page_id=1316"},"modified":"2019-10-31T08:41:46","modified_gmt":"2019-10-31T08:41:46","slug":"la-croix-boissee","status":"publish","type":"page","link":"https:\/\/www.bertrandsourdais.com\/fr\/domaine-de-pallus\/les-vins\/la-croix-boissee\/","title":{"rendered":"La Croix Boiss\u00e9e"},"content":{"rendered":"<div class=\"fusion-fullwidth fullwidth-box fusion-builder-row-1 nonhundred-percent-fullwidth non-hundred-percent-height-scrolling\" style=\"background-color: rgba(255,255,255,0);background-position: center center;background-repeat: no-repeat;padding-top:20px;padding-right:0px;padding-bottom:20px;padding-left:0px;margin-bottom: 30px;margin-top: 20px;border-width: 0px 0px 0px 0px;border-color:#eae9e9;border-style:solid;\" ><div class=\"fusion-builder-row fusion-row\"><div class=\"fusion-layout-column fusion_builder_column fusion-builder-column-0 fusion_builder_column_1_3 1_3 fusion-one-third fusion-column-first\" style=\"width:33.333333333333%;width:calc(33.333333333333% - ( ( 4% ) * 0.33333333333333 ) );margin-right: 4%;margin-top:0px;margin-bottom:20px;\"><div class=\"fusion-column-wrapper fusion-flex-column-wrapper-legacy\" style=\"background-position:left top;background-repeat:no-repeat;-webkit-background-size:cover;-moz-background-size:cover;-o-background-size:cover;background-size:cover;padding: 0px 0px 0px 0px;\"><div class=\"imageframe-align-center\"><span class=\" fusion-imageframe imageframe-none imageframe-1 hover-type-none\"><a href=\"https:\/\/www.bertrandsourdais.com\/wp-content\/uploads\/2019\/10\/la-croix-baissee.png\" class=\"fusion-lightbox\" data-rel=\"iLightbox[1117aa59d75e915b00c]\" data-title=\"La Croix Boiss\u00e9e\" title=\"La Croix Boiss\u00e9e\"><img decoding=\"async\" width=\"546\" height=\"1145\" src=\"https:\/\/www.bertrandsourdais.com\/wp-content\/uploads\/2019\/10\/la-croix-baissee.png\" alt class=\"img-responsive wp-image-2631\" srcset=\"https:\/\/www.bertrandsourdais.com\/wp-content\/uploads\/2019\/10\/la-croix-baissee-200x419.png 200w, https:\/\/www.bertrandsourdais.com\/wp-content\/uploads\/2019\/10\/la-croix-baissee-400x839.png 400w, https:\/\/www.bertrandsourdais.com\/wp-content\/uploads\/2019\/10\/la-croix-baissee.png 546w\" sizes=\"(max-width: 800px) 100vw, 400px\" \/><\/a><\/span><\/div><div class=\"fusion-clearfix\"><\/div><\/div><\/div><div class=\"fusion-layout-column fusion_builder_column fusion-builder-column-1 fusion_builder_column_2_3 2_3 fusion-two-third fusion-column-last estilo-pallus\" style=\"width:66.666666666667%;width:calc(66.666666666667% - ( ( 4% ) * 0.66666666666667 ) );margin-top:20px;margin-bottom:20px;\"><div class=\"fusion-column-wrapper fusion-flex-column-wrapper-legacy\" style=\"background-position:left top;background-repeat:no-repeat;-webkit-background-size:cover;-moz-background-size:cover;-o-background-size:cover;background-size:cover;padding: 0px 0px 0px 0px;\"><style type=\"text\/css\"><\/style><div class=\"fusion-title title fusion-title-1 fusion-sep-none fusion-title-text fusion-title-size-one titulo-ficha-vino-domaine-pallus\" style=\"margin-top:0px;margin-right:0px;margin-bottom:10px;margin-left:0px;\"><h1 class=\"title-heading-left fusion-responsive-typography-calculated\" style=\"margin:0;--fontSize:34;line-height:1.4;\">La Croix Boiss\u00e9e<\/h1><\/div><div class=\"fusion-text fusion-text-1\"><p><strong>L\u2019intensit\u00e9 de l\u2019ain\u00e9.<\/strong><\/p>\n<p>La croix boiss\u00e9e est une parcelle au caract\u00e8re authentique.<\/p>\n<p>Vieilles vignes, plant\u00e9es en 1974, elle est situ\u00e9es sur la meilleure pente du coteau de Cravant et expos\u00e9es id\u00e9alement plein sud. C\u2019est un tr\u00e9sor pour les vins de Chinon.<\/p>\n<p>En surface, le sol sablo argileux donne cette attaque soyeuse et gracieuse au vin, puis plus en profondeur on retrouve le calcaire, roche m\u00e8re du pays, qui am\u00e8ne\u00a0 son cot\u00e9 fauve et prodigieux.<\/p>\n<p>En prenant compte du caract\u00e8re dominant du calcaire, Bertrand Sourdais\u00a0 harmonise le sol au c\u00e9page \u00e0 chaque mill\u00e9sime pour en faire un des grands crus du domaine.<\/p>\n<p>Les grappes de cabernet franc nourris par ce terroir incomparable ainsi que l\u2019\u00e9levage d\u00e9licat de dix huit mois apportent un ar\u00f4me dense de fruits rouges, et une intensit\u00e9 min\u00e9rale\u00a0 gr\u00e2ce au tuffeau.<\/p>\n<p>Grande soeur des\u00a0\u00ab\u00a0Pens\u00e9es\u00a0\u00bb, \u00ab\u00a0la Croix Boiss\u00e9e\u00a0\u00bb b\u00e9n\u00e9ficie d\u2019une haute qualit\u00e9 de terroir et d\u2019un\u00a0 patrimoine singulier. Elle est incontestablement le joyau du Domaine de Pallus!<\/p>\n<p><strong style=\"font-weight: bold;\">Fiche technique:<\/strong><\/p>\n<p>Vigne de la commune de Cravant les Coteaux<br \/>\nC\u00e9page: cabernet franc (s\u00e9lection massale)<br \/>\nParcelle de 0,51 ha sur coteaux prononc\u00e9, plant\u00e9e en 1974 expos\u00e9e sud<br \/>\nDensit\u00e9 de plantation: 5000 ceps\/ha<br \/>\nSols: argile sur dalle calcaire<br \/>\nCulture: biodynamie<br \/>\nRendement moyen: 30hl\/ hectare<br \/>\nvinification individuellement en cuve bois ouverte de 30hl 100% \u00e9rafl\u00e9<br \/>\nCuvaison de 18 \u00e0 25 jours<br \/>\nElevage de 18 mois en fut bourguignon.<\/p>\n<\/div><div class=\"fusion-clearfix\"><\/div><\/div><\/div><\/div><\/div>\n","protected":false},"excerpt":{"rendered":"","protected":false},"author":1,"featured_media":0,"parent":1295,"menu_order":0,"comment_status":"closed","ping_status":"closed","template":"","meta":{"footnotes":""},"class_list":["post-1316","page","type-page","status-publish","hentry"],"_links":{"self":[{"href":"https:\/\/www.bertrandsourdais.com\/fr\/wp-json\/wp\/v2\/pages\/1316"}],"collection":[{"href":"https:\/\/www.bertrandsourdais.com\/fr\/wp-json\/wp\/v2\/pages"}],"about":[{"href":"https:\/\/www.bertrandsourdais.com\/fr\/wp-json\/wp\/v2\/types\/page"}],"author":[{"embeddable":true,"href":"https:\/\/www.bertrandsourdais.com\/fr\/wp-json\/wp\/v2\/users\/1"}],"replies":[{"embeddable":true,"href":"https:\/\/www.bertrandsourdais.com\/fr\/wp-json\/wp\/v2\/comments?post=1316"}],"version-history":[{"count":4,"href":"https:\/\/www.bertrandsourdais.com\/fr\/wp-json\/wp\/v2\/pages\/1316\/revisions"}],"predecessor-version":[{"id":1602,"href":"https:\/\/www.bertrandsourdais.com\/fr\/wp-json\/wp\/v2\/pages\/1316\/revisions\/1602"}],"up":[{"embeddable":true,"href":"https:\/\/www.bertrandsourdais.com\/fr\/wp-json\/wp\/v2\/pages\/1295"}],"wp:attachment":[{"href":"https:\/\/www.bertrandsourdais.com\/fr\/wp-json\/wp\/v2\/media?parent=1316"}],"curies":[{"name":"wp","href":"https:\/\/api.w.org\/{rel}","templated":true}]}}