{"id":1321,"date":"2019-10-18T07:52:24","date_gmt":"2019-10-18T07:52:24","guid":{"rendered":"http:\/\/www.bertrandsourdais.com\/fr\/?page_id=1321"},"modified":"2019-10-31T08:43:29","modified_gmt":"2019-10-31T08:43:29","slug":"le-coq-de-pallus","status":"publish","type":"page","link":"https:\/\/www.bertrandsourdais.com\/fr\/domaine-de-pallus\/les-vins\/le-coq-de-pallus\/","title":{"rendered":"Le Coq de Pallus"},"content":{"rendered":"<div class=\"fusion-fullwidth fullwidth-box fusion-builder-row-1 nonhundred-percent-fullwidth non-hundred-percent-height-scrolling\" style=\"background-color: rgba(255,255,255,0);background-position: center center;background-repeat: no-repeat;padding-top:20px;padding-right:0px;padding-bottom:20px;padding-left:0px;margin-bottom: 30px;margin-top: 20px;border-width: 0px 0px 0px 0px;border-color:#eae9e9;border-style:solid;\" ><div class=\"fusion-builder-row fusion-row\"><div class=\"fusion-layout-column fusion_builder_column fusion-builder-column-0 fusion_builder_column_1_3 1_3 fusion-one-third fusion-column-first\" style=\"width:33.333333333333%;width:calc(33.333333333333% - ( ( 4% ) * 0.33333333333333 ) );margin-right: 4%;margin-top:0px;margin-bottom:20px;\"><div class=\"fusion-column-wrapper fusion-flex-column-wrapper-legacy\" style=\"background-position:left top;background-repeat:no-repeat;-webkit-background-size:cover;-moz-background-size:cover;-o-background-size:cover;background-size:cover;padding: 0px 0px 0px 0px;\"><div class=\"imageframe-align-center\"><span class=\" fusion-imageframe imageframe-none imageframe-1 hover-type-none\"><a href=\"https:\/\/www.bertrandsourdais.com\/wp-content\/uploads\/2019\/10\/le-coq-de-pallus.png\" class=\"fusion-lightbox\" data-rel=\"iLightbox[857e9d0d588e90455f6]\" data-title=\"Le Coq de Pallus\" title=\"Le Coq de Pallus\"><img decoding=\"async\" width=\"546\" height=\"1145\" src=\"https:\/\/www.bertrandsourdais.com\/wp-content\/uploads\/2019\/10\/le-coq-de-pallus.png\" alt class=\"img-responsive wp-image-2629\" srcset=\"https:\/\/www.bertrandsourdais.com\/wp-content\/uploads\/2019\/10\/le-coq-de-pallus-200x419.png 200w, https:\/\/www.bertrandsourdais.com\/wp-content\/uploads\/2019\/10\/le-coq-de-pallus-400x839.png 400w, https:\/\/www.bertrandsourdais.com\/wp-content\/uploads\/2019\/10\/le-coq-de-pallus.png 546w\" sizes=\"(max-width: 800px) 100vw, 400px\" \/><\/a><\/span><\/div><div class=\"fusion-clearfix\"><\/div><\/div><\/div><div class=\"fusion-layout-column fusion_builder_column fusion-builder-column-1 fusion_builder_column_2_3 2_3 fusion-two-third fusion-column-last estilo-pallus\" style=\"width:66.666666666667%;width:calc(66.666666666667% - ( ( 4% ) * 0.66666666666667 ) );margin-top:20px;margin-bottom:20px;\"><div class=\"fusion-column-wrapper fusion-flex-column-wrapper-legacy\" style=\"background-position:left top;background-repeat:no-repeat;-webkit-background-size:cover;-moz-background-size:cover;-o-background-size:cover;background-size:cover;padding: 0px 0px 0px 0px;\"><style type=\"text\/css\"><\/style><div class=\"fusion-title title fusion-title-1 fusion-sep-none fusion-title-text fusion-title-size-one titulo-ficha-vino-domaine-pallus\" style=\"margin-top:0px;margin-right:0px;margin-bottom:10px;margin-left:0px;\"><h1 class=\"title-heading-left fusion-responsive-typography-calculated\" style=\"margin:0;--fontSize:34;line-height:1.4;\">Le Coq de Pallus<\/h1><\/div><div class=\"fusion-text fusion-text-1\"><p><strong>Quand le Chinon s\u2019habille en Blanc.<\/strong><\/p>\n<p>Lorsque l\u2019on pense au grand vin blanc du val de Loire, on pense \u00e0 Montlouis, Savenierres, vouvray ou encore Coteau du Layon et d\u00e9sormais Chinon.<\/p>\n<p>Le Coq de Pallus est issus des ce m\u00eame c\u00e9page remarquable, le Chenin blanc.<\/p>\n<p>Seulement 33 ares en 1990 pour cette cuv\u00e9e rare.<\/p>\n<p>l\u2019excellence ne viens pas seulement de la raret\u00e9 de la vigne mais de l\u2019implantation exact ou le Chenin d\u00e9voile tous ses ar\u00f4mes.<\/p>\n<p>La parcelle quasi unique sable sur argile en milieu de coteau lui donne sa structure propre.<\/p>\n<p>Un ar\u00f4me \u00ab\u00a0ch\u00e2telin\u00a0\u00bb par le sable et une tendresse en bouche par l\u2019argile sans la moindre acidit\u00e9.<\/p>\n<p>Bertrand Sourdais en travaillant pr\u00e9cis\u00e9ment sur le c\u00e9page et le terroir de ses parcelles a fait du \u00ab\u00a0Coq de Pallus\u00a0\u00bb un grand Chinon blanc de garde.<\/p>\n<p><strong style=\"font-weight: bold;\">Fiche technique:<\/strong><\/p>\n<p>Vigne de la commune de Cravant les Coteaux<br \/>\nParcelle de vigne : terrasse de mi-coteaux sur le lieu-dit \u00ab Pallus \u00bb<br \/>\nSols: sable sur argile<br \/>\nCulture : biodynamie<br \/>\nTaille en gobelet<br \/>\nPressage grappes enti\u00e8res et mise en barrique directement pour une fermentation de 3 mois<br \/>\nMise en bouteille l\u2019ann\u00e9e suivante apr\u00e8s 9 mois d&rsquo;\u00e9levage (entre 500 et 800 bouteilles)<\/p>\n<\/div><div class=\"fusion-clearfix\"><\/div><\/div><\/div><\/div><\/div>\n","protected":false},"excerpt":{"rendered":"","protected":false},"author":1,"featured_media":0,"parent":1295,"menu_order":0,"comment_status":"closed","ping_status":"closed","template":"","meta":{"footnotes":""},"class_list":["post-1321","page","type-page","status-publish","hentry"],"_links":{"self":[{"href":"https:\/\/www.bertrandsourdais.com\/fr\/wp-json\/wp\/v2\/pages\/1321"}],"collection":[{"href":"https:\/\/www.bertrandsourdais.com\/fr\/wp-json\/wp\/v2\/pages"}],"about":[{"href":"https:\/\/www.bertrandsourdais.com\/fr\/wp-json\/wp\/v2\/types\/page"}],"author":[{"embeddable":true,"href":"https:\/\/www.bertrandsourdais.com\/fr\/wp-json\/wp\/v2\/users\/1"}],"replies":[{"embeddable":true,"href":"https:\/\/www.bertrandsourdais.com\/fr\/wp-json\/wp\/v2\/comments?post=1321"}],"version-history":[{"count":4,"href":"https:\/\/www.bertrandsourdais.com\/fr\/wp-json\/wp\/v2\/pages\/1321\/revisions"}],"predecessor-version":[{"id":1608,"href":"https:\/\/www.bertrandsourdais.com\/fr\/wp-json\/wp\/v2\/pages\/1321\/revisions\/1608"}],"up":[{"embeddable":true,"href":"https:\/\/www.bertrandsourdais.com\/fr\/wp-json\/wp\/v2\/pages\/1295"}],"wp:attachment":[{"href":"https:\/\/www.bertrandsourdais.com\/fr\/wp-json\/wp\/v2\/media?parent=1321"}],"curies":[{"name":"wp","href":"https:\/\/api.w.org\/{rel}","templated":true}]}}