{"id":1374,"date":"2019-10-21T07:00:28","date_gmt":"2019-10-21T07:00:28","guid":{"rendered":"http:\/\/www.bertrandsourdais.com\/fr\/?page_id=1374"},"modified":"2019-10-21T07:04:40","modified_gmt":"2019-10-21T07:04:40","slug":"histoire","status":"publish","type":"page","link":"https:\/\/www.bertrandsourdais.com\/fr\/domaine-de-pallus\/histoire\/","title":{"rendered":"Histoire"},"content":{"rendered":"<p><div class=\"fusion-fullwidth fullwidth-box fusion-builder-row-1 nonhundred-percent-fullwidth non-hundred-percent-height-scrolling\" style=\"background-color: rgba(255,255,255,0);background-position: center center;background-repeat: no-repeat;padding-top:0px;padding-right:0px;padding-bottom:0px;padding-left:0px;margin-bottom: 50px;margin-top: 50px;border-width: 0px 0px 0px 0px;border-color:#eae9e9;border-style:solid;\" ><div class=\"fusion-builder-row fusion-row\"><div class=\"fusion-layout-column fusion_builder_column fusion-builder-column-0 fusion_builder_column_1_1 1_1 fusion-one-full fusion-column-first fusion-column-last estilo-pallus\" style=\"margin-top:0px;margin-bottom:20px;\"><div class=\"fusion-column-wrapper fusion-flex-column-wrapper-legacy\" style=\"background-position:left top;background-repeat:no-repeat;-webkit-background-size:cover;-moz-background-size:cover;-o-background-size:cover;background-size:cover;padding: 0px 0px 0px 0px;\"><div class=\"fusion-text fusion-text-1\"><p>Apr\u00e8s cinq g\u00e9n\u00e9rations, c\u2019est en 2005 que Bertrand Sourdais reprend la g\u00e9rance du Domaine de Pallus. Son exp\u00e9rience lui a permis de renouveler ces mill\u00e9simes dans une approche \u00e0 la fois contemporaine et authentique. Il fait \u00e9voluer le caract\u00e8re propre du terroir du domaine de Pallus ann\u00e9e apr\u00e8s ann\u00e9e.<\/p>\n<\/div><style type=\"text\/css\"><\/style><div class=\"fusion-title title fusion-title-1 fusion-sep-none fusion-title-center fusion-title-text fusion-title-size-one titulo-seccion-pallus\" style=\"margin-top:0px;margin-right:0px;margin-bottom:10px;margin-left:0px;\"><h1 class=\"title-heading-center fusion-responsive-typography-calculated\" style=\"margin:0;--fontSize:34;line-height:1.4;\">Histoire du Domaine<\/h1><\/div><div class=\"fusion-clearfix\"><\/div><\/div><\/div><div class=\"fusion-layout-column fusion_builder_column fusion-builder-column-1 fusion_builder_column_1_1 1_1 fusion-one-full fusion-column-first fusion-column-last\" style=\"margin-top:0px;margin-bottom:20px;\"><div class=\"fusion-column-wrapper fusion-flex-column-wrapper-legacy\" style=\"background-image: url(&#039;https:\/\/www.bertrandsourdais.com\/wp-content\/uploads\/2019\/09\/bg-mapa-domaine.jpg&#039;);background-position:center center;background-repeat:no-repeat;-webkit-background-size:cover;-moz-background-size:cover;-o-background-size:cover;background-size:cover;border:1px solid #444444;padding: 40px 30px 0px 30px;\" data-bg-url=\"https:\/\/www.bertrandsourdais.com\/wp-content\/uploads\/2019\/09\/bg-mapa-domaine.jpg\"><section id=\"Steps\" class=\"dp-steps-section\">\n\n    <div class=\"dp-steps-timeline\">\n\n      <div class=\"dp-steps-one\">\n        <div class=\"dp-steps-img\"><\/div>\n        <span class=\"dp-steps-name\">\n          1882\n        <\/span>\n        <p class=\"dp-steps-description\">\n          L'arri\u00e8re arri\u00e8re grand-p\u00e8re Joseph Moron devient fermier du domaine de Pallus\n        <\/p>\n      <\/div>\n\n      <div class=\"dp-steps-two\">\n        <div class=\"dp-steps-img\"><\/div>\n        <span class=\"dp-steps-name\">\n          1889\n        <\/span>\n        <p class=\"dp-steps-description\">\n           Achat du domaine par Joseph Moron \n        <\/p>\n      <\/div>\n\n      <div class=\"dp-steps-three\">\n        <div class=\"dp-steps-img\"><\/div>\n        <span class=\"dp-steps-name\">\n          1919\n        <\/span>\n        <p class=\"dp-steps-description\">\n           D\u00e9c\u00e8s de Joseph Moron et bail \u00e0 fruit du domaine \u00e0 J.Sigonneau\n        <\/p>\n      <\/div>\n\n      <div class=\"dp-steps-four\">\n        <div class=\"dp-steps-img\"><\/div>\n        <span class=\"dp-steps-name\">\n          1950\n        <\/span>\n        <p class=\"dp-steps-description\">\n           Reprise du domaine par Cl\u00e9mentine Moron \u00e9pouse Sourdais (fille de joseph et arri\u00e8re grand m\u00e8re de Bertrand)\n        <\/p>\n      <\/div>\n\n      <div class=\"dp-steps-five\">\n        <div class=\"dp-steps-img\"><\/div>\n        <span class=\"dp-steps-name\">\n          1959\n        <\/span>\n        <p class=\"dp-steps-description\">\n          D\u00e9c\u00e8s de Clementine et gestion assur\u00e9e par Raoul Sourdais son fils\n        <\/p>\n      <\/div>\n\n      <div class=\"dp-steps-six\">\n        <div class=\"dp-steps-img\"><\/div>\n        <span class=\"dp-steps-name\">\n          1960\n        <\/span>\n        <p class=\"dp-steps-description\">\n           Modernisation de domaine. nouveau puits, arriv\u00e9e du premier tracteur, retraite du cheval\n        <\/p>\n      <\/div>\n\n      <div class=\"dp-steps-seven\">\n        <div class=\"dp-steps-img\"><\/div>\n        <span class=\"dp-steps-name\">\n          1965\n        <\/span>\n        <p class=\"dp-steps-description\">\n           D\u00e9c\u00e8s de Raoul Sourdais gestion assur\u00e9e par Jean-Bernard Sourdais son fils, et p\u00e8re de Bertrand\n        <\/p>\n      <\/div>\n\n      <div class=\"dp-steps-eight\">\n        <div class=\"dp-steps-img\"><\/div>\n        <span class=\"dp-steps-name\">\n          1969\n        <\/span>\n        <p class=\"dp-steps-description\">\n           Premiere mise en bouteille au domaine\n        <\/p>\n      <\/div>\n\n      <div class=\"dp-steps-nine\">\n        <div class=\"dp-steps-img\"><\/div>\n        <span class=\"dp-steps-name\">\n          1991-1997\n        <\/span>\n        <p class=\"dp-steps-description\">\n           \u00c9tude de viticulture et oenologie de Bertrand\n        <\/p>\n      <\/div>\n\n      <div class=\"dp-steps-ten\">\n        <div class=\"dp-steps-img\"><\/div>\n        <span class=\"dp-steps-name\">\n          2005\n        <\/span>\n        <p class=\"dp-steps-description\">\n           G\u00e9rance du domaine par Bertrand Sourdais\n        <\/p>\n      <\/div>\n\n      <div class=\"dp-steps-eleven\">\n        <div class=\"dp-steps-img\"><\/div>\n        <span class=\"dp-steps-name\">\n          2009\n        <\/span>\n        <p class=\"dp-steps-description\">\n           Le domaine et en culture 100% biologique\n        <\/p>\n      <\/div>\n\n      <div class=\"dp-steps-twelve\">\n        <div class=\"dp-steps-img\"><\/div>\n        <span class=\"dp-steps-name\">\n          2013\n        <\/span>\n        <p class=\"dp-steps-description\">\n           R\u00e9volution des pens\u00e9es et vignification parcellaire\n        <\/p>\n      <\/div>\n\n      <div class=\"dp-steps-thirteen\">\n        <div class=\"dp-steps-img\"><\/div>\n        <span class=\"dp-steps-name\">\n          2015\n        <\/span>\n        <p class=\"dp-steps-description\">\n           Premier mill\u00e9simes des grands crus \u00ab\u00a0la Rougerie\u00a0\u00bb et \u00ab\u00a0la croix boiss\u00e9\u00a0\u00bb\n        <\/p>\n      <\/div>\n\n    <\/div><!-- \/.steps-timeline -->\n\n  <\/section><div class=\"fusion-clearfix\"><\/div><\/div><\/div><\/div><\/div><div class=\"fusion-fullwidth fullwidth-box fusion-builder-row-2 hundred-percent-fullwidth non-hundred-percent-height-scrolling\" style=\"background-color: rgba(255,255,255,0);background-position: center center;background-repeat: no-repeat;padding-top:0px;padding-right:0px;padding-bottom:0px;padding-left:0px;margin-bottom: 0px;margin-top: 0px;border-width: 0px 0px 0px 0px;border-color:#eae9e9;border-style:solid;\" ><div class=\"fusion-builder-row fusion-row\"><div class=\"fusion-layout-column fusion_builder_column fusion-builder-column-2 fusion_builder_column_1_1 1_1 fusion-one-full fusion-column-first fusion-column-last\" style=\"margin-top:0px;margin-bottom:0px;\"><div class=\"fusion-column-wrapper fusion-flex-column-wrapper-legacy\" style=\"background-position:left top;background-repeat:no-repeat;-webkit-background-size:cover;-moz-background-size:cover;-o-background-size:cover;background-size:cover;padding: 0px 0px 0px 0px;\"><span class=\" fusion-imageframe imageframe-none imageframe-1 hover-type-none\"><img decoding=\"async\" width=\"1920\" height=\"1280\" title=\"Domaine de Pallus\" src=\"https:\/\/www.bertrandsourdais.com\/wp-content\/uploads\/2019\/09\/imagen-historia-domaine.jpg\" alt class=\"img-responsive wp-image-2601\" srcset=\"https:\/\/www.bertrandsourdais.com\/wp-content\/uploads\/2019\/09\/imagen-historia-domaine-200x133.jpg 200w, https:\/\/www.bertrandsourdais.com\/wp-content\/uploads\/2019\/09\/imagen-historia-domaine-400x267.jpg 400w, https:\/\/www.bertrandsourdais.com\/wp-content\/uploads\/2019\/09\/imagen-historia-domaine-600x400.jpg 600w, https:\/\/www.bertrandsourdais.com\/wp-content\/uploads\/2019\/09\/imagen-historia-domaine-800x533.jpg 800w, https:\/\/www.bertrandsourdais.com\/wp-content\/uploads\/2019\/09\/imagen-historia-domaine-1200x800.jpg 1200w, https:\/\/www.bertrandsourdais.com\/wp-content\/uploads\/2019\/09\/imagen-historia-domaine.jpg 1920w\" sizes=\"(max-width: 800px) 100vw, 1200px\" \/><\/span><div class=\"fusion-clearfix\"><\/div><\/div><\/div><\/div><\/div><\/p>\n","protected":false},"excerpt":{"rendered":"","protected":false},"author":1,"featured_media":0,"parent":1511,"menu_order":0,"comment_status":"closed","ping_status":"closed","template":"100-width.php","meta":{"footnotes":""},"class_list":["post-1374","page","type-page","status-publish","hentry"],"_links":{"self":[{"href":"https:\/\/www.bertrandsourdais.com\/fr\/wp-json\/wp\/v2\/pages\/1374"}],"collection":[{"href":"https:\/\/www.bertrandsourdais.com\/fr\/wp-json\/wp\/v2\/pages"}],"about":[{"href":"https:\/\/www.bertrandsourdais.com\/fr\/wp-json\/wp\/v2\/types\/page"}],"author":[{"embeddable":true,"href":"https:\/\/www.bertrandsourdais.com\/fr\/wp-json\/wp\/v2\/users\/1"}],"replies":[{"embeddable":true,"href":"https:\/\/www.bertrandsourdais.com\/fr\/wp-json\/wp\/v2\/comments?post=1374"}],"version-history":[{"count":4,"href":"https:\/\/www.bertrandsourdais.com\/fr\/wp-json\/wp\/v2\/pages\/1374\/revisions"}],"predecessor-version":[{"id":1378,"href":"https:\/\/www.bertrandsourdais.com\/fr\/wp-json\/wp\/v2\/pages\/1374\/revisions\/1378"}],"up":[{"embeddable":true,"href":"https:\/\/www.bertrandsourdais.com\/fr\/wp-json\/wp\/v2\/pages\/1511"}],"wp:attachment":[{"href":"https:\/\/www.bertrandsourdais.com\/fr\/wp-json\/wp\/v2\/media?parent=1374"}],"curies":[{"name":"wp","href":"https:\/\/api.w.org\/{rel}","templated":true}]}}