{"id":1380,"date":"2019-10-21T07:21:44","date_gmt":"2019-10-21T07:21:44","guid":{"rendered":"http:\/\/www.bertrandsourdais.com\/fr\/?page_id=1380"},"modified":"2019-10-21T07:32:37","modified_gmt":"2019-10-21T07:32:37","slug":"carte-des-terroirs","status":"publish","type":"page","link":"https:\/\/www.bertrandsourdais.com\/fr\/domaine-de-pallus\/carte-des-terroirs\/","title":{"rendered":"Carte des terroirs"},"content":{"rendered":"<div class=\"fusion-fullwidth fullwidth-box fusion-builder-row-1 nonhundred-percent-fullwidth non-hundred-percent-height-scrolling\" style=\"background-color: rgba(255,255,255,0);background-position: center center;background-repeat: no-repeat;padding-top:0px;padding-right:0px;padding-bottom:0px;padding-left:0px;margin-bottom: 50px;margin-top: 35px;border-width: 0px 0px 0px 0px;border-color:#eae9e9;border-style:solid;\" ><div class=\"fusion-builder-row fusion-row\"><div class=\"fusion-layout-column fusion_builder_column fusion-builder-column-0 fusion_builder_column_1_1 1_1 fusion-one-full fusion-column-first fusion-column-last estilo-pallus\" style=\"margin-top:0px;margin-bottom:20px;\"><div class=\"fusion-column-wrapper fusion-flex-column-wrapper-legacy\" style=\"background-position:left top;background-repeat:no-repeat;-webkit-background-size:cover;-moz-background-size:cover;-o-background-size:cover;background-size:cover;padding: 0px 0px 0px 0px;\"><style type=\"text\/css\"><\/style><div class=\"fusion-title title fusion-title-1 fusion-sep-none fusion-title-center fusion-title-text fusion-title-size-one titulo-seccion-pallus\" style=\"margin-top:0px;margin-right:0px;margin-bottom:30px;margin-left:0px;\"><h1 class=\"title-heading-center fusion-responsive-typography-calculated\" style=\"margin:0;--fontSize:34;line-height:1.4;\">Relation parcelles &#8211; sols des crus du Domaine de Pallus<\/h1><\/div><div class=\"fusion-text fusion-text-1\"><p>Le domaine de Pallus jouit d\u2019une situation unique sur l\u2019 appellation Chinon. En effet, il est entour\u00e9 de ses vignes, en plein coteau. Chaque types de sol produira une cuv\u00e9e caract\u00e9ristique.<\/p>\n<\/div><div class=\"fusion-sep-clear\"><\/div><div class=\"fusion-separator fusion-full-width-sep\" style=\"margin-left: auto;margin-right: auto;margin-top:10px;margin-bottom:10px;width:100%;\"><\/div><div class=\"fusion-sep-clear\"><\/div><div class=\"imageframe-align-center\"><span class=\" fusion-imageframe imageframe-none imageframe-1 hover-type-none\"><a href=\"https:\/\/www.bertrandsourdais.com\/wp-content\/uploads\/2019\/10\/plano-suelos-fr.jpg\" class=\"fusion-lightbox\" data-rel=\"iLightbox[5b599f7548d2b51bb44]\" data-title=\"Carte des terroirs\" title=\"Carte des terroirs\"><img decoding=\"async\" width=\"1340\" height=\"820\" src=\"https:\/\/www.bertrandsourdais.com\/wp-content\/uploads\/2019\/10\/plano-suelos-fr.jpg\" alt class=\"img-responsive wp-image-2645\" srcset=\"https:\/\/www.bertrandsourdais.com\/wp-content\/uploads\/2019\/10\/plano-suelos-fr-200x122.jpg 200w, https:\/\/www.bertrandsourdais.com\/wp-content\/uploads\/2019\/10\/plano-suelos-fr-400x245.jpg 400w, https:\/\/www.bertrandsourdais.com\/wp-content\/uploads\/2019\/10\/plano-suelos-fr-600x367.jpg 600w, https:\/\/www.bertrandsourdais.com\/wp-content\/uploads\/2019\/10\/plano-suelos-fr-800x490.jpg 800w, https:\/\/www.bertrandsourdais.com\/wp-content\/uploads\/2019\/10\/plano-suelos-fr-1200x734.jpg 1200w, https:\/\/www.bertrandsourdais.com\/wp-content\/uploads\/2019\/10\/plano-suelos-fr.jpg 1340w\" sizes=\"(max-width: 800px) 100vw, 1200px\" \/><\/a><\/span><\/div><div class=\"fusion-clearfix\"><\/div><\/div><\/div><\/div><\/div>\n","protected":false},"excerpt":{"rendered":"","protected":false},"author":1,"featured_media":0,"parent":1511,"menu_order":0,"comment_status":"closed","ping_status":"closed","template":"","meta":{"footnotes":""},"class_list":["post-1380","page","type-page","status-publish","hentry"],"_links":{"self":[{"href":"https:\/\/www.bertrandsourdais.com\/fr\/wp-json\/wp\/v2\/pages\/1380"}],"collection":[{"href":"https:\/\/www.bertrandsourdais.com\/fr\/wp-json\/wp\/v2\/pages"}],"about":[{"href":"https:\/\/www.bertrandsourdais.com\/fr\/wp-json\/wp\/v2\/types\/page"}],"author":[{"embeddable":true,"href":"https:\/\/www.bertrandsourdais.com\/fr\/wp-json\/wp\/v2\/users\/1"}],"replies":[{"embeddable":true,"href":"https:\/\/www.bertrandsourdais.com\/fr\/wp-json\/wp\/v2\/comments?post=1380"}],"version-history":[{"count":2,"href":"https:\/\/www.bertrandsourdais.com\/fr\/wp-json\/wp\/v2\/pages\/1380\/revisions"}],"predecessor-version":[{"id":1383,"href":"https:\/\/www.bertrandsourdais.com\/fr\/wp-json\/wp\/v2\/pages\/1380\/revisions\/1383"}],"up":[{"embeddable":true,"href":"https:\/\/www.bertrandsourdais.com\/fr\/wp-json\/wp\/v2\/pages\/1511"}],"wp:attachment":[{"href":"https:\/\/www.bertrandsourdais.com\/fr\/wp-json\/wp\/v2\/media?parent=1380"}],"curies":[{"name":"wp","href":"https:\/\/api.w.org\/{rel}","templated":true}]}}