{"id":1749,"date":"2020-08-31T09:01:18","date_gmt":"2020-08-31T09:01:18","guid":{"rendered":"http:\/\/www.bertrandsourdais.com\/fr\/?page_id=1749"},"modified":"2020-09-03T08:06:35","modified_gmt":"2020-09-03T08:06:35","slug":"soria-fraiche-et-extreme","status":"publish","type":"page","link":"https:\/\/www.bertrandsourdais.com\/fr\/bertrand-sourdais\/soria-fraiche-et-extreme\/","title":{"rendered":"Soria, fra\u00eeche et extr\u00eame"},"content":{"rendered":"<p><div class=\"fusion-fullwidth fullwidth-box fusion-builder-row-1 hundred-percent-fullwidth non-hundred-percent-height-scrolling\" style=\"background-color: rgba(255,255,255,0);background-position: center center;background-repeat: no-repeat;padding-top:0px;padding-right:0px;padding-bottom:0px;padding-left:0px;margin-bottom: 0px;margin-top: 20px;border-width: 0px 0px 0px 0px;border-color:#eae9e9;border-style:solid;\" ><div class=\"fusion-builder-row fusion-row\"><div class=\"fusion-layout-column fusion_builder_column fusion-builder-column-0 fusion_builder_column_1_1 1_1 fusion-one-full fusion-column-first fusion-column-last\" style=\"margin-top:0px;margin-bottom:0px;\"><div class=\"fusion-column-wrapper fusion-flex-column-wrapper-legacy\" style=\"background-position:left top;background-repeat:no-repeat;-webkit-background-size:cover;-moz-background-size:cover;-o-background-size:cover;background-size:cover;padding: 0px 0px 0px 0px;\"><span class=\" fusion-imageframe imageframe-none imageframe-1 hover-type-none\"><img decoding=\"async\" width=\"1920\" height=\"420\" title=\"Soria, fr\u00eda y extrema\" src=\"https:\/\/www.bertrandsourdais.com\/wp-content\/uploads\/2017\/03\/imagen-soria-fria-extrema.jpg\" alt class=\"img-responsive wp-image-2267\" srcset=\"https:\/\/www.bertrandsourdais.com\/wp-content\/uploads\/2017\/03\/imagen-soria-fria-extrema-200x44.jpg 200w, https:\/\/www.bertrandsourdais.com\/wp-content\/uploads\/2017\/03\/imagen-soria-fria-extrema-400x88.jpg 400w, https:\/\/www.bertrandsourdais.com\/wp-content\/uploads\/2017\/03\/imagen-soria-fria-extrema-600x131.jpg 600w, https:\/\/www.bertrandsourdais.com\/wp-content\/uploads\/2017\/03\/imagen-soria-fria-extrema-800x175.jpg 800w, https:\/\/www.bertrandsourdais.com\/wp-content\/uploads\/2017\/03\/imagen-soria-fria-extrema-1200x263.jpg 1200w, https:\/\/www.bertrandsourdais.com\/wp-content\/uploads\/2017\/03\/imagen-soria-fria-extrema.jpg 1920w\" sizes=\"(max-width: 800px) 100vw, 1200px\" \/><\/span><div class=\"fusion-clearfix\"><\/div><\/div><\/div><\/div><\/div><div class=\"fusion-fullwidth fullwidth-box fusion-builder-row-2 nonhundred-percent-fullwidth non-hundred-percent-height-scrolling\" style=\"background-color: rgba(255,255,255,0);background-position: center center;background-repeat: no-repeat;padding-top:40px;padding-right:0px;padding-bottom:0px;padding-left:0px;margin-bottom: 0px;margin-top: 0px;border-width: 0px 0px 0px 0px;border-color:#eae9e9;border-style:solid;\" ><div class=\"fusion-builder-row fusion-row\"><div class=\"fusion-layout-column fusion_builder_column fusion-builder-column-1 fusion_builder_column_1_1 1_1 fusion-one-full fusion-column-first fusion-column-last\" style=\"margin-top:0px;margin-bottom:20px;\"><div class=\"fusion-column-wrapper fusion-flex-column-wrapper-legacy\" style=\"background-position:left top;background-repeat:no-repeat;-webkit-background-size:cover;-moz-background-size:cover;-o-background-size:cover;background-size:cover;padding: 0px 0px 0px 0px;\"><style type=\"text\/css\"><\/style><div class=\"fusion-title title fusion-title-1 fusion-sep-none fusion-title-text fusion-title-size-one titulo-seccion\" style=\"margin-top:0px;margin-right:0px;margin-bottom:10px;margin-left:0px;\"><h1 class=\"title-heading-left fusion-responsive-typography-calculated\" style=\"margin:0;--fontSize:34;line-height:1.4;\">Soria, fra\u00eeche et extr\u00eame<\/h1><\/div><div class=\"fusion-clearfix\"><\/div><\/div><\/div><\/div><\/div><div class=\"fusion-fullwidth fullwidth-box fusion-builder-row-3 nonhundred-percent-fullwidth non-hundred-percent-height-scrolling\" style=\"background-color: rgba(255,255,255,0);background-position: center center;background-repeat: no-repeat;padding-top:0px;padding-right:0px;padding-bottom:20px;padding-left:0px;margin-bottom: 0px;margin-top: 0px;border-width: 0px 0px 0px 0px;border-color:#eae9e9;border-style:solid;\" ><div class=\"fusion-builder-row fusion-row\"><div class=\"fusion-layout-column fusion_builder_column fusion-builder-column-2 fusion_builder_column_1_2 1_2 fusion-one-half fusion-column-first columna-izquierda-soria\" style=\"width:50%;width:calc(50% - ( ( 4% ) * 0.5 ) );margin-right: 4%;margin-top:0px;margin-bottom:20px;\"><div class=\"fusion-column-wrapper fusion-flex-column-wrapper-legacy\" style=\"background-position:left top;background-repeat:no-repeat;-webkit-background-size:cover;-moz-background-size:cover;-o-background-size:cover;background-size:cover;padding: 0px 0px 0px 0px;\"><div class=\"fusion-text fusion-text-1\"><p style=\"text-align: justify;\">Bertrand Sourdais a d\u00e9couvert en 1999 une zone unique au sein de l&rsquo;appellation Ribera del Duero, \u00e0 San Esteban de Gormaz, qui se diff\u00e9rencie par son authenticit\u00e9 des terroirs voisins de Burgos et de Valladolid.<\/p>\n<p style=\"text-align: justify;\">Le vignoble se situe dans la partie orientale, juste sur les premi\u00e8res plages du fleuve Douro qui traverse la province de Soria. \u00c0 cet endroit, le sol, calcaire en profondeur, comporte aussi du sable, de l\u2019argile et des pierres en superficie.<\/p>\n<p style=\"text-align: justify;\">Dans cette zone, les c\u00e9pages Tinto Fino et Albillo les plus septentrionaux expriment l\u2019essence de leur vari\u00e9t\u00e9.<\/p>\n<div style=\"text-align: justify;\">Le climat est influenc\u00e9 par le bassin fluvial du Duero, qui, entre les monts ib\u00e9riques et les reliefs de Somosierra, apporte la fra\u00eecheur n\u00e9cessaire \u00e0 l&rsquo;\u00e9laboration des grands vins.<\/div>\n<\/div><div class=\"fusion-clearfix\"><\/div><\/div><\/div><div class=\"fusion-layout-column fusion_builder_column fusion-builder-column-3 fusion_builder_column_1_2 1_2 fusion-one-half fusion-column-last\" style=\"width:50%;width:calc(50% - ( ( 4% ) * 0.5 ) );margin-top:0px;margin-bottom:20px;\"><div class=\"fusion-column-wrapper fusion-flex-column-wrapper-legacy\" style=\"background-position:left top;background-repeat:no-repeat;-webkit-background-size:cover;-moz-background-size:cover;-o-background-size:cover;background-size:cover;padding: 0px 0px 0px 0px;\"><div class=\"imageframe-align-center\"><span class=\" fusion-imageframe imageframe-none imageframe-2 hover-type-none\"><a href=\"https:\/\/www.bertrandsourdais.com\/wp-content\/uploads\/2020\/08\/mapa-soria-ampliado-definitivo-frances.jpg\" class=\"fusion-lightbox\" data-rel=\"iLightbox[edf827f27b85d334125]\" data-title=\"mapa-soria-ampliado-definitivo-frances\" title=\"mapa-soria-ampliado-definitivo-frances\"><img decoding=\"async\" width=\"967\" height=\"704\" src=\"https:\/\/www.bertrandsourdais.com\/wp-content\/uploads\/2020\/08\/mapa-soria-ampliado-definitivo-frances.jpg\" alt class=\"img-responsive wp-image-2707\" srcset=\"https:\/\/www.bertrandsourdais.com\/wp-content\/uploads\/2020\/08\/mapa-soria-ampliado-definitivo-frances-200x146.jpg 200w, https:\/\/www.bertrandsourdais.com\/wp-content\/uploads\/2020\/08\/mapa-soria-ampliado-definitivo-frances-400x291.jpg 400w, https:\/\/www.bertrandsourdais.com\/wp-content\/uploads\/2020\/08\/mapa-soria-ampliado-definitivo-frances-600x437.jpg 600w, https:\/\/www.bertrandsourdais.com\/wp-content\/uploads\/2020\/08\/mapa-soria-ampliado-definitivo-frances-800x582.jpg 800w, https:\/\/www.bertrandsourdais.com\/wp-content\/uploads\/2020\/08\/mapa-soria-ampliado-definitivo-frances.jpg 967w\" sizes=\"(max-width: 800px) 100vw, 600px\" \/><\/a><\/span><\/div><div class=\"fusion-clearfix\"><\/div><\/div><\/div><\/div><\/div><div class=\"fusion-fullwidth fullwidth-box fusion-builder-row-4 nonhundred-percent-fullwidth non-hundred-percent-height-scrolling\" style=\"background-color: rgba(255,255,255,0);background-position: center center;background-repeat: no-repeat;padding-top:20px;padding-right:0px;padding-bottom:20px;padding-left:0px;margin-bottom: 40px;margin-top: 0px;border-width: 0px 0px 0px 0px;border-color:#eae9e9;border-style:solid;\" ><div class=\"fusion-builder-row fusion-row\"><div class=\"fusion-layout-column fusion_builder_column fusion-builder-column-4 fusion_builder_column_1_3 1_3 fusion-one-third fusion-column-first\" style=\"width:33.333333333333%;width:calc(33.333333333333% - ( ( 4% + 4% ) * 0.33333333333333 ) );margin-right: 4%;margin-top:0px;margin-bottom:20px;\"><div class=\"fusion-column-wrapper fusion-flex-column-wrapper-legacy\" style=\"background-position:left top;background-repeat:no-repeat;-webkit-background-size:cover;-moz-background-size:cover;-o-background-size:cover;background-size:cover;padding: 0px 0px 0px 0px;\"><div class=\"imageframe-align-center\"><span class=\" fusion-imageframe imageframe-none imageframe-3 hover-type-none\"><a href=\"https:\/\/www.bertrandsourdais.com\/wp-content\/uploads\/2017\/03\/soria-fria-extrema-ampliado-1.jpg\" class=\"fusion-lightbox\" data-rel=\"iLightbox[galeria-soria]\" data-title=\"Soria, fr\u00eda y extrema\" title=\"Soria, fr\u00eda y extrema\"><img decoding=\"async\" width=\"1200\" height=\"800\" src=\"https:\/\/www.bertrandsourdais.com\/wp-content\/uploads\/2017\/03\/soria-fria-extrema-miniatura-1.jpg\" alt class=\"img-responsive wp-image-2287\"\/><\/a><\/span><\/div><div class=\"fusion-clearfix\"><\/div><\/div><\/div><div class=\"fusion-layout-column fusion_builder_column fusion-builder-column-5 fusion_builder_column_1_3 1_3 fusion-one-third\" style=\"width:33.333333333333%;width:calc(33.333333333333% - ( ( 4% + 4% ) * 0.33333333333333 ) );margin-right: 4%;margin-top:0px;margin-bottom:20px;\"><div class=\"fusion-column-wrapper fusion-flex-column-wrapper-legacy\" style=\"background-position:left top;background-repeat:no-repeat;-webkit-background-size:cover;-moz-background-size:cover;-o-background-size:cover;background-size:cover;padding: 0px 0px 0px 0px;\"><div class=\"imageframe-align-center\"><span class=\" fusion-imageframe imageframe-none imageframe-4 hover-type-none\"><a href=\"https:\/\/www.bertrandsourdais.com\/wp-content\/uploads\/2017\/03\/soria-fria-extrema-ampliado-2.jpg\" class=\"fusion-lightbox\" data-rel=\"iLightbox[galeria-soria]\" data-title=\"Soria, fr\u00eda y extrema\" title=\"Soria, fr\u00eda y extrema\"><img decoding=\"async\" width=\"1195\" height=\"800\" src=\"https:\/\/www.bertrandsourdais.com\/wp-content\/uploads\/2017\/03\/soria-fria-extrema-miniatura-2.jpg\" alt class=\"img-responsive wp-image-2283\"\/><\/a><\/span><\/div><div class=\"fusion-clearfix\"><\/div><\/div><\/div><div class=\"fusion-layout-column fusion_builder_column fusion-builder-column-6 fusion_builder_column_1_3 1_3 fusion-one-third fusion-column-last\" style=\"width:33.333333333333%;width:calc(33.333333333333% - ( ( 4% + 4% ) * 0.33333333333333 ) );margin-top:0px;margin-bottom:20px;\"><div class=\"fusion-column-wrapper fusion-flex-column-wrapper-legacy\" style=\"background-position:left top;background-repeat:no-repeat;-webkit-background-size:cover;-moz-background-size:cover;-o-background-size:cover;background-size:cover;padding: 0px 0px 0px 0px;\"><div class=\"imageframe-align-center\"><span class=\" fusion-imageframe imageframe-none imageframe-5 hover-type-none\"><a href=\"https:\/\/www.bertrandsourdais.com\/wp-content\/uploads\/2017\/03\/soria-fria-extrema-ampliado-3.jpg\" class=\"fusion-lightbox\" data-rel=\"iLightbox[galeria-soria]\" data-title=\"Soria, fr\u00eda y extrema\" title=\"Soria, fr\u00eda y extrema\"><img decoding=\"async\" width=\"1195\" height=\"800\" src=\"https:\/\/www.bertrandsourdais.com\/wp-content\/uploads\/2017\/03\/soria-fria-extrema-miniatura-3.jpg\" alt class=\"img-responsive wp-image-2279\"\/><\/a><\/span><\/div><div class=\"fusion-clearfix\"><\/div><\/div><\/div><\/div><\/div><\/p>\n","protected":false},"excerpt":{"rendered":"","protected":false},"author":1,"featured_media":0,"parent":1744,"menu_order":0,"comment_status":"closed","ping_status":"closed","template":"100-width.php","meta":{"footnotes":""},"class_list":["post-1749","page","type-page","status-publish","hentry"],"_links":{"self":[{"href":"https:\/\/www.bertrandsourdais.com\/fr\/wp-json\/wp\/v2\/pages\/1749"}],"collection":[{"href":"https:\/\/www.bertrandsourdais.com\/fr\/wp-json\/wp\/v2\/pages"}],"about":[{"href":"https:\/\/www.bertrandsourdais.com\/fr\/wp-json\/wp\/v2\/types\/page"}],"author":[{"embeddable":true,"href":"https:\/\/www.bertrandsourdais.com\/fr\/wp-json\/wp\/v2\/users\/1"}],"replies":[{"embeddable":true,"href":"https:\/\/www.bertrandsourdais.com\/fr\/wp-json\/wp\/v2\/comments?post=1749"}],"version-history":[{"count":3,"href":"https:\/\/www.bertrandsourdais.com\/fr\/wp-json\/wp\/v2\/pages\/1749\/revisions"}],"predecessor-version":[{"id":1841,"href":"https:\/\/www.bertrandsourdais.com\/fr\/wp-json\/wp\/v2\/pages\/1749\/revisions\/1841"}],"up":[{"embeddable":true,"href":"https:\/\/www.bertrandsourdais.com\/fr\/wp-json\/wp\/v2\/pages\/1744"}],"wp:attachment":[{"href":"https:\/\/www.bertrandsourdais.com\/fr\/wp-json\/wp\/v2\/media?parent=1749"}],"curies":[{"name":"wp","href":"https:\/\/api.w.org\/{rel}","templated":true}]}}