{"id":1751,"date":"2020-08-31T09:08:27","date_gmt":"2020-08-31T09:08:27","guid":{"rendered":"http:\/\/www.bertrandsourdais.com\/fr\/?page_id=1751"},"modified":"2020-08-31T09:09:07","modified_gmt":"2020-08-31T09:09:07","slug":"le-vigneron-des-terres-de-soria-do-ribera-del-duero-espana","status":"publish","type":"page","link":"https:\/\/www.bertrandsourdais.com\/fr\/bertrand-sourdais\/le-vigneron-des-terres-de-soria-do-ribera-del-duero-espana\/","title":{"rendered":"Le Vigneron des Terres de Soria. DO Ribera del Duero. Espa\u00f1a."},"content":{"rendered":"<p><div class=\"fusion-fullwidth fullwidth-box fusion-builder-row-1 nonhundred-percent-fullwidth non-hundred-percent-height-scrolling\" style=\"background-color: rgba(255,255,255,0);background-position: center center;background-repeat: no-repeat;padding-top:40px;padding-right:0px;padding-bottom:0px;padding-left:0px;margin-bottom: 0px;margin-top: 0px;border-width: 0px 0px 0px 0px;border-color:#eae9e9;border-style:solid;\" ><div class=\"fusion-builder-row fusion-row\"><div class=\"fusion-layout-column fusion_builder_column fusion-builder-column-0 fusion_builder_column_1_1 1_1 fusion-one-full fusion-column-first fusion-column-last\" style=\"margin-top:0px;margin-bottom:20px;\"><div class=\"fusion-column-wrapper fusion-flex-column-wrapper-legacy\" style=\"background-position:left top;background-repeat:no-repeat;-webkit-background-size:cover;-moz-background-size:cover;-o-background-size:cover;background-size:cover;padding: 0px 0px 0px 0px;\"><style type=\"text\/css\"><\/style><div class=\"fusion-title title fusion-title-1 fusion-sep-none fusion-title-text fusion-title-size-one titulo-seccion\" style=\"margin-top:0px;margin-right:0px;margin-bottom:10px;margin-left:0px;\"><h1 class=\"title-heading-left fusion-responsive-typography-calculated\" style=\"margin:0;--fontSize:34;line-height:1.4;\"><p>Le Vigneron des Terres de Soria<br \/>\nDO Ribera del Duero. Espa\u00f1a<\/p><\/h1><\/div><div class=\"fusion-clearfix\"><\/div><\/div><\/div><\/div><\/div><div class=\"fusion-fullwidth fullwidth-box fusion-builder-row-2 nonhundred-percent-fullwidth non-hundred-percent-height-scrolling\" style=\"background-color: rgba(255,255,255,0);background-position: center center;background-repeat: no-repeat;padding-top:0px;padding-right:0px;padding-bottom:0px;padding-left:0px;margin-bottom: 0px;margin-top: 0px;border-width: 0px 0px 0px 0px;border-color:#eae9e9;border-style:solid;\" ><div class=\"fusion-builder-row fusion-row\"><div class=\"fusion-layout-column fusion_builder_column fusion-builder-column-1 fusion_builder_column_1_1 1_1 fusion-one-full fusion-column-first fusion-column-last\" style=\"margin-top:0px;margin-bottom:20px;\"><div class=\"fusion-column-wrapper fusion-flex-column-wrapper-legacy\" style=\"background-position:left top;background-repeat:no-repeat;-webkit-background-size:cover;-moz-background-size:cover;-o-background-size:cover;background-size:cover;padding: 0px 0px 0px 0px;\"><div class=\"fusion-text fusion-text-1\"><p style=\"text-align: justify;\">Bertrand Sourdais, vigneron depuis 5 g\u00e9n\u00e9rations \u00e0 Chinon en France, a su d\u00e9celer dans les terres de Soria le potentiel d\u2019\u00e9laboration de grands vins en Ribera de Duero.<\/p>\n<p style=\"text-align: justify;\">Fort de son exp\u00e9rience et y ajoutant une touche de cr\u00e9ativit\u00e9 artisanale, le Vigneron des Terres de Soria d\u00e9veloppe une v\u00e9ritable culture du vin pour les nouvelles g\u00e9n\u00e9rations.<\/p>\n<div style=\"text-align: justify;\">D\u00e9marrant avec de simples moyens, son travail suit une \u00e9volution naturelle pendant plusieurs ann\u00e9es jusqu&rsquo;\u00e0 l\u2019ouverture de sa propre cave en 2016, gr\u00e2ce \u00e0 l&rsquo;\u00e9quipe r\u00e9unie autour de Bodegas Ant\u00eddoto.<\/div>\n<\/div><div class=\"fusion-clearfix\"><\/div><\/div><\/div><\/div><\/div><div class=\"fusion-fullwidth fullwidth-box fusion-builder-row-3 nonhundred-percent-fullwidth non-hundred-percent-height-scrolling\" style=\"background-color: rgba(255,255,255,0);background-position: center center;background-repeat: no-repeat;padding-top:20px;padding-right:0px;padding-bottom:20px;padding-left:0px;margin-bottom: 0px;margin-top: 0px;border-width: 0px 0px 0px 0px;border-color:#eae9e9;border-style:solid;\" ><div class=\"fusion-builder-row fusion-row\"><div class=\"fusion-layout-column fusion_builder_column fusion-builder-column-2 fusion_builder_column_1_1 1_1 fusion-one-full fusion-column-first fusion-column-last\" style=\"margin-top:0px;margin-bottom:20px;\"><div class=\"fusion-column-wrapper fusion-flex-column-wrapper-legacy\" style=\"background-position:left top;background-repeat:no-repeat;-webkit-background-size:cover;-moz-background-size:cover;-o-background-size:cover;background-size:cover;padding: 0px 0px 0px 0px;\"><section id=\"Steps\" class=\"steps-section\">\n\n    <div class=\"steps-timeline\">\n\n      <div class=\"steps-one\">\n        <div class=\"steps-img\"><\/div>\n        <span class=\"steps-name\">\n          1996-1997\n        <\/span>\n        <p class=\"steps-description\">\n          Collaboration au Ch\u00e2teau L\u00e9oville Las Cases et au Ch\u00e2teau Mouton Rothschild\n        <\/p>\n      <\/div>\n\n      <div class=\"steps-two\">\n        <div class=\"steps-img\"><\/div>\n        <span class=\"steps-name\">\n          1998\n        <\/span>\n        <p class=\"steps-description\">\n           Collaboration avec \u00c1lvaro Palacios (Priorat, Espagne) et Santa Rita (Chili)\n        <\/p>\n      <\/div>\n\n      <div class=\"steps-three\">\n        <div class=\"steps-img\"><\/div>\n        <span class=\"steps-name\">\n          1999\n        <\/span>\n        <p class=\"steps-description\">\n           Viticulteur \/ Vendange au Ch\u00e2teau N\u00e9nin en Pomerol\n        <\/p>\n      <\/div>\n\n      <div class=\"steps-four\">\n        <div class=\"steps-img\"><\/div>\n        <span class=\"steps-name\">\n          1999-2010\n        <\/span>\n        <p class=\"steps-description\">\n           Cofondateur et directeur technique du Dominio de Atauta\n        <\/p>\n      <\/div>\n\n      <div class=\"steps-five\">\n        <div class=\"steps-img\"><\/div>\n        <span class=\"steps-name\">\n          2005\n        <\/span>\n        <p class=\"steps-description\">\n           Prend la direction du Domaine de Pallus, Chinon\n        <\/p>\n      <\/div>\n\n      <div class=\"steps-six\">\n        <div class=\"steps-img\"><\/div>\n        <span class=\"steps-name\">\n          2010\n        <\/span>\n        <p class=\"steps-description\">\n           Cr\u00e9ation de de Bodegas Ant\u00eddoto\n        <\/p>\n      <\/div>\n\n      <div class=\"steps-seven\">\n        <div class=\"steps-img\"><\/div>\n        <span class=\"steps-name\">\n          2011\n        <\/span>\n        <p class=\"steps-description\">\n           Cr\u00e9ation de Dominio de Es\n        <\/p>\n      <\/div>\n\n      <div class=\"steps-eight\">\n        <div class=\"steps-img\"><\/div>\n        <span class=\"steps-name\">\n          Actualidad\n        <\/span>\n        <p class=\"steps-description\">\n           Vigneron de Bodegas Ant\u00eddoto, Dominio de Es et Domaine de Pallus \u00e0 Chinon\n        <\/p>\n      <\/div>\n\n    <\/div><!-- \/.steps-timeline -->\n\n  <\/section><div class=\"fusion-clearfix\"><\/div><\/div><\/div><\/div><\/div><div class=\"fusion-fullwidth fullwidth-box fusion-builder-row-4 hundred-percent-fullwidth non-hundred-percent-height-scrolling\" style=\"background-color: rgba(255,255,255,0);background-position: center center;background-repeat: no-repeat;padding-top:0px;padding-right:0px;padding-bottom:0px;padding-left:0px;margin-bottom: 0px;margin-top: 0px;border-width: 0px 0px 0px 0px;border-color:#eae9e9;border-style:solid;\" ><div class=\"fusion-builder-row fusion-row\"><div class=\"fusion-layout-column fusion_builder_column fusion-builder-column-3 fusion_builder_column_1_1 1_1 fusion-one-full fusion-column-first fusion-column-last\" style=\"margin-top:0px;margin-bottom:0px;\"><div class=\"fusion-column-wrapper fusion-flex-column-wrapper-legacy\" style=\"background-position:left top;background-repeat:no-repeat;-webkit-background-size:cover;-moz-background-size:cover;-o-background-size:cover;background-size:cover;padding: 0px 0px 0px 0px;\"><span class=\" fusion-imageframe imageframe-none imageframe-1 hover-type-none\"><img decoding=\"async\" width=\"1920\" height=\"1300\" title=\"El Vigneron de las Tierras de Soria\" src=\"https:\/\/www.bertrandsourdais.com\/wp-content\/uploads\/2019\/09\/imagen-el-vigneron-2019.jpg\" alt class=\"img-responsive wp-image-2579\" srcset=\"https:\/\/www.bertrandsourdais.com\/wp-content\/uploads\/2019\/09\/imagen-el-vigneron-2019-200x135.jpg 200w, https:\/\/www.bertrandsourdais.com\/wp-content\/uploads\/2019\/09\/imagen-el-vigneron-2019-400x271.jpg 400w, https:\/\/www.bertrandsourdais.com\/wp-content\/uploads\/2019\/09\/imagen-el-vigneron-2019-600x406.jpg 600w, https:\/\/www.bertrandsourdais.com\/wp-content\/uploads\/2019\/09\/imagen-el-vigneron-2019-800x542.jpg 800w, https:\/\/www.bertrandsourdais.com\/wp-content\/uploads\/2019\/09\/imagen-el-vigneron-2019-1200x813.jpg 1200w, https:\/\/www.bertrandsourdais.com\/wp-content\/uploads\/2019\/09\/imagen-el-vigneron-2019.jpg 1920w\" sizes=\"(max-width: 800px) 100vw, 1200px\" \/><\/span><div class=\"fusion-clearfix\"><\/div><\/div><\/div><\/div><\/div><\/p>\n","protected":false},"excerpt":{"rendered":"","protected":false},"author":1,"featured_media":0,"parent":1744,"menu_order":0,"comment_status":"closed","ping_status":"closed","template":"100-width.php","meta":{"footnotes":""},"class_list":["post-1751","page","type-page","status-publish","hentry"],"_links":{"self":[{"href":"https:\/\/www.bertrandsourdais.com\/fr\/wp-json\/wp\/v2\/pages\/1751"}],"collection":[{"href":"https:\/\/www.bertrandsourdais.com\/fr\/wp-json\/wp\/v2\/pages"}],"about":[{"href":"https:\/\/www.bertrandsourdais.com\/fr\/wp-json\/wp\/v2\/types\/page"}],"author":[{"embeddable":true,"href":"https:\/\/www.bertrandsourdais.com\/fr\/wp-json\/wp\/v2\/users\/1"}],"replies":[{"embeddable":true,"href":"https:\/\/www.bertrandsourdais.com\/fr\/wp-json\/wp\/v2\/comments?post=1751"}],"version-history":[{"count":2,"href":"https:\/\/www.bertrandsourdais.com\/fr\/wp-json\/wp\/v2\/pages\/1751\/revisions"}],"predecessor-version":[{"id":1753,"href":"https:\/\/www.bertrandsourdais.com\/fr\/wp-json\/wp\/v2\/pages\/1751\/revisions\/1753"}],"up":[{"embeddable":true,"href":"https:\/\/www.bertrandsourdais.com\/fr\/wp-json\/wp\/v2\/pages\/1744"}],"wp:attachment":[{"href":"https:\/\/www.bertrandsourdais.com\/fr\/wp-json\/wp\/v2\/media?parent=1751"}],"curies":[{"name":"wp","href":"https:\/\/api.w.org\/{rel}","templated":true}]}}