{"id":1760,"date":"2020-08-31T10:29:15","date_gmt":"2020-08-31T10:29:15","guid":{"rendered":"http:\/\/www.bertrandsourdais.com\/fr\/?page_id=1760"},"modified":"2020-09-01T07:29:14","modified_gmt":"2020-09-01T07:29:14","slug":"la-hormiga","status":"publish","type":"page","link":"https:\/\/www.bertrandsourdais.com\/fr\/bodegas-antidoto__trashed\/la-hormiga\/","title":{"rendered":"La Hormiga"},"content":{"rendered":"<div class=\"fusion-fullwidth fullwidth-box fusion-builder-row-1 nonhundred-percent-fullwidth non-hundred-percent-height-scrolling\" style=\"background-color: rgba(255,255,255,0);background-position: center center;background-repeat: no-repeat;padding-top:20px;padding-right:0px;padding-bottom:20px;padding-left:0px;margin-bottom: 30px;margin-top: 20px;border-width: 0px 0px 0px 0px;border-color:#eae9e9;border-style:solid;\" ><div class=\"fusion-builder-row fusion-row\"><div class=\"fusion-layout-column fusion_builder_column fusion-builder-column-0 fusion_builder_column_1_3 1_3 fusion-one-third fusion-column-first\" style=\"width:33.333333333333%;width:calc(33.333333333333% - ( ( 4% ) * 0.33333333333333 ) );margin-right: 4%;margin-top:0px;margin-bottom:20px;\"><div class=\"fusion-column-wrapper fusion-flex-column-wrapper-legacy\" style=\"background-position:left top;background-repeat:no-repeat;-webkit-background-size:cover;-moz-background-size:cover;-o-background-size:cover;background-size:cover;padding: 0px 0px 0px 0px;\"><div class=\"imageframe-align-center\"><span class=\" fusion-imageframe imageframe-none imageframe-1 hover-type-none\"><a href=\"https:\/\/www.bertrandsourdais.com\/wp-content\/uploads\/2017\/03\/vinos-la-hormiga.jpg\" class=\"fusion-lightbox\" data-rel=\"iLightbox[a00074f35cc019ccbf9]\" data-title=\"La Hormiga\" title=\"La Hormiga\"><img decoding=\"async\" width=\"546\" height=\"1145\" src=\"https:\/\/www.bertrandsourdais.com\/wp-content\/uploads\/2017\/03\/vinos-la-hormiga.jpg\" alt class=\"img-responsive wp-image-2299\" srcset=\"https:\/\/www.bertrandsourdais.com\/wp-content\/uploads\/2017\/03\/vinos-la-hormiga-200x419.jpg 200w, https:\/\/www.bertrandsourdais.com\/wp-content\/uploads\/2017\/03\/vinos-la-hormiga-400x839.jpg 400w, https:\/\/www.bertrandsourdais.com\/wp-content\/uploads\/2017\/03\/vinos-la-hormiga.jpg 546w\" sizes=\"(max-width: 800px) 100vw, 400px\" \/><\/a><\/span><\/div><div class=\"fusion-clearfix\"><\/div><\/div><\/div><div class=\"fusion-layout-column fusion_builder_column fusion-builder-column-1 fusion_builder_column_2_3 2_3 fusion-two-third fusion-column-last\" style=\"width:66.666666666667%;width:calc(66.666666666667% - ( ( 4% ) * 0.66666666666667 ) );margin-top:20px;margin-bottom:20px;\"><div class=\"fusion-column-wrapper fusion-flex-column-wrapper-legacy\" style=\"background-position:left top;background-repeat:no-repeat;-webkit-background-size:cover;-moz-background-size:cover;-o-background-size:cover;background-size:cover;padding: 0px 0px 0px 0px;\"><style type=\"text\/css\"><\/style><div class=\"fusion-title title fusion-title-1 fusion-sep-none fusion-title-text fusion-title-size-one titulo-ficha-vino\" style=\"margin-top:0px;margin-right:0px;margin-bottom:10px;margin-left:0px;\"><h1 class=\"title-heading-left fusion-responsive-typography-calculated\" style=\"margin:0;--fontSize:34;line-height:1.4;\">La Hormiga<\/h1><\/div><div class=\"fusion-text fusion-text-1\"><p style=\"text-align: justify;\">La parcelle de la Hormiga, situ\u00e9e \u00e0 Quintanilla de Tres Barrios, \u00e0 c\u00f4t\u00e9 de la zone de Hoyo \u00e0 Matanza, est constitu\u00e9e de vieux vignobles de fins c\u00e9pages rouges de Soria appartenant \u00e0 David Hernando. Les sols argilo-calcaires du nord de Soria offrent les conditions de croissance id\u00e9ales pour cette grande \u00abr\u00e9serve\u00bb de Soria.<\/p>\n<p style=\"text-align: justify;\">Le sol argileux transmet force, volupt\u00e9 et onctuosit\u00e9 au vin de La Hormiga.<\/p>\n<p style=\"text-align: justify;\"><strong>Vignoble:<\/strong><\/p>\n<p style=\"text-align: justify;\">C\u00e9page: Tinto Fino.<\/p>\n<p style=\"text-align: justify;\">Culture: \u00c9cologique.<\/p>\n<p style=\"text-align: justify;\">\u00c2ge du vignoble: plant\u00e9 en 1922.<\/p>\n<p style=\"text-align: justify;\">Sol: Argilo-calcaire.<\/p>\n<p style=\"text-align: justify;\">Altitude: 950 m.<\/p>\n<p style=\"text-align: justify;\">Appellation: D.O. Ribera del Duero.<\/p>\n<p style=\"text-align: justify;\">R\u00e9colte: Manuelle.<\/p>\n<\/div><style type=\"text\/css\">#accordion-1760-1 .fusion-panel:hover{ border-color: #e0dede } #accordion-1760-1 .fusion-panel { border-color:#e0dede; }.fusion-accordian  #accordion-1760-1 .panel-title a .fa-fusion-box{ color: var(--awb-color1);}.fusion-accordian  #accordion-1760-1 .panel-title a .fa-fusion-box:before{ font-size: 16px; width: 16px;}.fusion-accordian  #accordion-1760-1 .panel-title a{font-size:24px;line-height:1.5;color:#333333;font-family:\"PT Sans\";font-weight:400;}.fusion-accordian  #accordion-1760-1 .toggle-content{font-size:15px;color:#747474;font-family:\"PT Sans\";font-weight:400;}.fusion-accordian  #accordion-1760-1 .fa-fusion-box { background-color: #333333;border-color: #333333;}.fusion-accordian  #accordion-1760-1 .panel-title a:not(.active):hover, #accordion-1760-1 .fusion-toggle-boxed-mode:hover .panel-title a { color: #d5c587;}.fusion-accordian  #accordion-1760-1 .panel-title .active .fa-fusion-box,.fusion-accordian  #accordion-1760-1 .panel-title a:not(.active):hover .fa-fusion-box { background-color: #d5c587!important;border-color: #d5c587!important;}<\/style><div class=\"accordian fusion-accordian desplegable-antidoto\"><div class=\"panel-group\" id=\"accordion-1760-1\"><style type=\"text\/css\">.fusion-accordian  #accordion-1760-1 .panel-c9e11f294f8438246 .panel-title a{}.fusion-accordian  #accordion-1760-1 .panel-c9e11f294f8438246 .toggle-content{}<\/style><div class=\"fusion-panel panel-default panel-c9e11f294f8438246 fusion-toggle-no-divider\"><div class=\"panel-heading\"><h4 class=\"panel-title toggle\" id=\"toggle_c9e11f294f8438246\"><a aria-expanded=\"false\" aria-controls=\"c9e11f294f8438246\" role=\"button\" data-toggle=\"collapse\" data-parent=\"#accordion-1760-1\" data-target=\"#c9e11f294f8438246\" href=\"#c9e11f294f8438246\"><span class=\"fusion-toggle-icon-wrapper\" aria-hidden=\"true\"><i class=\"fa-fusion-box active-icon awb-icon-minus\" aria-hidden=\"true\"><\/i><i class=\"fa-fusion-box inactive-icon awb-icon-plus\" aria-hidden=\"true\"><\/i><\/span><span class=\"fusion-toggle-heading\">La Hormiga 2017<\/span><\/a><\/h4><\/div><div id=\"c9e11f294f8438246\" class=\"panel-collapse collapse \" araia-labelledby=\"toggle_c9e11f294f8438246\"><div class=\"panel-body toggle-content fusion-clearfix\">\n<p style=\"text-align: justify;\">R\u00e9colte: R\u00e9colte manuelle le 26 septembre 2017.<\/p>\n<p style=\"text-align: justify;\">Mac\u00e9ration: 16 jours.<\/p>\n<p style=\"text-align: justify;\">Elevage: 18 mois de vieillissement en f\u00fbts de ch\u00eane fran\u00e7ais de 225 litres, dont 63% de ch\u00eane neuf.<\/p>\n<p style=\"text-align: justify;\">Mise en bouteille: 15 juillet 2019.<\/p>\n<p style=\"text-align: justify;\">Production 2017: 12 023 bouteilles et 300 magnums.<\/p>\n<p style=\"text-align: justify;\"><strong>La Hormiga 2017<\/strong><\/p>\n<p style=\"text-align: justify;\">Ce mill\u00e9sime a \u00e9t\u00e9 marqu\u00e9 par des gel\u00e9es et une faible production dans toute l&rsquo;Espagne. La r\u00e9gion de Soria, en raison de l&rsquo;habituelle germination tardive des vignes, a \u00e9t\u00e9 partiellement sauv\u00e9e.<\/p>\n<p style=\"text-align: justify;\">L&rsquo;hiver \u00e9tait sec et pas trop froid. Le printemps sec \u00e9galement, a eu des temp\u00e9ratures minimales fra\u00eeches. La germination s&rsquo;est \u00e9chelonn\u00e9e entre le 20 avril et le 5 mai.<\/p>\n<p style=\"text-align: justify;\">La floraison a \u00e9t\u00e9 tr\u00e8s rapide, du 5 au 12 juin, ce qui laissait pr\u00e9voir une maturation homog\u00e8ne et une r\u00e9colte rapide.<\/p>\n<p style=\"text-align: justify;\">Juste avant le d\u00e9but de l&rsquo;\u00e9t\u00e9, \u00e0 la fin du mois de juin, il y a eu une canicule anormale pour l&rsquo;\u00e9poque, avec des temp\u00e9ratures jusqu&rsquo;\u00e0 38\u00b0C sur une p\u00e9riode de quinze jours, ce qui a fait que les raisins ont acquis une peau \u00e9paisse et peu de pulpe.<\/p>\n<p style=\"text-align: justify;\">En juillet nous sommes revenus \u00e0 des temp\u00e9ratures maximales normales et des temp\u00e9ratures minimales basses, et nous avons eu 70 l d&rsquo;eau (tr\u00e8s attendus) les 7, 8 et 9 juillet. La v\u00e9raison a commenc\u00e9 le 25 juillet, quinze jours \u00e0 l&rsquo;avance.<\/p>\n<p style=\"text-align: justify;\">Le mois d&rsquo;ao\u00fbt nous a apport\u00e9 des journ\u00e9es plut\u00f4t chaudes et des nuits fra\u00eeches. Les jours 27, 28 et 29, il a plu 50 l d&rsquo;eau sur le vignoble, ce qui a permis de garder les plantes fra\u00eeches malgr\u00e9 la s\u00e9cheresse g\u00e9n\u00e9rale de l&rsquo;ann\u00e9e.<\/p>\n<p style=\"text-align: justify;\">Malgr\u00e9 la s\u00e9cheresse accumul\u00e9e des ann\u00e9es 2016 et 2017, les vieilles vignes, gr\u00e2ce \u00e0 des rendements raisonnables, ont produit des raisins subtilement \u00e9quilibr\u00e9s. Le mill\u00e9sime 2017 de la Hormiga est dense, vif et onctueux.<\/p>\n<\/div><\/div><\/div><\/div><\/div><div class=\"fusion-clearfix\"><\/div><\/div><\/div><\/div><\/div>\n","protected":false},"excerpt":{"rendered":"","protected":false},"author":1,"featured_media":0,"parent":1754,"menu_order":0,"comment_status":"closed","ping_status":"closed","template":"","meta":{"footnotes":""},"class_list":["post-1760","page","type-page","status-publish","hentry"],"_links":{"self":[{"href":"https:\/\/www.bertrandsourdais.com\/fr\/wp-json\/wp\/v2\/pages\/1760"}],"collection":[{"href":"https:\/\/www.bertrandsourdais.com\/fr\/wp-json\/wp\/v2\/pages"}],"about":[{"href":"https:\/\/www.bertrandsourdais.com\/fr\/wp-json\/wp\/v2\/types\/page"}],"author":[{"embeddable":true,"href":"https:\/\/www.bertrandsourdais.com\/fr\/wp-json\/wp\/v2\/users\/1"}],"replies":[{"embeddable":true,"href":"https:\/\/www.bertrandsourdais.com\/fr\/wp-json\/wp\/v2\/comments?post=1760"}],"version-history":[{"count":3,"href":"https:\/\/www.bertrandsourdais.com\/fr\/wp-json\/wp\/v2\/pages\/1760\/revisions"}],"predecessor-version":[{"id":1809,"href":"https:\/\/www.bertrandsourdais.com\/fr\/wp-json\/wp\/v2\/pages\/1760\/revisions\/1809"}],"up":[{"embeddable":true,"href":"https:\/\/www.bertrandsourdais.com\/fr\/wp-json\/wp\/v2\/pages\/1754"}],"wp:attachment":[{"href":"https:\/\/www.bertrandsourdais.com\/fr\/wp-json\/wp\/v2\/media?parent=1760"}],"curies":[{"name":"wp","href":"https:\/\/api.w.org\/{rel}","templated":true}]}}