{"id":1762,"date":"2020-08-31T10:29:21","date_gmt":"2020-08-31T10:29:21","guid":{"rendered":"http:\/\/www.bertrandsourdais.com\/fr\/?page_id=1762"},"modified":"2020-09-01T07:34:16","modified_gmt":"2020-09-01T07:34:16","slug":"le-rose","status":"publish","type":"page","link":"https:\/\/www.bertrandsourdais.com\/fr\/bodegas-antidoto__trashed\/le-rose\/","title":{"rendered":"Le Ros\u00e9"},"content":{"rendered":"<div class=\"fusion-fullwidth fullwidth-box fusion-builder-row-1 nonhundred-percent-fullwidth non-hundred-percent-height-scrolling\" style=\"background-color: rgba(255,255,255,0);background-position: center center;background-repeat: no-repeat;padding-top:20px;padding-right:0px;padding-bottom:20px;padding-left:0px;margin-bottom: 30px;margin-top: 20px;border-width: 0px 0px 0px 0px;border-color:#eae9e9;border-style:solid;\" ><div class=\"fusion-builder-row fusion-row\"><div class=\"fusion-layout-column fusion_builder_column fusion-builder-column-0 fusion_builder_column_1_3 1_3 fusion-one-third fusion-column-first\" style=\"width:33.333333333333%;width:calc(33.333333333333% - ( ( 4% ) * 0.33333333333333 ) );margin-right: 4%;margin-top:0px;margin-bottom:20px;\"><div class=\"fusion-column-wrapper fusion-flex-column-wrapper-legacy\" style=\"background-position:left top;background-repeat:no-repeat;-webkit-background-size:cover;-moz-background-size:cover;-o-background-size:cover;background-size:cover;padding: 0px 0px 0px 0px;\"><div class=\"imageframe-align-center\"><span class=\" fusion-imageframe imageframe-none imageframe-1 hover-type-none\"><a href=\"https:\/\/www.bertrandsourdais.com\/wp-content\/uploads\/2017\/06\/vino-le-rose-actualizado.jpg\" class=\"fusion-lightbox\" data-rel=\"iLightbox[639842d779a4eccc1c2]\" data-title=\"Le Ros\u00e9\" title=\"Le Ros\u00e9\"><img decoding=\"async\" width=\"546\" height=\"1145\" src=\"https:\/\/www.bertrandsourdais.com\/wp-content\/uploads\/2017\/06\/vino-le-rose-actualizado.jpg\" alt class=\"img-responsive wp-image-2411\" srcset=\"https:\/\/www.bertrandsourdais.com\/wp-content\/uploads\/2017\/06\/vino-le-rose-actualizado-200x419.jpg 200w, https:\/\/www.bertrandsourdais.com\/wp-content\/uploads\/2017\/06\/vino-le-rose-actualizado-400x839.jpg 400w, https:\/\/www.bertrandsourdais.com\/wp-content\/uploads\/2017\/06\/vino-le-rose-actualizado.jpg 546w\" sizes=\"(max-width: 800px) 100vw, 400px\" \/><\/a><\/span><\/div><div class=\"fusion-clearfix\"><\/div><\/div><\/div><div class=\"fusion-layout-column fusion_builder_column fusion-builder-column-1 fusion_builder_column_2_3 2_3 fusion-two-third fusion-column-last\" style=\"width:66.666666666667%;width:calc(66.666666666667% - ( ( 4% ) * 0.66666666666667 ) );margin-top:20px;margin-bottom:20px;\"><div class=\"fusion-column-wrapper fusion-flex-column-wrapper-legacy\" style=\"background-position:left top;background-repeat:no-repeat;-webkit-background-size:cover;-moz-background-size:cover;-o-background-size:cover;background-size:cover;padding: 0px 0px 0px 0px;\"><style type=\"text\/css\"><\/style><div class=\"fusion-title title fusion-title-1 fusion-sep-none fusion-title-text fusion-title-size-one titulo-ficha-vino\" style=\"margin-top:0px;margin-right:0px;margin-bottom:10px;margin-left:0px;\"><h1 class=\"title-heading-left fusion-responsive-typography-calculated\" style=\"margin:0;--fontSize:34;line-height:1.4;\">Le Ros\u00e9<\/h1><\/div><div class=\"fusion-text fusion-text-1\"><p style=\"text-align: justify;\">Ce ros\u00e9 est \u00e9labor\u00e9 avec les c\u00e9pages autochtones Tinto Fino (rouge) et Albillo (blanc) de la parcelle \u201cCarresoto\u2019, situ\u00e9e sur le village de Mi\u00f1o de San Esteban.<\/p>\n<p style=\"text-align: justify;\">Les raisins proviennent des vieilles vignes pr\u00e9phylox\u00e9riques de ce \u201cgrand cru\u201d, \u00e0 950 m\u00e8tres d\u2019altitude, dont le sol est compos\u00e9 en superficie de 30 \u00e0 50 cm de sable et en profondeur de roche calcaire, semblable \u00e0 ce qu\u2019on trouve dans les terroirs des grands Champagnes, Bourgognes et vins de Loire.<\/p>\n<p style=\"text-align: justify;\">Le pressurage, qui a \u00e9t\u00e9 am\u00e9lior\u00e9 dans la nouvelle cave, est de \u201ctype Champagne\u201d. Le jus de goutte recueilli fermente et est \u00e9lev\u00e9 en barriques neuves de 600 litres.<\/p>\n<p style=\"text-align: justify;\">D\u00e8s 2013, date du premier mill\u00e9sime, ce ros\u00e9 est entr\u00e9 dans la classification des grands vins.<\/p>\n<p style=\"text-align: justify;\">Bertrand Sourdais a vu en Soria un lieu id\u00e9al pour actualiser la tradition viticole de la Ribera del Duero, et de l\u2019Espagne en g\u00e9n\u00e9ral, qui \u00e9labore depuis toujours des vins de type \u201cclarete\u201d, faisant ainsi du Ros\u00e9 un vin pleinement espagnol.<\/p>\n<p style=\"text-align: justify;\"><strong>Vignoble, cultiv\u00e9 en bio par David Hernando:<\/strong><\/p>\n<p style=\"text-align: justify;\">C\u00e9page: 50% Tinto Fino et 50% Albillo.<\/p>\n<p style=\"text-align: justify;\">Age: plant\u00e9 en 1905.<\/p>\n<p style=\"text-align: justify;\">Sols: sable, sur roche calcaire.<\/p>\n<p style=\"text-align: justify;\">Parcela: David Hernando cultiva en ecol\u00f3gico..<\/p>\n<p style=\"text-align: justify;\">Altitude: 950 m.<\/p>\n<p style=\"text-align: justify;\">D\u00e9nomination: DO Ribera del Duero.<\/p>\n<p style=\"text-align: justify;\">R\u00e9colte: manuelle.<\/p>\n<\/div><style type=\"text\/css\">#accordion-1762-1 .fusion-panel:hover{ border-color: #e0dede } #accordion-1762-1 .fusion-panel { border-color:#e0dede; }.fusion-accordian  #accordion-1762-1 .panel-title a .fa-fusion-box{ color: var(--awb-color1);}.fusion-accordian  #accordion-1762-1 .panel-title a .fa-fusion-box:before{ font-size: 16px; width: 16px;}.fusion-accordian  #accordion-1762-1 .panel-title a{font-size:24px;line-height:1.5;color:#333333;font-family:\"PT Sans\";font-weight:400;}.fusion-accordian  #accordion-1762-1 .toggle-content{font-size:15px;color:#747474;font-family:\"PT Sans\";font-weight:400;}.fusion-accordian  #accordion-1762-1 .fa-fusion-box { background-color: #333333;border-color: #333333;}.fusion-accordian  #accordion-1762-1 .panel-title a:not(.active):hover, #accordion-1762-1 .fusion-toggle-boxed-mode:hover .panel-title a { color: #d5c587;}.fusion-accordian  #accordion-1762-1 .panel-title .active .fa-fusion-box,.fusion-accordian  #accordion-1762-1 .panel-title a:not(.active):hover .fa-fusion-box { background-color: #d5c587!important;border-color: #d5c587!important;}<\/style><div class=\"accordian fusion-accordian desplegable-antidoto\"><div class=\"panel-group\" id=\"accordion-1762-1\"><style type=\"text\/css\">.fusion-accordian  #accordion-1762-1 .panel-ab5f5a06cd05f8a8f .panel-title a{}.fusion-accordian  #accordion-1762-1 .panel-ab5f5a06cd05f8a8f .toggle-content{}<\/style><div class=\"fusion-panel panel-default panel-ab5f5a06cd05f8a8f fusion-toggle-no-divider\"><div class=\"panel-heading\"><h4 class=\"panel-title toggle\" id=\"toggle_ab5f5a06cd05f8a8f\"><a aria-expanded=\"false\" aria-controls=\"ab5f5a06cd05f8a8f\" role=\"button\" data-toggle=\"collapse\" data-parent=\"#accordion-1762-1\" data-target=\"#ab5f5a06cd05f8a8f\" href=\"#ab5f5a06cd05f8a8f\"><span class=\"fusion-toggle-icon-wrapper\" aria-hidden=\"true\"><i class=\"fa-fusion-box active-icon awb-icon-minus\" aria-hidden=\"true\"><\/i><i class=\"fa-fusion-box inactive-icon awb-icon-plus\" aria-hidden=\"true\"><\/i><\/span><span class=\"fusion-toggle-heading\">Le Ros\u00e9 2018<\/span><\/a><\/h4><\/div><div id=\"ab5f5a06cd05f8a8f\" class=\"panel-collapse collapse \" araia-labelledby=\"toggle_ab5f5a06cd05f8a8f\"><div class=\"panel-body toggle-content fusion-clearfix\">\n<p style=\"text-align: justify;\"><strong>Le Ros\u00e9 2018<\/strong><\/p>\n<p style=\"text-align: justify;\">R\u00e9colte: le 5 octobre en caisses de 12 kg, 2329 kg au total (60% Tinto Fino, 40% Albillo).<\/p>\n<p style=\"text-align: justify;\">Pressage: de type \u00ab\u00a0taille champenoise\u00a0\u00bb, grappes enti\u00e8res.<\/p>\n<p style=\"text-align: justify;\">D\u00e9cantation: \u00e0 12\u00b0C.<\/p>\n<p style=\"text-align: justify;\">Fermentation et \u00e9levage: en barriques neuves de 600 l.<\/p>\n<p style=\"text-align: justify;\">Mise en bouteille: 24 juin.<\/p>\n<p style=\"text-align: justify;\">Production 2018: 1 524 bouteilles.<\/p>\n<p style=\"text-align: justify;\"><strong>Le mill\u00e9sime 2018: \u00abenfin une ann\u00e9e avec des saisons\u00bb<\/strong><\/p>\n<p style=\"text-align: justify;\">En 2018, les saisons ont \u00e9t\u00e9 tr\u00e8s marqu\u00e9es: un hiver froid, avec des pr\u00e9cipitations g\u00e9n\u00e9reuses, beaucoup de neige \u00e0 partir de janvier, allant m\u00eame jusqu\u2019au 10 et 11 avril. La v\u00e9g\u00e9tation s&rsquo;est r\u00e9veill\u00e9e comme d&rsquo;habitude, les amandiers ont commenc\u00e9 \u00e0 fleurir le 3 avril et le bourgeonnement du vignoble a \u00e9t\u00e9 not\u00e9 le 27.<\/p>\n<p style=\"text-align: justify;\">Le printemps a \u00e9t\u00e9 marqu\u00e9 par les pluies et le froid, des gel\u00e9es ont eu lieu du 1er au 13 mai, ce qui a provoqu\u00e9 d&rsquo;importantes variations dans le rythme v\u00e9g\u00e9tatif des plantes.<\/p>\n<p style=\"text-align: justify;\">Cette m\u00e9t\u00e9o hivernale s&rsquo;est poursuivie jusqu&rsquo;\u00e0 la mi-juin. Le 19 juin, le soleil est apparu et avec lui les temp\u00e9ratures estivales. Par cons\u00e9quent, les vignes ont commenc\u00e9 \u00e0 fleurir \u00e0 partir du 21 juin, cycle qui a dur\u00e9 jusqu&rsquo;\u00e0 d\u00e9but juillet.<\/p>\n<p style=\"text-align: justify;\">L&rsquo;\u00e9t\u00e9, avec des temp\u00e9ratures mod\u00e9r\u00e9es de 30\u00b0C, a vu quelques pluies et orages qui ont permis aux plantes de bien pousser, et de stimuler leurs rythmes v\u00e9g\u00e9tatifs jusqu&rsquo;\u00e0 fin juillet (normalement, la v\u00e9g\u00e9tation ralentit sa croissance naturelle d\u00e9but juillet). Ainsi, nous nous sommes trouv\u00e9s dans une situation assez typique d&rsquo;un cycle v\u00e9g\u00e9tatif atlantique, tr\u00e8s rare sur les berges du Douro soriano.<\/p>\n<\/div><\/div><\/div><style type=\"text\/css\">.fusion-accordian  #accordion-1762-1 .panel-818f1680932f2a0ce .panel-title a{}.fusion-accordian  #accordion-1762-1 .panel-818f1680932f2a0ce .toggle-content{}<\/style><div class=\"fusion-panel panel-default panel-818f1680932f2a0ce fusion-toggle-no-divider\"><div class=\"panel-heading\"><h4 class=\"panel-title toggle\" id=\"toggle_818f1680932f2a0ce\"><a aria-expanded=\"false\" aria-controls=\"818f1680932f2a0ce\" role=\"button\" data-toggle=\"collapse\" data-parent=\"#accordion-1762-1\" data-target=\"#818f1680932f2a0ce\" href=\"#818f1680932f2a0ce\"><span class=\"fusion-toggle-icon-wrapper\" aria-hidden=\"true\"><i class=\"fa-fusion-box active-icon awb-icon-minus\" aria-hidden=\"true\"><\/i><i class=\"fa-fusion-box inactive-icon awb-icon-plus\" aria-hidden=\"true\"><\/i><\/span><span class=\"fusion-toggle-heading\">Affiches<\/span><\/a><\/h4><\/div><div id=\"818f1680932f2a0ce\" class=\"panel-collapse collapse \" araia-labelledby=\"toggle_818f1680932f2a0ce\"><div class=\"panel-body toggle-content fusion-clearfix\">\n\t\t<style type=\"text\/css\">\n\t\t\t#gallery-1 {\n\t\t\t\tmargin: auto;\n\t\t\t}\n\t\t\t#gallery-1 .gallery-item {\n\t\t\t\tfloat: left;\n\t\t\t\tmargin-top: 10px;\n\t\t\t\ttext-align: center;\n\t\t\t\twidth: 50%;\n\t\t\t}\n\t\t\t#gallery-1 img {\n\t\t\t\tborder: 2px solid #cfcfcf;\n\t\t\t}\n\t\t\t#gallery-1 .gallery-caption {\n\t\t\t\tmargin-left: 0;\n\t\t\t}\n\t\t\t\/* see gallery_shortcode() in wp-includes\/media.php *\/\n\t\t<\/style>\n\t\t<div id='gallery-1' class='gallery galleryid-1762 gallery-columns-2 gallery-size-medium'><dl class='gallery-item'>\n\t\t\t<dt class='gallery-icon portrait'>\n\t\t\t\t<a data-rel=\"iLightbox[postimages]\" data-title=\"Le Ros\u00e9 2013\" data-caption=\"Le Ros\u00e9 2013\" href='https:\/\/www.bertrandsourdais.com\/wp-content\/uploads\/2017\/03\/cartel-le-rose-2013.jpg'><img decoding=\"async\" width=\"200\" height=\"300\" src=\"https:\/\/www.bertrandsourdais.com\/wp-content\/uploads\/2017\/03\/cartel-le-rose-2013-200x300.jpg\" class=\"attachment-medium size-medium\" alt=\"\" aria-describedby=\"gallery-1-2399\" srcset=\"https:\/\/www.bertrandsourdais.com\/wp-content\/uploads\/2017\/03\/cartel-le-rose-2013-200x300.jpg 200w, https:\/\/www.bertrandsourdais.com\/wp-content\/uploads\/2017\/03\/cartel-le-rose-2013-400x600.jpg 400w, https:\/\/www.bertrandsourdais.com\/wp-content\/uploads\/2017\/03\/cartel-le-rose-2013.jpg 533w\" sizes=\"(max-width: 200px) 100vw, 200px\" \/><\/a>\n\t\t\t<\/dt>\n\t\t\t\t<dd class='wp-caption-text gallery-caption' id='gallery-1-2399'>\n\t\t\t\tLe Ros\u00e9 2013\n\t\t\t\t<\/dd><\/dl><dl class='gallery-item'>\n\t\t\t<dt class='gallery-icon portrait'>\n\t\t\t\t<a data-rel=\"iLightbox[postimages]\" data-title=\"Le Ros\u00e9 2014\" data-caption=\"Le Ros\u00e9 2014\" href='https:\/\/www.bertrandsourdais.com\/wp-content\/uploads\/2017\/03\/cartel-le-rose-2014.jpg'><img decoding=\"async\" width=\"200\" height=\"300\" src=\"https:\/\/www.bertrandsourdais.com\/wp-content\/uploads\/2017\/03\/cartel-le-rose-2014-200x300.jpg\" class=\"attachment-medium size-medium\" alt=\"\" aria-describedby=\"gallery-1-2403\" srcset=\"https:\/\/www.bertrandsourdais.com\/wp-content\/uploads\/2017\/03\/cartel-le-rose-2014-200x300.jpg 200w, https:\/\/www.bertrandsourdais.com\/wp-content\/uploads\/2017\/03\/cartel-le-rose-2014-400x600.jpg 400w, https:\/\/www.bertrandsourdais.com\/wp-content\/uploads\/2017\/03\/cartel-le-rose-2014-600x900.jpg 600w, https:\/\/www.bertrandsourdais.com\/wp-content\/uploads\/2017\/03\/cartel-le-rose-2014-683x1024.jpg 683w, https:\/\/www.bertrandsourdais.com\/wp-content\/uploads\/2017\/03\/cartel-le-rose-2014-768x1152.jpg 768w, https:\/\/www.bertrandsourdais.com\/wp-content\/uploads\/2017\/03\/cartel-le-rose-2014-800x1200.jpg 800w, https:\/\/www.bertrandsourdais.com\/wp-content\/uploads\/2017\/03\/cartel-le-rose-2014-1200x1800.jpg 1200w, https:\/\/www.bertrandsourdais.com\/wp-content\/uploads\/2017\/03\/cartel-le-rose-2014.jpg 1575w\" sizes=\"(max-width: 200px) 100vw, 200px\" \/><\/a>\n\t\t\t<\/dt>\n\t\t\t\t<dd class='wp-caption-text gallery-caption' id='gallery-1-2403'>\n\t\t\t\tLe Ros\u00e9 2014\n\t\t\t\t<\/dd><\/dl><br style=\"clear: both\" \/><dl class='gallery-item'>\n\t\t\t<dt class='gallery-icon portrait'>\n\t\t\t\t<a data-rel=\"iLightbox[postimages]\" data-title=\"Le Ros\u00e9 2015\" data-caption=\"Le Ros\u00e9 2015\" href='https:\/\/www.bertrandsourdais.com\/wp-content\/uploads\/2017\/03\/cartel-le-rose-2015.jpg'><img decoding=\"async\" width=\"215\" height=\"300\" src=\"https:\/\/www.bertrandsourdais.com\/wp-content\/uploads\/2017\/03\/cartel-le-rose-2015-215x300.jpg\" class=\"attachment-medium size-medium\" alt=\"\" aria-describedby=\"gallery-1-2397\" srcset=\"https:\/\/www.bertrandsourdais.com\/wp-content\/uploads\/2017\/03\/cartel-le-rose-2015-200x280.jpg 200w, https:\/\/www.bertrandsourdais.com\/wp-content\/uploads\/2017\/03\/cartel-le-rose-2015-215x300.jpg 215w, https:\/\/www.bertrandsourdais.com\/wp-content\/uploads\/2017\/03\/cartel-le-rose-2015-400x559.jpg 400w, https:\/\/www.bertrandsourdais.com\/wp-content\/uploads\/2017\/03\/cartel-le-rose-2015-600x839.jpg 600w, https:\/\/www.bertrandsourdais.com\/wp-content\/uploads\/2017\/03\/cartel-le-rose-2015-733x1024.jpg 733w, https:\/\/www.bertrandsourdais.com\/wp-content\/uploads\/2017\/03\/cartel-le-rose-2015-768x1074.jpg 768w, https:\/\/www.bertrandsourdais.com\/wp-content\/uploads\/2017\/03\/cartel-le-rose-2015-800x1118.jpg 800w, https:\/\/www.bertrandsourdais.com\/wp-content\/uploads\/2017\/03\/cartel-le-rose-2015-1200x1678.jpg 1200w\" sizes=\"(max-width: 215px) 100vw, 215px\" \/><\/a>\n\t\t\t<\/dt>\n\t\t\t\t<dd class='wp-caption-text gallery-caption' id='gallery-1-2397'>\n\t\t\t\tLe Ros\u00e9 2015\n\t\t\t\t<\/dd><\/dl><dl class='gallery-item'>\n\t\t\t<dt class='gallery-icon portrait'>\n\t\t\t\t<a data-rel=\"iLightbox[postimages]\" data-title=\"Le Ros\u00e9 2016\" data-caption=\"Le Ros\u00e9 2016\" href='https:\/\/www.bertrandsourdais.com\/wp-content\/uploads\/2017\/03\/cartel-le-rose-2016.jpg'><img decoding=\"async\" width=\"213\" height=\"300\" src=\"https:\/\/www.bertrandsourdais.com\/wp-content\/uploads\/2017\/03\/cartel-le-rose-2016-213x300.jpg\" class=\"attachment-medium size-medium\" alt=\"\" aria-describedby=\"gallery-1-2401\" srcset=\"https:\/\/www.bertrandsourdais.com\/wp-content\/uploads\/2017\/03\/cartel-le-rose-2016-200x281.jpg 200w, https:\/\/www.bertrandsourdais.com\/wp-content\/uploads\/2017\/03\/cartel-le-rose-2016-213x300.jpg 213w, https:\/\/www.bertrandsourdais.com\/wp-content\/uploads\/2017\/03\/cartel-le-rose-2016-400x563.jpg 400w, https:\/\/www.bertrandsourdais.com\/wp-content\/uploads\/2017\/03\/cartel-le-rose-2016-600x844.jpg 600w, https:\/\/www.bertrandsourdais.com\/wp-content\/uploads\/2017\/03\/cartel-le-rose-2016-728x1024.jpg 728w, https:\/\/www.bertrandsourdais.com\/wp-content\/uploads\/2017\/03\/cartel-le-rose-2016-768x1080.jpg 768w, https:\/\/www.bertrandsourdais.com\/wp-content\/uploads\/2017\/03\/cartel-le-rose-2016-800x1125.jpg 800w, https:\/\/www.bertrandsourdais.com\/wp-content\/uploads\/2017\/03\/cartel-le-rose-2016-1200x1688.jpg 1200w, https:\/\/www.bertrandsourdais.com\/wp-content\/uploads\/2017\/03\/cartel-le-rose-2016.jpg 1308w\" sizes=\"(max-width: 213px) 100vw, 213px\" \/><\/a>\n\t\t\t<\/dt>\n\t\t\t\t<dd class='wp-caption-text gallery-caption' id='gallery-1-2401'>\n\t\t\t\tLe Ros\u00e9 2016\n\t\t\t\t<\/dd><\/dl><br style=\"clear: both\" \/><dl class='gallery-item'>\n\t\t\t<dt class='gallery-icon portrait'>\n\t\t\t\t<a data-rel=\"iLightbox[postimages]\" data-title=\"Le Ros\u00e9 2017\" data-caption=\"Le Ros\u00e9 2017\" href='https:\/\/www.bertrandsourdais.com\/wp-content\/uploads\/2019\/09\/Cartel-Le-Rose-2017.jpg'><img decoding=\"async\" width=\"213\" height=\"300\" src=\"https:\/\/www.bertrandsourdais.com\/wp-content\/uploads\/2019\/09\/Cartel-Le-Rose-2017-213x300.jpg\" class=\"attachment-medium size-medium\" alt=\"\" aria-describedby=\"gallery-1-2581\" srcset=\"https:\/\/www.bertrandsourdais.com\/wp-content\/uploads\/2019\/09\/Cartel-Le-Rose-2017-200x281.jpg 200w, https:\/\/www.bertrandsourdais.com\/wp-content\/uploads\/2019\/09\/Cartel-Le-Rose-2017-213x300.jpg 213w, https:\/\/www.bertrandsourdais.com\/wp-content\/uploads\/2019\/09\/Cartel-Le-Rose-2017-400x562.jpg 400w, https:\/\/www.bertrandsourdais.com\/wp-content\/uploads\/2019\/09\/Cartel-Le-Rose-2017.jpg 569w\" sizes=\"(max-width: 213px) 100vw, 213px\" \/><\/a>\n\t\t\t<\/dt>\n\t\t\t\t<dd class='wp-caption-text gallery-caption' id='gallery-1-2581'>\n\t\t\t\tLe Ros\u00e9 2017\n\t\t\t\t<\/dd><\/dl>\n\t\t\t<br style='clear: both' \/>\n\t\t<\/div>\n<\/div><\/div><\/div><\/div><\/div><div class=\"fusion-clearfix\"><\/div><\/div><\/div><\/div><\/div>\n","protected":false},"excerpt":{"rendered":"","protected":false},"author":1,"featured_media":0,"parent":1754,"menu_order":0,"comment_status":"closed","ping_status":"closed","template":"","meta":{"footnotes":""},"class_list":["post-1762","page","type-page","status-publish","hentry"],"_links":{"self":[{"href":"https:\/\/www.bertrandsourdais.com\/fr\/wp-json\/wp\/v2\/pages\/1762"}],"collection":[{"href":"https:\/\/www.bertrandsourdais.com\/fr\/wp-json\/wp\/v2\/pages"}],"about":[{"href":"https:\/\/www.bertrandsourdais.com\/fr\/wp-json\/wp\/v2\/types\/page"}],"author":[{"embeddable":true,"href":"https:\/\/www.bertrandsourdais.com\/fr\/wp-json\/wp\/v2\/users\/1"}],"replies":[{"embeddable":true,"href":"https:\/\/www.bertrandsourdais.com\/fr\/wp-json\/wp\/v2\/comments?post=1762"}],"version-history":[{"count":5,"href":"https:\/\/www.bertrandsourdais.com\/fr\/wp-json\/wp\/v2\/pages\/1762\/revisions"}],"predecessor-version":[{"id":1812,"href":"https:\/\/www.bertrandsourdais.com\/fr\/wp-json\/wp\/v2\/pages\/1762\/revisions\/1812"}],"up":[{"embeddable":true,"href":"https:\/\/www.bertrandsourdais.com\/fr\/wp-json\/wp\/v2\/pages\/1754"}],"wp:attachment":[{"href":"https:\/\/www.bertrandsourdais.com\/fr\/wp-json\/wp\/v2\/media?parent=1762"}],"curies":[{"name":"wp","href":"https:\/\/api.w.org\/{rel}","templated":true}]}}