{"id":1764,"date":"2020-08-31T09:36:46","date_gmt":"2020-08-31T09:36:46","guid":{"rendered":"http:\/\/www.bertrandsourdais.com\/fr\/?page_id=1764"},"modified":"2020-09-01T07:40:06","modified_gmt":"2020-09-01T07:40:06","slug":"roselito","status":"publish","type":"page","link":"https:\/\/www.bertrandsourdais.com\/fr\/bodegas-antidoto__trashed\/roselito\/","title":{"rendered":"Roselito"},"content":{"rendered":"<div class=\"fusion-fullwidth fullwidth-box fusion-builder-row-1 nonhundred-percent-fullwidth non-hundred-percent-height-scrolling\" style=\"background-color: rgba(255,255,255,0);background-position: center center;background-repeat: no-repeat;padding-top:20px;padding-right:0px;padding-bottom:20px;padding-left:0px;margin-bottom: 30px;margin-top: 20px;border-width: 0px 0px 0px 0px;border-color:#eae9e9;border-style:solid;\" ><div class=\"fusion-builder-row fusion-row\"><div class=\"fusion-layout-column fusion_builder_column fusion-builder-column-0 fusion_builder_column_1_3 1_3 fusion-one-third fusion-column-first\" style=\"width:33.333333333333%;width:calc(33.333333333333% - ( ( 4% ) * 0.33333333333333 ) );margin-right: 4%;margin-top:0px;margin-bottom:20px;\"><div class=\"fusion-column-wrapper fusion-flex-column-wrapper-legacy\" style=\"background-position:left top;background-repeat:no-repeat;-webkit-background-size:cover;-moz-background-size:cover;-o-background-size:cover;background-size:cover;padding: 0px 0px 0px 0px;\"><div class=\"imageframe-align-center\"><span class=\" fusion-imageframe imageframe-none imageframe-1 hover-type-none\"><a href=\"https:\/\/www.bertrandsourdais.com\/wp-content\/uploads\/2017\/03\/vino-roselito-2019.jpg\" class=\"fusion-lightbox\" data-rel=\"iLightbox[570d0033a9940fd59d6]\" data-title=\"vino-roselito-2019\" title=\"vino-roselito-2019\"><img decoding=\"async\" width=\"546\" height=\"1145\" src=\"https:\/\/www.bertrandsourdais.com\/wp-content\/uploads\/2017\/03\/vino-roselito-2019.jpg\" alt class=\"img-responsive wp-image-2671\" srcset=\"https:\/\/www.bertrandsourdais.com\/wp-content\/uploads\/2017\/03\/vino-roselito-2019-200x419.jpg 200w, https:\/\/www.bertrandsourdais.com\/wp-content\/uploads\/2017\/03\/vino-roselito-2019-400x839.jpg 400w, https:\/\/www.bertrandsourdais.com\/wp-content\/uploads\/2017\/03\/vino-roselito-2019.jpg 546w\" sizes=\"(max-width: 800px) 100vw, 400px\" \/><\/a><\/span><\/div><div class=\"fusion-clearfix\"><\/div><\/div><\/div><div class=\"fusion-layout-column fusion_builder_column fusion-builder-column-1 fusion_builder_column_2_3 2_3 fusion-two-third fusion-column-last\" style=\"width:66.666666666667%;width:calc(66.666666666667% - ( ( 4% ) * 0.66666666666667 ) );margin-top:20px;margin-bottom:20px;\"><div class=\"fusion-column-wrapper fusion-flex-column-wrapper-legacy\" style=\"background-position:left top;background-repeat:no-repeat;-webkit-background-size:cover;-moz-background-size:cover;-o-background-size:cover;background-size:cover;padding: 0px 0px 0px 0px;\"><style type=\"text\/css\"><\/style><div class=\"fusion-title title fusion-title-1 fusion-sep-none fusion-title-text fusion-title-size-one titulo-ficha-vino\" style=\"margin-top:0px;margin-right:0px;margin-bottom:10px;margin-left:0px;\"><h1 class=\"title-heading-left fusion-responsive-typography-calculated\" style=\"margin:0;--fontSize:34;line-height:1.4;\">Roselito<\/h1><\/div><div class=\"fusion-text fusion-text-1\"><p style=\"text-align: justify;\">Bodegas Ant\u00eddoto produit un vin ros\u00e9 \u00abpopulaire\u00bb avec une personnalit\u00e9 authentique au sein de la DO Ribera del Duero. Voici Roselito, le petit fr\u00e8re de Le Ros\u00e9. L&rsquo;assemblage traditionnel de vieilles vignes d&rsquo;Albillo et de Tinto Fino, offre un vin d&rsquo;une originalit\u00e9 marqu\u00e9e.<\/p>\n<\/div><style type=\"text\/css\">#accordion-1764-1 .fusion-panel:hover{ border-color: #e0dede } #accordion-1764-1 .fusion-panel { border-color:#e0dede; }.fusion-accordian  #accordion-1764-1 .panel-title a .fa-fusion-box{ color: var(--awb-color1);}.fusion-accordian  #accordion-1764-1 .panel-title a .fa-fusion-box:before{ font-size: 16px; width: 16px;}.fusion-accordian  #accordion-1764-1 .panel-title a{font-size:24px;line-height:1.5;color:#333333;font-family:\"PT Sans\";font-weight:400;}.fusion-accordian  #accordion-1764-1 .toggle-content{font-size:15px;color:#747474;font-family:\"PT Sans\";font-weight:400;}.fusion-accordian  #accordion-1764-1 .fa-fusion-box { background-color: #333333;border-color: #333333;}.fusion-accordian  #accordion-1764-1 .panel-title a:not(.active):hover, #accordion-1764-1 .fusion-toggle-boxed-mode:hover .panel-title a { color: #d5c587;}.fusion-accordian  #accordion-1764-1 .panel-title .active .fa-fusion-box,.fusion-accordian  #accordion-1764-1 .panel-title a:not(.active):hover .fa-fusion-box { background-color: #d5c587!important;border-color: #d5c587!important;}<\/style><div class=\"accordian fusion-accordian desplegable-antidoto\"><div class=\"panel-group\" id=\"accordion-1764-1\"><style type=\"text\/css\">.fusion-accordian  #accordion-1764-1 .panel-61360f07b0592e50c .panel-title a{}.fusion-accordian  #accordion-1764-1 .panel-61360f07b0592e50c .toggle-content{}<\/style><div class=\"fusion-panel panel-default panel-61360f07b0592e50c fusion-toggle-no-divider\"><div class=\"panel-heading\"><h4 class=\"panel-title toggle\" id=\"toggle_61360f07b0592e50c\"><a aria-expanded=\"false\" aria-controls=\"61360f07b0592e50c\" role=\"button\" data-toggle=\"collapse\" data-parent=\"#accordion-1764-1\" data-target=\"#61360f07b0592e50c\" href=\"#61360f07b0592e50c\"><span class=\"fusion-toggle-icon-wrapper\" aria-hidden=\"true\"><i class=\"fa-fusion-box active-icon awb-icon-minus\" aria-hidden=\"true\"><\/i><i class=\"fa-fusion-box inactive-icon awb-icon-plus\" aria-hidden=\"true\"><\/i><\/span><span class=\"fusion-toggle-heading\">Roselito 2019<\/span><\/a><\/h4><\/div><div id=\"61360f07b0592e50c\" class=\"panel-collapse collapse \" araia-labelledby=\"toggle_61360f07b0592e50c\"><div class=\"panel-body toggle-content fusion-clearfix\">\n<p style=\"text-align: justify;\">C\u00e9page: Tinto Fino: 65%. Albillo: 35%.<\/p>\n<p style=\"text-align: justify;\">Pr\u00e9paration: Pressurage direct des grappes enti\u00e8res, m\u00e9lange de raisins rouges et blancs. 21 jours de fermentation en acier inoxydable.<\/p>\n<p style=\"text-align: justify;\">Mise en bouteille: 12 janvier 2020.<\/p>\n<p style=\"text-align: justify;\">Production 2019: 60 000 bouteilles.<\/p>\n<p style=\"text-align: justify;\">Acidit\u00e9 totale: (AT TH2) 6,2 g \/ L<\/p>\n<p style=\"text-align: justify;\">Ph: 3,23<\/p>\n<p style=\"text-align: justify;\">SO2L: 33 mg \/ L<\/p>\n<p style=\"text-align: justify;\">SO2T: 79 mg \/ L<\/p>\n<p style=\"text-align: justify;\">% Vol: 13,0 \u00baAlc.<\/p>\n<p><b>Roselito 2019<\/b><\/p>\n<p style=\"text-align: justify;\">Le d\u00e9but de l&rsquo;ann\u00e9e a \u00e9t\u00e9 caract\u00e9ris\u00e9 par un hiver sec. Apr\u00e8s quelques chutes de neige, un redoux a \u00e9t\u00e9 observ\u00e9 entre le 18 et le 28 f\u00e9vrier, mais l&rsquo;herbe du vignoble n&rsquo;a pas pouss\u00e9 et les bourgeons ne sont pas sortis car les sols et sous-sols \u00e9taient froids.<\/p>\n<p style=\"text-align: justify;\">La germination a eu lieu le 30 avril, le mois o\u00f9 les pluies sont arriv\u00e9es. Les 4 et 6 mai, on a eu des gel\u00e9es importantes. Un froid intense au milieu du printemps a fait perdre au vignoble yeux et bourgeons, heureusement pas les secondaires, ce qui a pr\u00e9serv\u00e9 le bien-\u00eatre de la plante, qui n\u2019ont pas non plus \u00e9t\u00e9 affect\u00e9es par un stress hydrique.<\/p>\n<p style=\"text-align: justify;\">Le vignoble en corollaire a donn\u00e9 peu de raisin, mais sans remarquer de souffrance de la part de la plante.<\/p>\n<p style=\"text-align: justify;\">L\u2019\u00e9t\u00e9 2019 a \u00e9t\u00e9 chaud et tr\u00e8s sec dans les vignobles soriens. Une canicule a \u00e9t\u00e9 enregistr\u00e9e \u00e0 la fin du mois de juin (le 25, jour de floraison): pendant dix jours les temp\u00e9ratures sont mont\u00e9es \u00e0 40\u00b0C.<\/p>\n<p style=\"text-align: justify;\">Le 10 ao\u00fbt, 50% de la v\u00e9raison \u00e9tait termin\u00e9e.<\/p>\n<p style=\"text-align: justify;\">La pluie n&rsquo;est venue qu&rsquo;\u00e0 la premi\u00e8re quinzaine de septembre, accumulant 40 litres d&rsquo;eau.<\/p>\n<p style=\"text-align: justify;\">Le vignoble a connu dans cette partie de l&rsquo;ann\u00e9e un d\u00e9veloppement v\u00e9g\u00e9tatif abondant en feuilles et en tiges, malgr\u00e9 la forte chaleur. L&rsquo;exc\u00e8s d&rsquo;eau de l&rsquo;ann\u00e9e 2018 est venu att\u00e9nuer les cons\u00e9quences des temp\u00e9ratures \u00e9lev\u00e9es.<\/p>\n<p style=\"text-align: justify;\">La grande vitalit\u00e9 des plantes a permis aux vins du mill\u00e9sime 2019 de garder leur \u00e9vidente intensit\u00e9 et en m\u00eame temps un bel \u00e9quilibre.<\/p>\n<\/div><\/div><\/div><style type=\"text\/css\">.fusion-accordian  #accordion-1764-1 .panel-3bade61b67883d8b4 .panel-title a{}.fusion-accordian  #accordion-1764-1 .panel-3bade61b67883d8b4 .toggle-content{}<\/style><div class=\"fusion-panel panel-default panel-3bade61b67883d8b4 fusion-toggle-no-divider\"><div class=\"panel-heading\"><h4 class=\"panel-title toggle\" id=\"toggle_3bade61b67883d8b4\"><a aria-expanded=\"false\" aria-controls=\"3bade61b67883d8b4\" role=\"button\" data-toggle=\"collapse\" data-parent=\"#accordion-1764-1\" data-target=\"#3bade61b67883d8b4\" href=\"#3bade61b67883d8b4\"><span class=\"fusion-toggle-icon-wrapper\" aria-hidden=\"true\"><i class=\"fa-fusion-box active-icon awb-icon-minus\" aria-hidden=\"true\"><\/i><i class=\"fa-fusion-box inactive-icon awb-icon-plus\" aria-hidden=\"true\"><\/i><\/span><span class=\"fusion-toggle-heading\">Campagne 2019 Roselito<\/span><\/a><\/h4><\/div><div id=\"3bade61b67883d8b4\" class=\"panel-collapse collapse \" araia-labelledby=\"toggle_3bade61b67883d8b4\"><div class=\"panel-body toggle-content fusion-clearfix\">\n<p><iframe src=\"https:\/\/www.youtube.com\/embed\/D9dSQT9W2Ig\" width=\"560\" height=\"315\" frameborder=\"0\" allowfullscreen=\"allowfullscreen\"><\/iframe><\/p>\n<\/div><\/div><\/div><style type=\"text\/css\">.fusion-accordian  #accordion-1764-1 .panel-87a0333fd13c24b6c .panel-title a{}.fusion-accordian  #accordion-1764-1 .panel-87a0333fd13c24b6c .toggle-content{}<\/style><div class=\"fusion-panel panel-default panel-87a0333fd13c24b6c fusion-toggle-no-divider\"><div class=\"panel-heading\"><h4 class=\"panel-title toggle\" id=\"toggle_87a0333fd13c24b6c\"><a aria-expanded=\"false\" aria-controls=\"87a0333fd13c24b6c\" role=\"button\" data-toggle=\"collapse\" data-parent=\"#accordion-1764-1\" data-target=\"#87a0333fd13c24b6c\" href=\"#87a0333fd13c24b6c\"><span class=\"fusion-toggle-icon-wrapper\" aria-hidden=\"true\"><i class=\"fa-fusion-box active-icon awb-icon-minus\" aria-hidden=\"true\"><\/i><i class=\"fa-fusion-box inactive-icon awb-icon-plus\" aria-hidden=\"true\"><\/i><\/span><span class=\"fusion-toggle-heading\">Affiches 2018<\/span><\/a><\/h4><\/div><div id=\"87a0333fd13c24b6c\" class=\"panel-collapse collapse \" araia-labelledby=\"toggle_87a0333fd13c24b6c\"><div class=\"panel-body toggle-content fusion-clearfix\">\n\n\t\t<style type=\"text\/css\">\n\t\t\t#gallery-1 {\n\t\t\t\tmargin: auto;\n\t\t\t}\n\t\t\t#gallery-1 .gallery-item {\n\t\t\t\tfloat: left;\n\t\t\t\tmargin-top: 10px;\n\t\t\t\ttext-align: center;\n\t\t\t\twidth: 50%;\n\t\t\t}\n\t\t\t#gallery-1 img {\n\t\t\t\tborder: 2px solid #cfcfcf;\n\t\t\t}\n\t\t\t#gallery-1 .gallery-caption {\n\t\t\t\tmargin-left: 0;\n\t\t\t}\n\t\t\t\/* see gallery_shortcode() in wp-includes\/media.php *\/\n\t\t<\/style>\n\t\t<div id='gallery-1' class='gallery galleryid-1764 gallery-columns-2 gallery-size-medium'><dl class='gallery-item'>\n\t\t\t<dt class='gallery-icon portrait'>\n\t\t\t\t<a data-rel=\"iLightbox[postimages]\" data-title=\"Roselito\" data-caption=\"\" href='https:\/\/www.bertrandsourdais.com\/wp-content\/uploads\/2017\/03\/Cartel-2018-1.jpg'><img decoding=\"async\" width=\"212\" height=\"300\" src=\"https:\/\/www.bertrandsourdais.com\/wp-content\/uploads\/2017\/03\/Cartel-2018-1-212x300.jpg\" class=\"attachment-medium size-medium\" alt=\"\" srcset=\"https:\/\/www.bertrandsourdais.com\/wp-content\/uploads\/2017\/03\/Cartel-2018-1-200x283.jpg 200w, https:\/\/www.bertrandsourdais.com\/wp-content\/uploads\/2017\/03\/Cartel-2018-1-212x300.jpg 212w, https:\/\/www.bertrandsourdais.com\/wp-content\/uploads\/2017\/03\/Cartel-2018-1-400x566.jpg 400w, https:\/\/www.bertrandsourdais.com\/wp-content\/uploads\/2017\/03\/Cartel-2018-1-600x849.jpg 600w, https:\/\/www.bertrandsourdais.com\/wp-content\/uploads\/2017\/03\/Cartel-2018-1-724x1024.jpg 724w, https:\/\/www.bertrandsourdais.com\/wp-content\/uploads\/2017\/03\/Cartel-2018-1-768x1087.jpg 768w, https:\/\/www.bertrandsourdais.com\/wp-content\/uploads\/2017\/03\/Cartel-2018-1-800x1132.jpg 800w, https:\/\/www.bertrandsourdais.com\/wp-content\/uploads\/2017\/03\/Cartel-2018-1.jpg 848w\" sizes=\"(max-width: 212px) 100vw, 212px\" \/><\/a>\n\t\t\t<\/dt><\/dl><dl class='gallery-item'>\n\t\t\t<dt class='gallery-icon portrait'>\n\t\t\t\t<a data-rel=\"iLightbox[postimages]\" data-title=\"Roselito\" data-caption=\"\" href='https:\/\/www.bertrandsourdais.com\/wp-content\/uploads\/2017\/03\/Cartel-2018-2.jpg'><img decoding=\"async\" width=\"212\" height=\"300\" src=\"https:\/\/www.bertrandsourdais.com\/wp-content\/uploads\/2017\/03\/Cartel-2018-2-212x300.jpg\" class=\"attachment-medium size-medium\" alt=\"\" srcset=\"https:\/\/www.bertrandsourdais.com\/wp-content\/uploads\/2017\/03\/Cartel-2018-2-200x283.jpg 200w, https:\/\/www.bertrandsourdais.com\/wp-content\/uploads\/2017\/03\/Cartel-2018-2-212x300.jpg 212w, https:\/\/www.bertrandsourdais.com\/wp-content\/uploads\/2017\/03\/Cartel-2018-2-400x566.jpg 400w, https:\/\/www.bertrandsourdais.com\/wp-content\/uploads\/2017\/03\/Cartel-2018-2-600x849.jpg 600w, https:\/\/www.bertrandsourdais.com\/wp-content\/uploads\/2017\/03\/Cartel-2018-2-724x1024.jpg 724w, https:\/\/www.bertrandsourdais.com\/wp-content\/uploads\/2017\/03\/Cartel-2018-2-768x1087.jpg 768w, https:\/\/www.bertrandsourdais.com\/wp-content\/uploads\/2017\/03\/Cartel-2018-2-800x1132.jpg 800w, https:\/\/www.bertrandsourdais.com\/wp-content\/uploads\/2017\/03\/Cartel-2018-2.jpg 848w\" sizes=\"(max-width: 212px) 100vw, 212px\" \/><\/a>\n\t\t\t<\/dt><\/dl><br style=\"clear: both\" \/><dl class='gallery-item'>\n\t\t\t<dt class='gallery-icon portrait'>\n\t\t\t\t<a data-rel=\"iLightbox[postimages]\" data-title=\"Roselito\" data-caption=\"\" href='https:\/\/www.bertrandsourdais.com\/wp-content\/uploads\/2017\/03\/Cartel-2018-3.jpg'><img decoding=\"async\" width=\"212\" height=\"300\" src=\"https:\/\/www.bertrandsourdais.com\/wp-content\/uploads\/2017\/03\/Cartel-2018-3-212x300.jpg\" class=\"attachment-medium size-medium\" alt=\"\" srcset=\"https:\/\/www.bertrandsourdais.com\/wp-content\/uploads\/2017\/03\/Cartel-2018-3-200x283.jpg 200w, https:\/\/www.bertrandsourdais.com\/wp-content\/uploads\/2017\/03\/Cartel-2018-3-212x300.jpg 212w, https:\/\/www.bertrandsourdais.com\/wp-content\/uploads\/2017\/03\/Cartel-2018-3-400x566.jpg 400w, https:\/\/www.bertrandsourdais.com\/wp-content\/uploads\/2017\/03\/Cartel-2018-3-600x849.jpg 600w, https:\/\/www.bertrandsourdais.com\/wp-content\/uploads\/2017\/03\/Cartel-2018-3-724x1024.jpg 724w, https:\/\/www.bertrandsourdais.com\/wp-content\/uploads\/2017\/03\/Cartel-2018-3-768x1087.jpg 768w, https:\/\/www.bertrandsourdais.com\/wp-content\/uploads\/2017\/03\/Cartel-2018-3-800x1132.jpg 800w, https:\/\/www.bertrandsourdais.com\/wp-content\/uploads\/2017\/03\/Cartel-2018-3.jpg 848w\" sizes=\"(max-width: 212px) 100vw, 212px\" \/><\/a>\n\t\t\t<\/dt><\/dl>\n\t\t\t<br style='clear: both' \/>\n\t\t<\/div>\n\n<\/div><\/div><\/div><style type=\"text\/css\">.fusion-accordian  #accordion-1764-1 .panel-6ff630aa6a6428bed .panel-title a{}.fusion-accordian  #accordion-1764-1 .panel-6ff630aa6a6428bed .toggle-content{}<\/style><div class=\"fusion-panel panel-default panel-6ff630aa6a6428bed fusion-toggle-no-divider\"><div class=\"panel-heading\"><h4 class=\"panel-title toggle\" id=\"toggle_6ff630aa6a6428bed\"><a aria-expanded=\"false\" aria-controls=\"6ff630aa6a6428bed\" role=\"button\" data-toggle=\"collapse\" data-parent=\"#accordion-1764-1\" data-target=\"#6ff630aa6a6428bed\" href=\"#6ff630aa6a6428bed\"><span class=\"fusion-toggle-icon-wrapper\" aria-hidden=\"true\"><i class=\"fa-fusion-box active-icon awb-icon-minus\" aria-hidden=\"true\"><\/i><i class=\"fa-fusion-box inactive-icon awb-icon-plus\" aria-hidden=\"true\"><\/i><\/span><span class=\"fusion-toggle-heading\">Affiches 2017<\/span><\/a><\/h4><\/div><div id=\"6ff630aa6a6428bed\" class=\"panel-collapse collapse \" araia-labelledby=\"toggle_6ff630aa6a6428bed\"><div class=\"panel-body toggle-content fusion-clearfix\">\n\n\t\t<style type=\"text\/css\">\n\t\t\t#gallery-2 {\n\t\t\t\tmargin: auto;\n\t\t\t}\n\t\t\t#gallery-2 .gallery-item {\n\t\t\t\tfloat: left;\n\t\t\t\tmargin-top: 10px;\n\t\t\t\ttext-align: center;\n\t\t\t\twidth: 50%;\n\t\t\t}\n\t\t\t#gallery-2 img {\n\t\t\t\tborder: 2px solid #cfcfcf;\n\t\t\t}\n\t\t\t#gallery-2 .gallery-caption {\n\t\t\t\tmargin-left: 0;\n\t\t\t}\n\t\t\t\/* see gallery_shortcode() in wp-includes\/media.php *\/\n\t\t<\/style>\n\t\t<div id='gallery-2' class='gallery galleryid-1764 gallery-columns-2 gallery-size-medium'><dl class='gallery-item'>\n\t\t\t<dt class='gallery-icon portrait'>\n\t\t\t\t<a data-rel=\"iLightbox[postimages]\" data-title=\"Roselito Arrocito\" data-caption=\"Arrocito\" href='https:\/\/www.bertrandsourdais.com\/wp-content\/uploads\/2017\/06\/cartel-roselito-arrocito.jpg'><img decoding=\"async\" width=\"212\" height=\"300\" src=\"https:\/\/www.bertrandsourdais.com\/wp-content\/uploads\/2017\/06\/cartel-roselito-arrocito-212x300.jpg\" class=\"attachment-medium size-medium\" alt=\"\" aria-describedby=\"gallery-2-2433\" srcset=\"https:\/\/www.bertrandsourdais.com\/wp-content\/uploads\/2017\/06\/cartel-roselito-arrocito-200x283.jpg 200w, https:\/\/www.bertrandsourdais.com\/wp-content\/uploads\/2017\/06\/cartel-roselito-arrocito-212x300.jpg 212w, https:\/\/www.bertrandsourdais.com\/wp-content\/uploads\/2017\/06\/cartel-roselito-arrocito-400x565.jpg 400w, https:\/\/www.bertrandsourdais.com\/wp-content\/uploads\/2017\/06\/cartel-roselito-arrocito-600x848.jpg 600w, https:\/\/www.bertrandsourdais.com\/wp-content\/uploads\/2017\/06\/cartel-roselito-arrocito-724x1024.jpg 724w, https:\/\/www.bertrandsourdais.com\/wp-content\/uploads\/2017\/06\/cartel-roselito-arrocito-768x1086.jpg 768w, https:\/\/www.bertrandsourdais.com\/wp-content\/uploads\/2017\/06\/cartel-roselito-arrocito-800x1131.jpg 800w, https:\/\/www.bertrandsourdais.com\/wp-content\/uploads\/2017\/06\/cartel-roselito-arrocito.jpg 827w\" sizes=\"(max-width: 212px) 100vw, 212px\" \/><\/a>\n\t\t\t<\/dt>\n\t\t\t\t<dd class='wp-caption-text gallery-caption' id='gallery-2-2433'>\n\t\t\t\tArrocito\n\t\t\t\t<\/dd><\/dl><dl class='gallery-item'>\n\t\t\t<dt class='gallery-icon portrait'>\n\t\t\t\t<a data-rel=\"iLightbox[postimages]\" data-title=\"Roselito Flamenquito\" data-caption=\"Flamenquito\" href='https:\/\/www.bertrandsourdais.com\/wp-content\/uploads\/2017\/06\/cartel-roselito-flamenquito.jpg'><img decoding=\"async\" width=\"212\" height=\"300\" src=\"https:\/\/www.bertrandsourdais.com\/wp-content\/uploads\/2017\/06\/cartel-roselito-flamenquito-212x300.jpg\" class=\"attachment-medium size-medium\" alt=\"\" aria-describedby=\"gallery-2-2435\" srcset=\"https:\/\/www.bertrandsourdais.com\/wp-content\/uploads\/2017\/06\/cartel-roselito-flamenquito-200x283.jpg 200w, https:\/\/www.bertrandsourdais.com\/wp-content\/uploads\/2017\/06\/cartel-roselito-flamenquito-212x300.jpg 212w, https:\/\/www.bertrandsourdais.com\/wp-content\/uploads\/2017\/06\/cartel-roselito-flamenquito-400x566.jpg 400w, https:\/\/www.bertrandsourdais.com\/wp-content\/uploads\/2017\/06\/cartel-roselito-flamenquito-600x848.jpg 600w, https:\/\/www.bertrandsourdais.com\/wp-content\/uploads\/2017\/06\/cartel-roselito-flamenquito.jpg 679w\" sizes=\"(max-width: 212px) 100vw, 212px\" \/><\/a>\n\t\t\t<\/dt>\n\t\t\t\t<dd class='wp-caption-text gallery-caption' id='gallery-2-2435'>\n\t\t\t\tFlamenquito\n\t\t\t\t<\/dd><\/dl><br style=\"clear: both\" \/><dl class='gallery-item'>\n\t\t\t<dt class='gallery-icon portrait'>\n\t\t\t\t<a data-rel=\"iLightbox[postimages]\" data-title=\"Roselito Jamoncito\" data-caption=\"Jamoncito\" href='https:\/\/www.bertrandsourdais.com\/wp-content\/uploads\/2017\/06\/cartel-roselito-jamoncito.jpg'><img decoding=\"async\" width=\"212\" height=\"300\" src=\"https:\/\/www.bertrandsourdais.com\/wp-content\/uploads\/2017\/06\/cartel-roselito-jamoncito-212x300.jpg\" class=\"attachment-medium size-medium\" alt=\"\" aria-describedby=\"gallery-2-2431\" srcset=\"https:\/\/www.bertrandsourdais.com\/wp-content\/uploads\/2017\/06\/cartel-roselito-jamoncito-200x283.jpg 200w, https:\/\/www.bertrandsourdais.com\/wp-content\/uploads\/2017\/06\/cartel-roselito-jamoncito-212x300.jpg 212w, https:\/\/www.bertrandsourdais.com\/wp-content\/uploads\/2017\/06\/cartel-roselito-jamoncito-400x566.jpg 400w, https:\/\/www.bertrandsourdais.com\/wp-content\/uploads\/2017\/06\/cartel-roselito-jamoncito-600x848.jpg 600w, https:\/\/www.bertrandsourdais.com\/wp-content\/uploads\/2017\/06\/cartel-roselito-jamoncito.jpg 679w\" sizes=\"(max-width: 212px) 100vw, 212px\" \/><\/a>\n\t\t\t<\/dt>\n\t\t\t\t<dd class='wp-caption-text gallery-caption' id='gallery-2-2431'>\n\t\t\t\tJamoncito\n\t\t\t\t<\/dd><\/dl><dl class='gallery-item'>\n\t\t\t<dt class='gallery-icon portrait'>\n\t\t\t\t<a data-rel=\"iLightbox[postimages]\" data-title=\"Roselito Verano\" data-caption=\"Verano\" href='https:\/\/www.bertrandsourdais.com\/wp-content\/uploads\/2017\/06\/cartel-roselito-verano.jpg'><img decoding=\"async\" width=\"212\" height=\"300\" src=\"https:\/\/www.bertrandsourdais.com\/wp-content\/uploads\/2017\/06\/cartel-roselito-verano-212x300.jpg\" class=\"attachment-medium size-medium\" alt=\"\" aria-describedby=\"gallery-2-2429\" srcset=\"https:\/\/www.bertrandsourdais.com\/wp-content\/uploads\/2017\/06\/cartel-roselito-verano-200x283.jpg 200w, https:\/\/www.bertrandsourdais.com\/wp-content\/uploads\/2017\/06\/cartel-roselito-verano-212x300.jpg 212w, https:\/\/www.bertrandsourdais.com\/wp-content\/uploads\/2017\/06\/cartel-roselito-verano-400x565.jpg 400w, https:\/\/www.bertrandsourdais.com\/wp-content\/uploads\/2017\/06\/cartel-roselito-verano-600x848.jpg 600w, https:\/\/www.bertrandsourdais.com\/wp-content\/uploads\/2017\/06\/cartel-roselito-verano-724x1024.jpg 724w, https:\/\/www.bertrandsourdais.com\/wp-content\/uploads\/2017\/06\/cartel-roselito-verano-768x1086.jpg 768w, https:\/\/www.bertrandsourdais.com\/wp-content\/uploads\/2017\/06\/cartel-roselito-verano-800x1131.jpg 800w, https:\/\/www.bertrandsourdais.com\/wp-content\/uploads\/2017\/06\/cartel-roselito-verano.jpg 827w\" sizes=\"(max-width: 212px) 100vw, 212px\" \/><\/a>\n\t\t\t<\/dt>\n\t\t\t\t<dd class='wp-caption-text gallery-caption' id='gallery-2-2429'>\n\t\t\t\tVerano\n\t\t\t\t<\/dd><\/dl><br style=\"clear: both\" \/>\n\t\t<\/div>\n\n<\/div><\/div><\/div><\/div><\/div><div class=\"fusion-clearfix\"><\/div><\/div><\/div><\/div><\/div>\n","protected":false},"excerpt":{"rendered":"","protected":false},"author":1,"featured_media":0,"parent":1754,"menu_order":0,"comment_status":"closed","ping_status":"closed","template":"","meta":{"footnotes":""},"class_list":["post-1764","page","type-page","status-publish","hentry"],"_links":{"self":[{"href":"https:\/\/www.bertrandsourdais.com\/fr\/wp-json\/wp\/v2\/pages\/1764"}],"collection":[{"href":"https:\/\/www.bertrandsourdais.com\/fr\/wp-json\/wp\/v2\/pages"}],"about":[{"href":"https:\/\/www.bertrandsourdais.com\/fr\/wp-json\/wp\/v2\/types\/page"}],"author":[{"embeddable":true,"href":"https:\/\/www.bertrandsourdais.com\/fr\/wp-json\/wp\/v2\/users\/1"}],"replies":[{"embeddable":true,"href":"https:\/\/www.bertrandsourdais.com\/fr\/wp-json\/wp\/v2\/comments?post=1764"}],"version-history":[{"count":3,"href":"https:\/\/www.bertrandsourdais.com\/fr\/wp-json\/wp\/v2\/pages\/1764\/revisions"}],"predecessor-version":[{"id":1813,"href":"https:\/\/www.bertrandsourdais.com\/fr\/wp-json\/wp\/v2\/pages\/1764\/revisions\/1813"}],"up":[{"embeddable":true,"href":"https:\/\/www.bertrandsourdais.com\/fr\/wp-json\/wp\/v2\/pages\/1754"}],"wp:attachment":[{"href":"https:\/\/www.bertrandsourdais.com\/fr\/wp-json\/wp\/v2\/media?parent=1764"}],"curies":[{"name":"wp","href":"https:\/\/api.w.org\/{rel}","templated":true}]}}