{"id":1768,"date":"2020-09-01T08:00:32","date_gmt":"2020-09-01T08:00:32","guid":{"rendered":"http:\/\/www.bertrandsourdais.com\/fr\/?page_id=1768"},"modified":"2020-09-01T08:00:32","modified_gmt":"2020-09-01T08:00:32","slug":"vieilles-vignes-de-soria","status":"publish","type":"page","link":"https:\/\/www.bertrandsourdais.com\/fr\/dominio-de-es\/vieilles-vignes-de-soria\/","title":{"rendered":"Vieilles vignes de Soria"},"content":{"rendered":"<div class=\"fusion-fullwidth fullwidth-box fusion-builder-row-1 nonhundred-percent-fullwidth non-hundred-percent-height-scrolling\" style=\"background-color: rgba(255,255,255,0);background-position: center center;background-repeat: no-repeat;padding-top:20px;padding-right:0px;padding-bottom:20px;padding-left:0px;margin-bottom: 30px;margin-top: 20px;border-width: 0px 0px 0px 0px;border-color:#eae9e9;border-style:solid;\" ><div class=\"fusion-builder-row fusion-row\"><div class=\"fusion-layout-column fusion_builder_column fusion-builder-column-0 fusion_builder_column_1_3 1_3 fusion-one-third fusion-column-first\" style=\"width:33.333333333333%;width:calc(33.333333333333% - ( ( 4% ) * 0.33333333333333 ) );margin-right: 4%;margin-top:0px;margin-bottom:20px;\"><div class=\"fusion-column-wrapper fusion-flex-column-wrapper-legacy\" style=\"background-position:left top;background-repeat:no-repeat;-webkit-background-size:cover;-moz-background-size:cover;-o-background-size:cover;background-size:cover;padding: 0px 0px 0px 0px;\"><div class=\"imageframe-align-center\"><span class=\" fusion-imageframe imageframe-none imageframe-1 hover-type-none\"><a href=\"https:\/\/www.bertrandsourdais.com\/wp-content\/uploads\/2017\/03\/botella-VINAS-VIEJAS-SORIA-new.jpg\" class=\"fusion-lightbox\" data-rel=\"iLightbox[16c11aadbde36df1e02]\" data-title=\"botella-VINAS-VIEJAS-SORIA-new\" title=\"botella-VINAS-VIEJAS-SORIA-new\"><img decoding=\"async\" width=\"546\" height=\"1145\" src=\"https:\/\/www.bertrandsourdais.com\/wp-content\/uploads\/2017\/03\/botella-VINAS-VIEJAS-SORIA-new.jpg\" alt class=\"img-responsive wp-image-2391\" srcset=\"https:\/\/www.bertrandsourdais.com\/wp-content\/uploads\/2017\/03\/botella-VINAS-VIEJAS-SORIA-new-200x419.jpg 200w, https:\/\/www.bertrandsourdais.com\/wp-content\/uploads\/2017\/03\/botella-VINAS-VIEJAS-SORIA-new-400x839.jpg 400w, https:\/\/www.bertrandsourdais.com\/wp-content\/uploads\/2017\/03\/botella-VINAS-VIEJAS-SORIA-new.jpg 546w\" sizes=\"(max-width: 800px) 100vw, 400px\" \/><\/a><\/span><\/div><div class=\"fusion-clearfix\"><\/div><\/div><\/div><div class=\"fusion-layout-column fusion_builder_column fusion-builder-column-1 fusion_builder_column_2_3 2_3 fusion-two-third fusion-column-last\" style=\"width:66.666666666667%;width:calc(66.666666666667% - ( ( 4% ) * 0.66666666666667 ) );margin-top:20px;margin-bottom:20px;\"><div class=\"fusion-column-wrapper fusion-flex-column-wrapper-legacy\" style=\"background-position:left top;background-repeat:no-repeat;-webkit-background-size:cover;-moz-background-size:cover;-o-background-size:cover;background-size:cover;padding: 0px 0px 0px 0px;\"><style type=\"text\/css\"><\/style><div class=\"fusion-title title fusion-title-1 fusion-sep-none fusion-title-text fusion-title-size-one titulo-ficha-vino-dominio-es\" style=\"margin-top:0px;margin-right:0px;margin-bottom:10px;margin-left:0px;\"><h1 class=\"title-heading-left fusion-responsive-typography-calculated\" style=\"margin:0;--fontSize:34;line-height:1.4;\">Dominio de Es<br \/>\nVieilles vignes de Soria<\/h1><\/div><div class=\"fusion-text fusion-text-1\"><p style=\"font-family: 'Open Sans'; text-align: justify;\"><em>Un rouge distingu\u00e9 et raffin\u00e9, provenant d\u2019un assemblage de plusieurs parcelles \u201cPremier Cru\u2019, de vignes pr\u00e9phyllox\u00e9riques cultiv\u00e9es de fa\u00e7on \u00e9cologique.<\/em><\/p>\n<p style=\"font-family: 'Open Sans'; text-align: justify;\"><em>Les raisins sont vinifi\u00e9s avec leur rafle et un pourcentage de c\u00e9page \u201cAlbillo\u201d puis est \u00e9lev\u00e9 en barriques bourguignonnes semineuves\/reconditionn\u00e9es pendant 18 mois, pour aboutir \u00e0 une production d\u2019environ 5.000 bouteilles.<\/em><\/p>\n<\/div><style type=\"text\/css\">#accordion-1768-1 .fusion-panel:hover{ border-color: #e0dede } #accordion-1768-1 .fusion-panel { border-color:#e0dede; }.fusion-accordian  #accordion-1768-1 .panel-title a .fa-fusion-box{ color: var(--awb-color1);}.fusion-accordian  #accordion-1768-1 .panel-title a .fa-fusion-box:before{ font-size: 16px; width: 16px;}.fusion-accordian  #accordion-1768-1 .panel-title a{font-size:24px;line-height:1.5;color:#333333;font-family:\"PT Sans\";font-weight:400;}.fusion-accordian  #accordion-1768-1 .toggle-content{font-size:15px;color:#747474;font-family:\"PT Sans\";font-weight:400;}.fusion-accordian  #accordion-1768-1 .fa-fusion-box { background-color: #333333;border-color: #333333;}.fusion-accordian  #accordion-1768-1 .panel-title a:not(.active):hover, #accordion-1768-1 .fusion-toggle-boxed-mode:hover .panel-title a { color: #d5c587;}.fusion-accordian  #accordion-1768-1 .panel-title .active .fa-fusion-box,.fusion-accordian  #accordion-1768-1 .panel-title a:not(.active):hover .fa-fusion-box { background-color: #d5c587!important;border-color: #d5c587!important;}<\/style><div class=\"accordian fusion-accordian desplegable-dominio-es\"><div class=\"panel-group\" id=\"accordion-1768-1\"><\/div><\/div><div class=\"fusion-clearfix\"><\/div><\/div><\/div><\/div><\/div>\n","protected":false},"excerpt":{"rendered":"","protected":false},"author":1,"featured_media":0,"parent":1766,"menu_order":0,"comment_status":"closed","ping_status":"closed","template":"","meta":{"footnotes":""},"class_list":["post-1768","page","type-page","status-publish","hentry"],"_links":{"self":[{"href":"https:\/\/www.bertrandsourdais.com\/fr\/wp-json\/wp\/v2\/pages\/1768"}],"collection":[{"href":"https:\/\/www.bertrandsourdais.com\/fr\/wp-json\/wp\/v2\/pages"}],"about":[{"href":"https:\/\/www.bertrandsourdais.com\/fr\/wp-json\/wp\/v2\/types\/page"}],"author":[{"embeddable":true,"href":"https:\/\/www.bertrandsourdais.com\/fr\/wp-json\/wp\/v2\/users\/1"}],"replies":[{"embeddable":true,"href":"https:\/\/www.bertrandsourdais.com\/fr\/wp-json\/wp\/v2\/comments?post=1768"}],"version-history":[{"count":2,"href":"https:\/\/www.bertrandsourdais.com\/fr\/wp-json\/wp\/v2\/pages\/1768\/revisions"}],"predecessor-version":[{"id":1824,"href":"https:\/\/www.bertrandsourdais.com\/fr\/wp-json\/wp\/v2\/pages\/1768\/revisions\/1824"}],"up":[{"embeddable":true,"href":"https:\/\/www.bertrandsourdais.com\/fr\/wp-json\/wp\/v2\/pages\/1766"}],"wp:attachment":[{"href":"https:\/\/www.bertrandsourdais.com\/fr\/wp-json\/wp\/v2\/media?parent=1768"}],"curies":[{"name":"wp","href":"https:\/\/api.w.org\/{rel}","templated":true}]}}