{"id":1772,"date":"2020-09-01T08:01:11","date_gmt":"2020-09-01T08:01:11","guid":{"rendered":"http:\/\/www.bertrandsourdais.com\/fr\/?page_id=1772"},"modified":"2020-09-01T08:01:11","modified_gmt":"2020-09-01T08:01:11","slug":"la-mata","status":"publish","type":"page","link":"https:\/\/www.bertrandsourdais.com\/fr\/dominio-de-es\/la-mata\/","title":{"rendered":"La Mata"},"content":{"rendered":"<div class=\"fusion-fullwidth fullwidth-box fusion-builder-row-1 nonhundred-percent-fullwidth non-hundred-percent-height-scrolling\" style=\"background-color: rgba(255,255,255,0);background-position: center center;background-repeat: no-repeat;padding-top:20px;padding-right:0px;padding-bottom:20px;padding-left:0px;margin-bottom: 30px;margin-top: 20px;border-width: 0px 0px 0px 0px;border-color:#eae9e9;border-style:solid;\" ><div class=\"fusion-builder-row fusion-row\"><div class=\"fusion-layout-column fusion_builder_column fusion-builder-column-0 fusion_builder_column_1_3 1_3 fusion-one-third fusion-column-first\" style=\"width:33.333333333333%;width:calc(33.333333333333% - ( ( 4% ) * 0.33333333333333 ) );margin-right: 4%;margin-top:0px;margin-bottom:20px;\"><div class=\"fusion-column-wrapper fusion-flex-column-wrapper-legacy\" style=\"background-position:left top;background-repeat:no-repeat;-webkit-background-size:cover;-moz-background-size:cover;-o-background-size:cover;background-size:cover;padding: 0px 0px 0px 0px;\"><div class=\"imageframe-align-center\"><span class=\" fusion-imageframe imageframe-none imageframe-1 hover-type-none\"><a href=\"https:\/\/www.bertrandsourdais.com\/wp-content\/uploads\/2019\/09\/botella-LA-MATA.jpg\" class=\"fusion-lightbox\" data-rel=\"iLightbox[e935b42c140594e83d5]\" data-title=\"La Mata\" title=\"La Mata\"><img decoding=\"async\" width=\"546\" height=\"1145\" src=\"https:\/\/www.bertrandsourdais.com\/wp-content\/uploads\/2019\/09\/botella-LA-MATA.jpg\" alt class=\"img-responsive wp-image-2549\" srcset=\"https:\/\/www.bertrandsourdais.com\/wp-content\/uploads\/2019\/09\/botella-LA-MATA-200x419.jpg 200w, https:\/\/www.bertrandsourdais.com\/wp-content\/uploads\/2019\/09\/botella-LA-MATA-400x839.jpg 400w, https:\/\/www.bertrandsourdais.com\/wp-content\/uploads\/2019\/09\/botella-LA-MATA.jpg 546w\" sizes=\"(max-width: 800px) 100vw, 400px\" \/><\/a><\/span><\/div><div class=\"fusion-clearfix\"><\/div><\/div><\/div><div class=\"fusion-layout-column fusion_builder_column fusion-builder-column-1 fusion_builder_column_2_3 2_3 fusion-two-third fusion-column-last\" style=\"width:66.666666666667%;width:calc(66.666666666667% - ( ( 4% ) * 0.66666666666667 ) );margin-top:20px;margin-bottom:20px;\"><div class=\"fusion-column-wrapper fusion-flex-column-wrapper-legacy\" style=\"background-position:left top;background-repeat:no-repeat;-webkit-background-size:cover;-moz-background-size:cover;-o-background-size:cover;background-size:cover;padding: 0px 0px 0px 0px;\"><style type=\"text\/css\"><\/style><div class=\"fusion-title title fusion-title-1 fusion-sep-none fusion-title-text fusion-title-size-one titulo-ficha-vino-dominio-es\" style=\"margin-top:0px;margin-right:0px;margin-bottom:10px;margin-left:0px;\"><h1 class=\"title-heading-left fusion-responsive-typography-calculated\" style=\"margin:0;--fontSize:34;line-height:1.4;\">Dominio de Es<br \/>\nLa Mata<\/h1><\/div><div class=\"fusion-text fusion-text-1\"><p style=\"font-family: 'Open Sans'; text-align: justify;\"><em>Apr\u00e8s avoir cartographi\u00e9 les 7 ha de la vall\u00e9e de La Mata en 2002, dans la r\u00e9gion d&rsquo;Atauta, nous avons trouv\u00e9 et class\u00e9 treize sols diff\u00e9rents. Nous avons rep\u00e9r\u00e9 en leur sein une parcelle sur laquelle nous cultivons 0,2 hectare, et dont la pr\u00e9sence d&rsquo;argile dans le sous-sol permet la r\u00e9gulation hydrique tout au long de l&rsquo;ann\u00e9e.<\/em><\/p>\n<p style=\"font-family: 'Open Sans'; text-align: justify;\"><em>Le cadastre de 1904 comprenait d\u00e9j\u00e0 l&rsquo;existence de cet ancien vignoble dans cette zone de la vall\u00e9e, principalement constitu\u00e9 des c\u00e9pages Tinto Fino et 2% d&rsquo;Albillo.<\/em><\/p>\n<p style=\"font-family: 'Open Sans'; text-align: justify;\"><em>D\u2019exposition orientale, le vignoble re\u00e7oit le soleil du matin et du midi. L&rsquo;apr\u00e8s-midi, l&rsquo;ombre du versant ouest cr\u00e9e un microclimat frais, typique du terroir unique du \u00abGrand Cru\u00bb de La Mata.<\/em><\/p>\n<p style=\"font-family: 'Open Sans'; text-align: justify;\"><em>L&rsquo;anciennet\u00e9 du vignoble permet une transmission de la consistance et de r\u00e9gularit\u00e9 au vin, tandis que le microclimat apporte une subtilit\u00e9 aromatique, le r\u00e9sultat est un vin soyeux et sensuel.<\/em><\/p>\n<\/div><style type=\"text\/css\">#accordion-1772-1 .fusion-panel:hover{ border-color: #e0dede } #accordion-1772-1 .fusion-panel { border-color:#e0dede; }.fusion-accordian  #accordion-1772-1 .panel-title a .fa-fusion-box{ color: var(--awb-color1);}.fusion-accordian  #accordion-1772-1 .panel-title a .fa-fusion-box:before{ font-size: 16px; width: 16px;}.fusion-accordian  #accordion-1772-1 .panel-title a{font-size:24px;line-height:1.5;color:#333333;font-family:\"PT Sans\";font-weight:400;}.fusion-accordian  #accordion-1772-1 .toggle-content{font-size:15px;color:#747474;font-family:\"PT Sans\";font-weight:400;}.fusion-accordian  #accordion-1772-1 .fa-fusion-box { background-color: #333333;border-color: #333333;}.fusion-accordian  #accordion-1772-1 .panel-title a:not(.active):hover, #accordion-1772-1 .fusion-toggle-boxed-mode:hover .panel-title a { color: #d5c587;}.fusion-accordian  #accordion-1772-1 .panel-title .active .fa-fusion-box,.fusion-accordian  #accordion-1772-1 .panel-title a:not(.active):hover .fa-fusion-box { background-color: #d5c587!important;border-color: #d5c587!important;}<\/style><div class=\"accordian fusion-accordian desplegable-dominio-es\"><div class=\"panel-group\" id=\"accordion-1772-1\"><\/div><\/div><div class=\"fusion-clearfix\"><\/div><\/div><\/div><\/div><\/div>\n","protected":false},"excerpt":{"rendered":"","protected":false},"author":1,"featured_media":0,"parent":1766,"menu_order":0,"comment_status":"closed","ping_status":"closed","template":"","meta":{"footnotes":""},"class_list":["post-1772","page","type-page","status-publish","hentry"],"_links":{"self":[{"href":"https:\/\/www.bertrandsourdais.com\/fr\/wp-json\/wp\/v2\/pages\/1772"}],"collection":[{"href":"https:\/\/www.bertrandsourdais.com\/fr\/wp-json\/wp\/v2\/pages"}],"about":[{"href":"https:\/\/www.bertrandsourdais.com\/fr\/wp-json\/wp\/v2\/types\/page"}],"author":[{"embeddable":true,"href":"https:\/\/www.bertrandsourdais.com\/fr\/wp-json\/wp\/v2\/users\/1"}],"replies":[{"embeddable":true,"href":"https:\/\/www.bertrandsourdais.com\/fr\/wp-json\/wp\/v2\/comments?post=1772"}],"version-history":[{"count":2,"href":"https:\/\/www.bertrandsourdais.com\/fr\/wp-json\/wp\/v2\/pages\/1772\/revisions"}],"predecessor-version":[{"id":1826,"href":"https:\/\/www.bertrandsourdais.com\/fr\/wp-json\/wp\/v2\/pages\/1772\/revisions\/1826"}],"up":[{"embeddable":true,"href":"https:\/\/www.bertrandsourdais.com\/fr\/wp-json\/wp\/v2\/pages\/1766"}],"wp:attachment":[{"href":"https:\/\/www.bertrandsourdais.com\/fr\/wp-json\/wp\/v2\/media?parent=1772"}],"curies":[{"name":"wp","href":"https:\/\/api.w.org\/{rel}","templated":true}]}}