{"id":2214,"date":"2021-11-16T08:09:01","date_gmt":"2021-11-16T08:09:01","guid":{"rendered":"http:\/\/www.bertrandsourdais.com\/fr\/?page_id=2214"},"modified":"2021-11-16T08:09:01","modified_gmt":"2021-11-16T08:09:01","slug":"le-clos-de-pallus","status":"publish","type":"page","link":"https:\/\/www.bertrandsourdais.com\/fr\/domaine-de-pallus\/les-vins\/le-clos-de-pallus\/","title":{"rendered":"Le Clos de Pallus"},"content":{"rendered":"<div class=\"fusion-fullwidth fullwidth-box fusion-builder-row-1 nonhundred-percent-fullwidth non-hundred-percent-height-scrolling\" style=\"background-color: rgba(255,255,255,0);background-position: center center;background-repeat: no-repeat;padding-top:20px;padding-right:0px;padding-bottom:20px;padding-left:0px;margin-bottom: 30px;margin-top: 20px;border-width: 0px 0px 0px 0px;border-color:#eae9e9;border-style:solid;\" ><div class=\"fusion-builder-row fusion-row\"><div class=\"fusion-layout-column fusion_builder_column fusion-builder-column-0 fusion_builder_column_1_3 1_3 fusion-one-third fusion-column-first\" style=\"width:33.333333333333%;width:calc(33.333333333333% - ( ( 4% ) * 0.33333333333333 ) );margin-right: 4%;margin-top:0px;margin-bottom:20px;\"><div class=\"fusion-column-wrapper fusion-flex-column-wrapper-legacy\" style=\"background-position:left top;background-repeat:no-repeat;-webkit-background-size:cover;-moz-background-size:cover;-o-background-size:cover;background-size:cover;padding: 0px 0px 0px 0px;\"><div class=\"imageframe-align-center\"><span class=\" fusion-imageframe imageframe-none imageframe-1 hover-type-none\"><a href=\"https:\/\/www.bertrandsourdais.com\/wp-content\/uploads\/2021\/11\/le_clos_pallus-2021.png\" class=\"fusion-lightbox\" data-rel=\"iLightbox[b9014ddd5ff9290b7a1]\" data-title=\"Le Clos de Pallus\" title=\"Le Clos de Pallus\"><img decoding=\"async\" width=\"546\" height=\"1145\" src=\"https:\/\/www.bertrandsourdais.com\/wp-content\/uploads\/2021\/11\/le_clos_pallus-2021.png\" alt class=\"img-responsive wp-image-2893\" srcset=\"https:\/\/www.bertrandsourdais.com\/wp-content\/uploads\/2021\/11\/le_clos_pallus-2021-200x419.png 200w, https:\/\/www.bertrandsourdais.com\/wp-content\/uploads\/2021\/11\/le_clos_pallus-2021-400x839.png 400w, https:\/\/www.bertrandsourdais.com\/wp-content\/uploads\/2021\/11\/le_clos_pallus-2021.png 546w\" sizes=\"(max-width: 800px) 100vw, 400px\" \/><\/a><\/span><\/div><div class=\"fusion-clearfix\"><\/div><\/div><\/div><div class=\"fusion-layout-column fusion_builder_column fusion-builder-column-1 fusion_builder_column_2_3 2_3 fusion-two-third fusion-column-last estilo-pallus\" style=\"width:66.666666666667%;width:calc(66.666666666667% - ( ( 4% ) * 0.66666666666667 ) );margin-top:20px;margin-bottom:20px;\"><div class=\"fusion-column-wrapper fusion-flex-column-wrapper-legacy\" style=\"background-position:left top;background-repeat:no-repeat;-webkit-background-size:cover;-moz-background-size:cover;-o-background-size:cover;background-size:cover;padding: 0px 0px 0px 0px;\"><style type=\"text\/css\"><\/style><div class=\"fusion-title title fusion-title-1 fusion-sep-none fusion-title-text fusion-title-size-one titulo-ficha-vino-domaine-pallus\" style=\"margin-top:0px;margin-right:0px;margin-bottom:10px;margin-left:0px;\"><h1 class=\"title-heading-left fusion-responsive-typography-calculated\" style=\"margin:0;--fontSize:34;line-height:1.4;\">Le Clos de Pallus<\/h1><\/div><div class=\"fusion-text fusion-text-1\"><p>Le Clos de Pallus monopole du Domaine de Pallus est la parcelle la plus famili\u00e8re car chacun de nous la traverse tous les jours pour venir au domaine.<\/p>\n<p>Cette parcelle expos\u00e9 sud-est fait parti des plus pr\u00e9coces du domaine et est en quelque sorte notre r\u00e9f\u00e9rence  en mati\u00e8re de cabernet franc.<\/p>\n<p>Seulement le fond du clos plant\u00e9 sur la zone de sol la plus riche et peupl\u00e9 de vieilles vigne est r\u00e9colt\u00e9 pour faire ce cru, environ 1 ha.<\/p>\n<p>En ressort un vin ou le caract\u00e8re vieille vigne domine et le cabernet franc, assagit transmet les anciennes v\u00e9rit\u00e9s du clos.<\/p>\n<p><strong style=\"font-weight: bold;\">Fiche technique:<\/strong><\/p>\n<p>Vigne de la commune de Cravant les Coteaux<br \/>\nC\u00e9page : cabernet franc<br \/>\nParcelle de vigne : 1,97 ha plant\u00e9e en deux temps, 1962 \u00e0 5000 ceps\/ha.<br \/>\nSol : argilo siliceux sur roche calcaire<br \/>\nCulture : biodynamie<br \/>\nRendement moyen : 30hl\/ hectare<br \/>\nVendange \u00e9rafl\u00e9e \u00e0 100%<br \/>\nVinification individuellement en cuve bois ouverte de 30 hl<br \/>\nCuvaison 25 \u00e0 30 jours<br \/>\nElevage de 18 mois en f\u00fbts bourguignons entre 5 et 10 ans.<\/p>\n<\/div><div class=\"fusion-clearfix\"><\/div><\/div><\/div><\/div><\/div>\n","protected":false},"excerpt":{"rendered":"","protected":false},"author":1,"featured_media":0,"parent":1295,"menu_order":0,"comment_status":"closed","ping_status":"closed","template":"","meta":{"footnotes":""},"class_list":["post-2214","page","type-page","status-publish","hentry"],"_links":{"self":[{"href":"https:\/\/www.bertrandsourdais.com\/fr\/wp-json\/wp\/v2\/pages\/2214"}],"collection":[{"href":"https:\/\/www.bertrandsourdais.com\/fr\/wp-json\/wp\/v2\/pages"}],"about":[{"href":"https:\/\/www.bertrandsourdais.com\/fr\/wp-json\/wp\/v2\/types\/page"}],"author":[{"embeddable":true,"href":"https:\/\/www.bertrandsourdais.com\/fr\/wp-json\/wp\/v2\/users\/1"}],"replies":[{"embeddable":true,"href":"https:\/\/www.bertrandsourdais.com\/fr\/wp-json\/wp\/v2\/comments?post=2214"}],"version-history":[{"count":1,"href":"https:\/\/www.bertrandsourdais.com\/fr\/wp-json\/wp\/v2\/pages\/2214\/revisions"}],"predecessor-version":[{"id":2215,"href":"https:\/\/www.bertrandsourdais.com\/fr\/wp-json\/wp\/v2\/pages\/2214\/revisions\/2215"}],"up":[{"embeddable":true,"href":"https:\/\/www.bertrandsourdais.com\/fr\/wp-json\/wp\/v2\/pages\/1295"}],"wp:attachment":[{"href":"https:\/\/www.bertrandsourdais.com\/fr\/wp-json\/wp\/v2\/media?parent=2214"}],"curies":[{"name":"wp","href":"https:\/\/api.w.org\/{rel}","templated":true}]}}