{"id":2985,"date":"2019-10-18T09:25:27","date_gmt":"2019-10-18T09:25:27","guid":{"rendered":"https:\/\/www.bertrandsourdais.com\/domaine-de-pallus\/les-vins\/la-rougerie\/"},"modified":"2022-08-12T13:33:22","modified_gmt":"2022-08-12T13:33:22","slug":"la-rougerie","status":"publish","type":"page","link":"https:\/\/www.bertrandsourdais.com\/fr\/domaine-de-pallus\/les-vins\/la-rougerie\/","title":{"rendered":"La Rougerie"},"content":{"rendered":"<div class=\"fusion-fullwidth fullwidth-box fusion-builder-row-1 nonhundred-percent-fullwidth non-hundred-percent-height-scrolling\" style=\"background-color: rgba(255,255,255,0);background-position: center center;background-repeat: no-repeat;padding-top:20px;padding-right:0px;padding-bottom:20px;padding-left:0px;margin-bottom: 30px;margin-top: 20px;border-width: 0px 0px 0px 0px;border-color:#eae9e9;border-style:solid;\" ><div class=\"fusion-builder-row fusion-row\"><div class=\"fusion-layout-column fusion_builder_column fusion-builder-column-0 fusion_builder_column_1_3 1_3 fusion-one-third fusion-column-first\" style=\"width:33.333333333333%;width:calc(33.333333333333% - ( ( 4% ) * 0.33333333333333 ) );margin-right: 4%;margin-top:0px;margin-bottom:20px;\"><div class=\"fusion-column-wrapper fusion-flex-column-wrapper-legacy\" style=\"background-position:left top;background-repeat:no-repeat;-webkit-background-size:cover;-moz-background-size:cover;-o-background-size:cover;background-size:cover;padding: 0px 0px 0px 0px;\"><div class=\"imageframe-align-center\"><span class=\" fusion-imageframe imageframe-none imageframe-1 hover-type-none\"><a href=\"https:\/\/www.bertrandsourdais.com\/wp-content\/uploads\/2019\/10\/rougerie.png\" class=\"fusion-lightbox\" data-rel=\"iLightbox[442d6ef5eeaf1afdd83]\" data-title=\"Rougerie\" title=\"Rougerie\"><img decoding=\"async\" width=\"546\" height=\"1145\" src=\"https:\/\/www.bertrandsourdais.com\/wp-content\/uploads\/2019\/10\/rougerie.png\" alt class=\"img-responsive wp-image-2633\" srcset=\"https:\/\/www.bertrandsourdais.com\/wp-content\/uploads\/2019\/10\/rougerie-200x419.png 200w, https:\/\/www.bertrandsourdais.com\/wp-content\/uploads\/2019\/10\/rougerie-400x839.png 400w, https:\/\/www.bertrandsourdais.com\/wp-content\/uploads\/2019\/10\/rougerie.png 546w\" sizes=\"(max-width: 800px) 100vw, 400px\" \/><\/a><\/span><\/div><div class=\"fusion-clearfix\"><\/div><\/div><\/div><div class=\"fusion-layout-column fusion_builder_column fusion-builder-column-1 fusion_builder_column_2_3 2_3 fusion-two-third fusion-column-last estilo-pallus\" style=\"width:66.666666666667%;width:calc(66.666666666667% - ( ( 4% ) * 0.66666666666667 ) );margin-top:20px;margin-bottom:20px;\"><div class=\"fusion-column-wrapper fusion-flex-column-wrapper-legacy\" style=\"background-position:left top;background-repeat:no-repeat;-webkit-background-size:cover;-moz-background-size:cover;-o-background-size:cover;background-size:cover;padding: 0px 0px 0px 0px;\"><style type=\"text\/css\"><\/style><div class=\"fusion-title title fusion-title-1 fusion-sep-none fusion-title-text fusion-title-size-one titulo-ficha-vino-domaine-pallus\" style=\"margin-top:0px;margin-right:0px;margin-bottom:10px;margin-left:0px;\"><h1 class=\"title-heading-left fusion-responsive-typography-calculated\" style=\"margin:0;--fontSize:34;line-height:1.4;\">La Rougerie<\/h1><\/div><p><strong>Le Grand cru.<\/strong><\/p>\n<p>La Rougerie se situe sur une pente douce de la partie sup\u00e9rieure du domaine o\u00f9 le coteau est expos\u00e9 plein sud.<\/p>\n<p>En plus d\u2019une situation g\u00e9ographique id\u00e9ale, les vignes se trouvent sur une tache de pure argile propre \u00e0 la parcelle de la Rougerie.<\/p>\n<p>Cette?pure argile rend?le?cabernet franc?majestueux avec un nez mystique profond et fascinant de par son \u00e9volution \u00e0 l\u2019ouverture. Une?texture velout\u00e9e?au?tanins classieux et sa fin de bouche interminable en font le Roi de Pallus !<\/p>\n<p>Grace \u00e0 un travail minutieux d\u2019observation de la vigne et du terroir, d\u2019une application de chaque instant en cave, Bertrand Sourdais a fait de la Rougerie le grand cru du domaine de Pallus mais aussi celui de toute l\u2019appellation Chinon.<\/p>\n<p><strong style=\"font-weight: bold;\">Fiche technique:<\/strong><\/p>\n<p>Vigne de la commune de Cravant les Coteaux<br>\nC\u00e9page : cabernet franc<br>\nParcelle de vigne : 1,2 ha plant\u00e9e en deux temps, 1952 puis 2007<br>\nLa partie de 1952 est compos\u00e9e d\u2019une s\u00e9lection massale avec un cabernet franc unique \u00e0 petites grappes (5000 ceps\/ha).<br>\nLa partie de 2007 est compos\u00e9e d\u2019une s\u00e9lection massale \u00ab Domaine de Pallus \u00bb (7700 ceps\/ha).<br>\nSol : pure argile<br>\nCulture : biodynamie<br>\nRendement moyen : 30hl\/ hectare<br>\nVendange \u00e9rafl\u00e9e \u00e0 95%<br>\nVinification individuellement en cuve bois ouverte de 30 hl<br>\nCuvaison 25 \u00e0 30 jours<br>\nElevage de 18 mois en f\u00fbts bourguignons dont un tiers de bois neuf<\/p><div class=\"fusion-clearfix\"><\/div><\/div><\/div><\/div><\/div>\n","protected":false},"excerpt":{"rendered":"","protected":false},"author":1,"featured_media":0,"parent":1295,"menu_order":0,"comment_status":"closed","ping_status":"closed","template":"","meta":{"footnotes":""},"class_list":["post-2985","page","type-page","status-publish","hentry"],"_links":{"self":[{"href":"https:\/\/www.bertrandsourdais.com\/fr\/wp-json\/wp\/v2\/pages\/2985"}],"collection":[{"href":"https:\/\/www.bertrandsourdais.com\/fr\/wp-json\/wp\/v2\/pages"}],"about":[{"href":"https:\/\/www.bertrandsourdais.com\/fr\/wp-json\/wp\/v2\/types\/page"}],"author":[{"embeddable":true,"href":"https:\/\/www.bertrandsourdais.com\/fr\/wp-json\/wp\/v2\/users\/1"}],"replies":[{"embeddable":true,"href":"https:\/\/www.bertrandsourdais.com\/fr\/wp-json\/wp\/v2\/comments?post=2985"}],"version-history":[{"count":6,"href":"https:\/\/www.bertrandsourdais.com\/fr\/wp-json\/wp\/v2\/pages\/2985\/revisions"}],"predecessor-version":[{"id":3034,"href":"https:\/\/www.bertrandsourdais.com\/fr\/wp-json\/wp\/v2\/pages\/2985\/revisions\/3034"}],"up":[{"embeddable":true,"href":"https:\/\/www.bertrandsourdais.com\/fr\/wp-json\/wp\/v2\/pages\/1295"}],"wp:attachment":[{"href":"https:\/\/www.bertrandsourdais.com\/fr\/wp-json\/wp\/v2\/media?parent=2985"}],"curies":[{"name":"wp","href":"https:\/\/api.w.org\/{rel}","templated":true}]}}