{"id":2986,"date":"2019-10-18T09:26:11","date_gmt":"2019-10-18T09:26:11","guid":{"rendered":"https:\/\/www.bertrandsourdais.com\/domaine-de-pallus\/les-vins\/les-pensees-de-pallus\/"},"modified":"2022-08-12T13:31:09","modified_gmt":"2022-08-12T13:31:09","slug":"les-pensees-de-pallus","status":"publish","type":"page","link":"https:\/\/www.bertrandsourdais.com\/fr\/domaine-de-pallus\/les-vins\/les-pensees-de-pallus\/","title":{"rendered":"Les Pens\u00e9es de Pallus"},"content":{"rendered":"<div class=\"fusion-fullwidth fullwidth-box fusion-builder-row-1 nonhundred-percent-fullwidth non-hundred-percent-height-scrolling\" style=\"background-color: rgba(255,255,255,0);background-position: center center;background-repeat: no-repeat;padding-top:20px;padding-right:0px;padding-bottom:20px;padding-left:0px;margin-bottom: 30px;margin-top: 20px;border-width: 0px 0px 0px 0px;border-color:#eae9e9;border-style:solid;\" ><div class=\"fusion-builder-row fusion-row\"><div class=\"fusion-layout-column fusion_builder_column fusion-builder-column-0 fusion_builder_column_1_3 1_3 fusion-one-third fusion-column-first\" style=\"width:33.333333333333%;width:calc(33.333333333333% - ( ( 4% ) * 0.33333333333333 ) );margin-right: 4%;margin-top:0px;margin-bottom:20px;\"><div class=\"fusion-column-wrapper fusion-flex-column-wrapper-legacy\" style=\"background-position:left top;background-repeat:no-repeat;-webkit-background-size:cover;-moz-background-size:cover;-o-background-size:cover;background-size:cover;padding: 0px 0px 0px 0px;\"><div class=\"imageframe-align-center\"><span class=\" fusion-imageframe imageframe-none imageframe-1 hover-type-none\"><a href=\"https:\/\/www.bertrandsourdais.com\/wp-content\/uploads\/2019\/10\/les-pensees-de-pallus.png\" class=\"fusion-lightbox\" data-rel=\"iLightbox[254e7bfbdce9a71b482]\" data-title=\"Les Pensees de Pallus\" title=\"Les Pensees de Pallus\"><img decoding=\"async\" width=\"546\" height=\"1145\" src=\"https:\/\/www.bertrandsourdais.com\/wp-content\/uploads\/2019\/10\/les-pensees-de-pallus.png\" alt class=\"img-responsive wp-image-2627\" srcset=\"https:\/\/www.bertrandsourdais.com\/wp-content\/uploads\/2019\/10\/les-pensees-de-pallus-200x419.png 200w, https:\/\/www.bertrandsourdais.com\/wp-content\/uploads\/2019\/10\/les-pensees-de-pallus-400x839.png 400w, https:\/\/www.bertrandsourdais.com\/wp-content\/uploads\/2019\/10\/les-pensees-de-pallus.png 546w\" sizes=\"(max-width: 800px) 100vw, 400px\" \/><\/a><\/span><\/div><div class=\"fusion-clearfix\"><\/div><\/div><\/div><div class=\"fusion-layout-column fusion_builder_column fusion-builder-column-1 fusion_builder_column_2_3 2_3 fusion-two-third fusion-column-last estilo-pallus\" style=\"width:66.666666666667%;width:calc(66.666666666667% - ( ( 4% ) * 0.66666666666667 ) );margin-top:20px;margin-bottom:20px;\"><div class=\"fusion-column-wrapper fusion-flex-column-wrapper-legacy\" style=\"background-position:left top;background-repeat:no-repeat;-webkit-background-size:cover;-moz-background-size:cover;-o-background-size:cover;background-size:cover;padding: 0px 0px 0px 0px;\"><style type=\"text\/css\"><\/style><div class=\"fusion-title title fusion-title-1 fusion-sep-none fusion-title-text fusion-title-size-one titulo-ficha-vino-domaine-pallus\" style=\"margin-top:0px;margin-right:0px;margin-bottom:10px;margin-left:0px;\"><h1 class=\"title-heading-left fusion-responsive-typography-calculated\" style=\"margin:0;--fontSize:34;line-height:1.4;\">Les Pens\u00e9es de Pallus<\/h1><\/div><p><strong>La r\u00e9volution d\u2019un grand classique<\/strong><\/p>\n<p>Cravant-les coteaux, fort de son terroir exceptionnel, de son coteau expos\u00e9 id\u00e9alement et de ses vignes anciennes? au patrimoine ancestral, est la fine fleur des vins de Chinon.<\/p>\n<p>Les Pens\u00e9es de Pallus sont issues des meilleures vignes de ce terroir.<br>\nLa Cuv\u00e9e a longtemps \u00e9t\u00e9 le fin cru des vins de Chinon.<\/p>\n<p>En 2013, Bertrand Sourdais par soucie de qualit\u00e9 et de perfectionnisme, d\u00e9cide de r\u00e9volutionner cette cuv\u00e9e pourtant incontournable en se concentrant uniquement sur les vignes rares du flanc de coteaux (quelques hectares). Le vin d\u2019assemblage devient un vin parcellaire et s\u2019exprimera par une incroyable fulgurance en bouche et une tenue jusqu\u2019ici in\u00e9gal\u00e9e.<\/p>\n<p>La qualit\u00e9 du sol sablo-calcaire, l\u2019ensoleillement du coteaux, le travaille de vinification fait d\u00e9sormais des \u00ab?Pens\u00e9es de Pallus?\u00bb, le premier cru du Domaine!<\/p>\n<p><strong style=\"font-weight: bold;\">Fiche technique:<\/strong><\/p>\n<p>Vigne de la commune de Cravant les Coteaux<br>\nC\u00e9page : cabernet franc<br>\nParcelle de vigne : terrasse de mi-coteaux sur le lieu-dit \u00ab Pallus \u00bb<br>\nSols : sablo caillouteux sur dalle calcaire<br>\nCulture : biodynamie<br>\nRendement moyen : 34hl\/ hectare<br>\nFermentation et mac\u00e9ration 21 jours en cuve b\u00e9ton avec levures indig\u00e8nes<br>\nElevage de 12 mois en f\u00fbts bourguignons et 6 mois en cuve b\u00e9ton<\/p><div class=\"fusion-clearfix\"><\/div><\/div><\/div><\/div><\/div>\n","protected":false},"excerpt":{"rendered":"","protected":false},"author":1,"featured_media":0,"parent":1295,"menu_order":0,"comment_status":"closed","ping_status":"closed","template":"","meta":{"footnotes":""},"class_list":["post-2986","page","type-page","status-publish","hentry"],"_links":{"self":[{"href":"https:\/\/www.bertrandsourdais.com\/fr\/wp-json\/wp\/v2\/pages\/2986"}],"collection":[{"href":"https:\/\/www.bertrandsourdais.com\/fr\/wp-json\/wp\/v2\/pages"}],"about":[{"href":"https:\/\/www.bertrandsourdais.com\/fr\/wp-json\/wp\/v2\/types\/page"}],"author":[{"embeddable":true,"href":"https:\/\/www.bertrandsourdais.com\/fr\/wp-json\/wp\/v2\/users\/1"}],"replies":[{"embeddable":true,"href":"https:\/\/www.bertrandsourdais.com\/fr\/wp-json\/wp\/v2\/comments?post=2986"}],"version-history":[{"count":5,"href":"https:\/\/www.bertrandsourdais.com\/fr\/wp-json\/wp\/v2\/pages\/2986\/revisions"}],"predecessor-version":[{"id":3033,"href":"https:\/\/www.bertrandsourdais.com\/fr\/wp-json\/wp\/v2\/pages\/2986\/revisions\/3033"}],"up":[{"embeddable":true,"href":"https:\/\/www.bertrandsourdais.com\/fr\/wp-json\/wp\/v2\/pages\/1295"}],"wp:attachment":[{"href":"https:\/\/www.bertrandsourdais.com\/fr\/wp-json\/wp\/v2\/media?parent=2986"}],"curies":[{"name":"wp","href":"https:\/\/api.w.org\/{rel}","templated":true}]}}