{"id":3019,"date":"2022-08-12T12:45:13","date_gmt":"2022-08-12T12:45:13","guid":{"rendered":"https:\/\/www.bertrandsourdais.com\/domaine-de-pallus\/les-vins\/cabernet-francf\/"},"modified":"2022-08-12T13:18:47","modified_gmt":"2022-08-12T13:18:47","slug":"cabernet-franc","status":"publish","type":"page","link":"https:\/\/www.bertrandsourdais.com\/fr\/domaine-de-pallus\/les-vins\/cabernet-franc\/","title":{"rendered":"Cabernet Franc"},"content":{"rendered":"<div class=\"fusion-fullwidth fullwidth-box fusion-builder-row-1 fusion-flex-container nonhundred-percent-fullwidth non-hundred-percent-height-scrolling\" style=\"background-color: rgba(255,255,255,0);background-position: center center;background-repeat: no-repeat;border-width: 0px 0px 0px 0px;border-color:#eae9e9;border-style:solid;\" ><div class=\"fusion-builder-row fusion-row fusion-flex-align-items-flex-start\" style=\"max-width:1144px;margin-left: calc(-4% \/ 2 );margin-right: calc(-4% \/ 2 );\"><div class=\"fusion-layout-column fusion_builder_column fusion-builder-column-0 fusion_builder_column_1_3 1_3 fusion-flex-column\"><div class=\"fusion-column-wrapper fusion-flex-justify-content-flex-start fusion-content-layout-column\" style=\"background-position:left top;background-repeat:no-repeat;-webkit-background-size:cover;-moz-background-size:cover;-o-background-size:cover;background-size:cover;padding: 0px 0px 0px 0px;\"><div ><span class=\" fusion-imageframe imageframe-none imageframe-1 hover-type-none\"><img decoding=\"async\" width=\"200\" height=\"573\" title=\"Domaine de Pallus Cabernet Franc\" src=\"https:\/\/www.bertrandsourdais.com\/wp-content\/uploads\/2022\/08\/Domaine-de-Pallus-Cabernet-Franc-200x573.png\" alt class=\"img-responsive wp-image-2916\" srcset=\"https:\/\/www.bertrandsourdais.com\/wp-content\/uploads\/2022\/08\/Domaine-de-Pallus-Cabernet-Franc-200x573.png 200w, https:\/\/www.bertrandsourdais.com\/wp-content\/uploads\/2022\/08\/Domaine-de-Pallus-Cabernet-Franc.png 400w\" sizes=\"(max-width: 1024px) 100vw, (max-width: 640px) 100vw, 200px\" \/><\/span><\/div><\/div><style type=\"text\/css\">.fusion-body .fusion-builder-column-0{width:33.333333333333% !important;margin-top : 0px;margin-bottom : 20px;}.fusion-builder-column-0 > .fusion-column-wrapper {padding-top : 0px !important;padding-right : 0px !important;margin-right : 5.76%;padding-bottom : 0px !important;padding-left : 0px !important;margin-left : 5.76%;}@media only screen and (max-width:1024px) {.fusion-body .fusion-builder-column-0{width:100% !important;order : 0;}.fusion-builder-column-0 > .fusion-column-wrapper {margin-right : 1.92%;margin-left : 1.92%;}}@media only screen and (max-width:640px) {.fusion-body .fusion-builder-column-0{width:100% !important;order : 0;}.fusion-builder-column-0 > .fusion-column-wrapper {margin-right : 1.92%;margin-left : 1.92%;}}<\/style><\/div><div class=\"fusion-layout-column fusion_builder_column fusion-builder-column-1 fusion_builder_column_2_3 2_3 fusion-flex-column\"><div class=\"fusion-column-wrapper fusion-flex-justify-content-flex-start fusion-content-layout-column\" style=\"background-position:left top;background-repeat:no-repeat;-webkit-background-size:cover;-moz-background-size:cover;-o-background-size:cover;background-size:cover;padding: 0px 0px 0px 0px;\"><style type=\"text\/css\">@media only screen and (max-width:1024px) {.fusion-title.fusion-title-1{margin-top:0px!important; margin-right:0px!important;margin-bottom:10px!important;margin-left:0px!important;}}@media only screen and (max-width:640px) {.fusion-title.fusion-title-1{margin-top:10px!important; margin-right:0px!important;margin-bottom:10px!important; margin-left:0px!important;}}<\/style><div class=\"fusion-title title fusion-title-1 fusion-title-text fusion-title-size-one\" style=\"margin-top:0px;margin-right:0px;margin-bottom:10px;margin-left:0px;\"><div class=\"title-sep-container title-sep-container-left fusion-no-large-visibility fusion-no-medium-visibility fusion-no-small-visibility\"><div class=\"title-sep sep-double sep-solid\" style=\"border-color:#e0dede;\"><\/div><\/div><span class=\"awb-title-spacer fusion-no-large-visibility fusion-no-medium-visibility fusion-no-small-visibility\"><\/span><h1 class=\"title-heading-left fusion-responsive-typography-calculated\" style=\"margin:0;--fontSize:34;line-height:1.4;\"><strong>Domaine de Pallus Cabernet Franc 2017<\/strong><\/h1><span class=\"awb-title-spacer\"><\/span><div class=\"title-sep-container title-sep-container-right\"><div class=\"title-sep sep-double sep-solid\" style=\"border-color:#e0dede;\"><\/div><\/div><\/div><strong>Le c\u00e9page historique\u00a0: cabernet franc<\/strong>\n\nLe cabernet franc aurait pour origine le pays basque espagnol et serait rapport\u00e9 par les p\u00e8lerins\u00a0 de retour de Saint-Jacques-de-Compostelle dans les Landes du c\u00f4t\u00e9 des villages de \u00ab\u00a0Messanges\u00a0\u00bb et \u00ab\u00a0Cap-Breton\u00a0\u00bb (autre nom du c\u00e9page).Il remonta les oc\u00e9ans et la Loire pour s\u2019implanter en Touraine.\n\nOn retrouva sa trace en 1151 \u00e0 l\u2019Abbaye de Bourgueil et s\u2019installe naturellement \u00e0 Chinon. Depuis mille ans, le cabernet franc r\u00e8gne en ma\u00eetre dans la vall\u00e9e des rois. Malgr\u00e9 les tentatives de mise en place de nouveaux c\u00e9pages, on le pr\u00e9f\u00e9ra toujours aux autres et ne sera jamais d\u00e9tr\u00f4n\u00e9. Le cabernet franc est le seul capable \u00e0 interpr\u00e9ter les sols et le climat lig\u00e9rien, ce qui fait de lui le c\u00e9page historique des meilleurs vins de Chinon.\n\nLa tendresse et la fraicheur\u00a0 de la cuv\u00e9e \u00ab\u00a0Cabernet franc\u00a0\u00bb se partagera en terrasse entre amis mais aussi par son aspec floral et \u00e9pic\u00e9 autour d\u2019une table devant les meilleurs mets Rabelaisien ch\u00e8vre et Sainte Maure et rillons de Tous.\n\nAvec cette cuv\u00e9e le Domaine de Pallus r\u00e9v\u00e8le le charme et le caract\u00e8re historique du cabernet franc ainsi que le savoir-faire de la maison depuis 1889.\n\n<strong>Fiche technique\u00a0:<\/strong>\n\nLa cuv\u00e9e\u00a0 Cabernet Franc est issue de parcelles de jeune vigne dense 8000 pied \/hectare plant\u00e9es en s\u00e9lection massale provenant du Domaine de Pallus ainsi que du Domaine des Ouches \u00e0 Bourgueil et du Clos Rougeard \u00e0 Saumur Champigny.\n\n<strong>\u00a0\u00a0\u00a0\u00a0\u00a0\u00a0\u00a0\u00a0\u00a0\u00a0\u00a0\u00a0\u00a0\u00a0\u00a0\u00a0\u00a0\u00a0\u00a0\u00a0\u00a0\u00a0\u00a0\u00a0\u00a0\u00a0\u00a0\u00a0\u00a0\u00a0\u00a0\u00a0\u00a0\u00a0\u00a0\u00a0\u00a0\u00a0\u00a0\u00a0\u00a0\u00a0\u00a0\u00a0\u00a0\u00a0\u00a0\u00a0\u00a0\u00a0\u00a0\u00a0\u00a0\u00a0\u00a0\u00a0\u00a0\u00a0\u00a0\u00a0\u00a0\u00a0\u00a0\u00a0\u00a0\u00a0\u00a0\u00a0\u00a0\u00a0\u00a0\u00a0\u00a0\u00a0\u00a0\u00a0\u00a0\u00a0\u00a0\u00a0\u00a0\u00a0\u00a0\u00a0\u00a0\u00a0\u00a0\u00a0\u00a0\u00a0\u00a0\u00a0\u00a0\u00a0\u00a0\u00a0\u00a0\u00a0\u00a0\u00a0\u00a0\u00a0\u00a0\u00a0\u00a0\u00a0\u00a0\u00a0\u00a0\u00a0\u00a0\u00a0\u00a0\u00a0\u00a0\u00a0\u00a0\u00a0\u00a0\u00a0\u00a0\u00a0\u00a0\u00a0\u00a0 <\/strong>Parcelle\u00a0: autour du Domaine 2.70 hectares\n\nC\u00e9page\u00a0: cabernet franc\n\nSol\u00a0: Coteaux sablonneux calcaire\n\nCulture biodynamique et vendange manuelle\n\nVinification\n<ul>\n \t<li>Mac\u00e9ration de 8 jours en cuve b\u00e9ton<\/li>\n \t<li>Levure indig\u00e8nes<\/li>\n \t<li>Fermentation alcoolique \u00e0 basse temp\u00e9rature<\/li>\n \t<li>Elevage en barrique 6 mois<\/li>\n<\/ul>\nRendement moyen\u00a0: 40 hl\/hectare<\/div><style type=\"text\/css\">.fusion-body .fusion-builder-column-1{width:66.666666666667% !important;margin-top : 0px;margin-bottom : 20px;}.fusion-builder-column-1 > .fusion-column-wrapper {padding-top : 0px !important;padding-right : 0px !important;margin-right : 2.88%;padding-bottom : 0px !important;padding-left : 0px !important;margin-left : 2.88%;}@media only screen and (max-width:1024px) {.fusion-body .fusion-builder-column-1{width:100% !important;order : 0;}.fusion-builder-column-1 > .fusion-column-wrapper {margin-right : 1.92%;margin-left : 1.92%;}}@media only screen and (max-width:640px) {.fusion-body .fusion-builder-column-1{width:100% !important;order : 0;}.fusion-builder-column-1 > .fusion-column-wrapper {margin-right : 1.92%;margin-left : 1.92%;}}<\/style><\/div><\/div><style type=\"text\/css\">.fusion-body .fusion-flex-container.fusion-builder-row-1{ padding-top : 0px;margin-top : 0px;padding-right : 0px;padding-bottom : 0px;margin-bottom : 0px;padding-left : 0px;}<\/style><\/div>\n","protected":false},"excerpt":{"rendered":"","protected":false},"author":1,"featured_media":0,"parent":1295,"menu_order":0,"comment_status":"closed","ping_status":"closed","template":"","meta":{"footnotes":""},"class_list":["post-3019","page","type-page","status-publish","hentry"],"_links":{"self":[{"href":"https:\/\/www.bertrandsourdais.com\/fr\/wp-json\/wp\/v2\/pages\/3019"}],"collection":[{"href":"https:\/\/www.bertrandsourdais.com\/fr\/wp-json\/wp\/v2\/pages"}],"about":[{"href":"https:\/\/www.bertrandsourdais.com\/fr\/wp-json\/wp\/v2\/types\/page"}],"author":[{"embeddable":true,"href":"https:\/\/www.bertrandsourdais.com\/fr\/wp-json\/wp\/v2\/users\/1"}],"replies":[{"embeddable":true,"href":"https:\/\/www.bertrandsourdais.com\/fr\/wp-json\/wp\/v2\/comments?post=3019"}],"version-history":[{"count":6,"href":"https:\/\/www.bertrandsourdais.com\/fr\/wp-json\/wp\/v2\/pages\/3019\/revisions"}],"predecessor-version":[{"id":3027,"href":"https:\/\/www.bertrandsourdais.com\/fr\/wp-json\/wp\/v2\/pages\/3019\/revisions\/3027"}],"up":[{"embeddable":true,"href":"https:\/\/www.bertrandsourdais.com\/fr\/wp-json\/wp\/v2\/pages\/1295"}],"wp:attachment":[{"href":"https:\/\/www.bertrandsourdais.com\/fr\/wp-json\/wp\/v2\/media?parent=3019"}],"curies":[{"name":"wp","href":"https:\/\/api.w.org\/{rel}","templated":true}]}}